{"id":19579,"date":"2026-01-15T17:49:20","date_gmt":"2026-01-15T15:49:20","guid":{"rendered":"https:\/\/zbranebudai.sk\/?post_type=product&#038;p=19579"},"modified":"2026-01-15T19:59:14","modified_gmt":"2026-01-15T17:59:14","slug":"deerhunter-merino-gyapju-zokni-art-zold-merino-gyapju-vadasz-zokni","status":"publish","type":"product","link":"https:\/\/zbranebudai.sk\/hu\/product\/deerhunter-merino-wool-socks-art-green-lovecke-ponozky-z-merino-vlny\/","title":{"rendered":"Deerhunter Merino Wool Socks Art Green merin\u00f3 gyapj\u00fa vad\u00e1sz zokni"},"content":{"rendered":"<p><strong>Deerhunter Merino Wool Socks Art Green merin\u00f3 gyapj\u00fa vad\u00e1sz zokni<\/strong>\u00a0eg\u00e9sz napos k\u00e9nyelmet, meleget \u00e9s tart\u00f3ss\u00e1got biztos\u00edt minden vad\u00e1szkalandhoz. A magas merin\u00f3gyapj\u00fa-tartalom seg\u00edt szab\u00e1lyozni a h\u0151m\u00e9rs\u00e9kletet, ellen\u00e1ll a szagoknak, \u00e9s sz\u00e1razon \u00e9s k\u00e9nyelmesen tart m\u00e9g v\u00e1ltoz\u00f3 k\u00f6r\u00fclm\u00e9nyek k\u00f6z\u00f6tt is. Hossz\u00fa l\u00e1bujj\u00e1nak k\u00f6sz\u00f6nhet\u0151en minden t\u00edpus\u00fa vad\u00e1szcsizm\u00e1hoz ide\u00e1lis, m\u00edg a frott\u00edrbels\u0151 puhas\u00e1got \u00e9s \u00fct\u00e9scsillap\u00edt\u00e1st biztos\u00edt, a bord\u00e1zott bolt\u00edves r\u00e9sz pedig stabil illeszked\u00e9st biztos\u00edt hossz\u00fa s\u00e9t\u00e1k sor\u00e1n is.<\/p>\n<div>\n<h2>Term\u00e9k param\u00e9terek<\/h2>\n<\/div>\n<ul>\n<li>Termoregul\u00e1l\u00f3 \u00e9s szag\u00e1ll\u00f3 merin\u00f3gyapj\u00fa<\/li>\n<li>Frott\u00edr bels\u0151 a k\u00e9nyelem\u00e9rt \u00e9s az \u00fct\u00e9scsillap\u00edt\u00e1s\u00e9rt<\/li>\n<li>Bord\u00e1zott boltozati al\u00e1t\u00e1maszt\u00e1s a biztons\u00e1gos illeszked\u00e9s\u00e9rt<\/li>\n<\/ul>","protected":false},"excerpt":{"rendered":"<p>A Deerhunter Merino Wool Socks Art Green uniszex vad\u00e1sz zokni magas merin\u00f3 gyapj\u00fa tartalm\u00e1nak k\u00f6sz\u00f6nhet\u0151en h\u0151szab\u00e1lyoz\u00f3, szag\u00e1ll\u00f3 \u00e9s sz\u00e1raz, komfortos \u00e9rzetet ad hossz\u00fa visel\u00e9s sor\u00e1n is. Hossz\u00fa sz\u00e1ra, bels\u0151 frott\u00edr kialak\u00edt\u00e1sa \u00e9s bord\u00e1zott l\u00e1bboltozati r\u00e9sze k\u00e9nyelmes, stabil illeszked\u00e9st biztos\u00edt minden t\u00edpus\u00fa vad\u00e1szbakancshoz.<\/p>","protected":false},"featured_media":19642,"template":"","meta":{"_gspb_post_css":""},"product_brand":[],"product_cat":[2320],"product_tag":[2322,2534],"class_list":{"0":"post-19579","1":"product","2":"type-product","3":"status-publish","4":"has-post-thumbnail","6":"product_cat-doplnky-obuv-a-oblecenie","7":"product_tag-deerhunter","8":"product_tag-merino-wool-socks","10":"first","11":"instock","12":"taxable","13":"shipping-taxable","14":"purchasable","15":"product-type-variable","16":"has-default-attributes"},"ct_brands":[],"_links":{"self":[{"href":"https:\/\/zbranebudai.sk\/hu\/wp-json\/wp\/v2\/product\/19579","targetHints":{"allow":["GET"]}}],"collection":[{"href":"https:\/\/zbranebudai.sk\/hu\/wp-json\/wp\/v2\/product"}],"about":[{"href":"https:\/\/zbranebudai.sk\/hu\/wp-json\/wp\/v2\/types\/product"}],"wp:featuredmedia":[{"embeddable":true,"href":"https:\/\/zbranebudai.sk\/hu\/wp-json\/wp\/v2\/media\/19642"}],"wp:attachment":[{"href":"https:\/\/zbranebudai.sk\/hu\/wp-json\/wp\/v2\/media?parent=19579"}],"wp:term":[{"taxonomy":"product_brand","embeddable":true,"href":"https:\/\/zbranebudai.sk\/hu\/wp-json\/wp\/v2\/product_brand?post=19579"},{"taxonomy":"product_cat","embeddable":true,"href":"https:\/\/zbranebudai.sk\/hu\/wp-json\/wp\/v2\/product_cat?post=19579"},{"taxonomy":"product_tag","embeddable":true,"href":"https:\/\/zbranebudai.sk\/hu\/wp-json\/wp\/v2\/product_tag?post=19579"}],"curies":[{"name":"wp","href":"https:\/\/api.w.org\/{rel}","templated":true}]}}