{"id":19577,"date":"2026-01-15T17:49:19","date_gmt":"2026-01-15T15:49:19","guid":{"rendered":"https:\/\/zbranebudai.sk\/?post_type=product&#038;p=19577"},"modified":"2026-01-15T19:56:35","modified_gmt":"2026-01-15T17:56:35","slug":"deerhunter-lady-raven-kesztyu-elmwood-noi-vadaszkesztyu","status":"publish","type":"product","link":"https:\/\/zbranebudai.sk\/hu\/product\/deerhunter-lady-raven-gloves-elmwood-damske-lovecke-rukavice\/","title":{"rendered":"Deerhunter Lady Raven Gloves Elmwood n\u0151i vad\u00e1szkeszty\u0171"},"content":{"rendered":"<p><strong>Deerhunter Lady Raven Gloves Elmwood n\u0151i vad\u00e1szkeszty\u0171<\/strong>\u00a0olyan n\u0151k sz\u00e1m\u00e1ra k\u00e9sz\u00fcltek, akiknek megb\u00edzhat\u00f3 melegs\u00e9gre, k\u00e9nyelemre \u00e9s k\u00e9zv\u00e9delemre van sz\u00fcks\u00e9g\u00fck a terepen. A Deerhunter Lady Raven keszty\u0171ket kifejezetten n\u0151i l\u00f6v\u00e9szek sz\u00e1m\u00e1ra tervezt\u00e9k, de emellett sokoldal\u00faan felhaszn\u00e1lhat\u00f3ak, \u00e9s minden szabadt\u00e9ri sporthoz tov\u00e1bbi v\u00e9delmet ny\u00fajtanak. A meger\u0151s\u00edtett teny\u00e9r jobb fog\u00e1st biztos\u00edt, m\u00edg a gum\u00edrozott csukl\u00f3 \u00e9s a cipz\u00e1ras mandzsetta biztons\u00e1gos illeszked\u00e9st biztos\u00edt, amit a mutat\u00f3ujj rugalmas anyaga eg\u00e9sz\u00edt ki a k\u00e9nyelmes ravaszkezel\u00e9s \u00e9rdek\u00e9ben.<\/p>\n<div>\n<h2>Term\u00e9k param\u00e9terek<\/h2>\n<\/div>\n<ul>\n<li>\u00c1ll\u00edthat\u00f3 gum\u00edrozott csukl\u00f3r\u00e9sz<\/li>\n<li>Meger\u0151s\u00edtett teny\u00e9r \u00e9s h\u00fcvelykujj ter\u00fclet a jobb fog\u00e1s \u00e9rdek\u00e9ben<\/li>\n<li>Cipz\u00e1r a mandzsett\u00e1n a m\u00e9g jobb illeszked\u00e9s\u00e9rt<\/li>\n<li>Rugalmas anyag a mutat\u00f3ujjon a k\u00e9nyelmesebb l\u00f6v\u00e9s \u00e9rdek\u00e9ben<\/li>\n<\/ul>","protected":false},"excerpt":{"rendered":"<p>A Deerhunter Lady Raven Gloves Elmwood n\u0151i vad\u00e1szkeszty\u0171 megb\u00edzhat\u00f3 meleget, k\u00e9nyelmet \u00e9s k\u00e9zv\u00e9delmet biztos\u00edt a terepen, kifejezetten l\u00f6v\u0151 h\u00f6lgyek ig\u00e9nyeire szabva. Meger\u0151s\u00edtett teny\u00e9rr\u00e9sze, \u00e1ll\u00edthat\u00f3, gum\u00edrozott csukl\u00f3r\u00e9sze, cipz\u00e1ras mandzsett\u00e1ja \u00e9s rugalmas mutat\u00f3ujja stabil fog\u00e1st \u00e9s k\u00e9nyelmes ravaszkezel\u00e9st tesz lehet\u0151v\u00e9 minden szabadt\u00e9ri tev\u00e9kenys\u00e9g sor\u00e1n.<\/p>","protected":false},"featured_media":19639,"template":"","meta":{"_gspb_post_css":""},"product_brand":[],"product_cat":[2320],"product_tag":[2322,2532],"class_list":{"0":"post-19577","1":"product","2":"type-product","3":"status-publish","4":"has-post-thumbnail","6":"product_cat-doplnky-obuv-a-oblecenie","7":"product_tag-deerhunter","8":"product_tag-lady-raven-gloves","10":"first","11":"instock","12":"taxable","13":"shipping-taxable","14":"purchasable","15":"product-type-variable","16":"has-default-attributes"},"ct_brands":[],"_links":{"self":[{"href":"https:\/\/zbranebudai.sk\/hu\/wp-json\/wp\/v2\/product\/19577","targetHints":{"allow":["GET"]}}],"collection":[{"href":"https:\/\/zbranebudai.sk\/hu\/wp-json\/wp\/v2\/product"}],"about":[{"href":"https:\/\/zbranebudai.sk\/hu\/wp-json\/wp\/v2\/types\/product"}],"wp:featuredmedia":[{"embeddable":true,"href":"https:\/\/zbranebudai.sk\/hu\/wp-json\/wp\/v2\/media\/19639"}],"wp:attachment":[{"href":"https:\/\/zbranebudai.sk\/hu\/wp-json\/wp\/v2\/media?parent=19577"}],"wp:term":[{"taxonomy":"product_brand","embeddable":true,"href":"https:\/\/zbranebudai.sk\/hu\/wp-json\/wp\/v2\/product_brand?post=19577"},{"taxonomy":"product_cat","embeddable":true,"href":"https:\/\/zbranebudai.sk\/hu\/wp-json\/wp\/v2\/product_cat?post=19577"},{"taxonomy":"product_tag","embeddable":true,"href":"https:\/\/zbranebudai.sk\/hu\/wp-json\/wp\/v2\/product_tag?post=19577"}],"curies":[{"name":"wp","href":"https:\/\/api.w.org\/{rel}","templated":true}]}}