{"id":19569,"date":"2026-01-15T17:49:18","date_gmt":"2026-01-15T15:49:18","guid":{"rendered":"https:\/\/zbranebudai.sk\/?post_type=product&#038;p=19569"},"modified":"2026-01-15T20:21:06","modified_gmt":"2026-01-15T18:21:06","slug":"deerhunter-recon-kotott-sapka-beluga-kotott-sapka-bordas-mintaval","status":"publish","type":"product","link":"https:\/\/zbranebudai.sk\/hu\/product\/deerhunter-recon-knitted-beanie-beluga-pletena-ciapka-s-rebrovym-vzorom\/","title":{"rendered":"Deerhunter Recon Knitted Beanie Beluga bord\u00e1s k\u00f6t\u00f6tt sapka"},"content":{"rendered":"<p><strong>Deerhunter Recon Knitted Beanie Beluga bord\u00e1s k\u00f6t\u00f6tt sapka<\/strong> 3M\u2122 Thinsulate\u2122 Original szigetel\u00e9ssel k\u00e9sz\u00fclt, hogy hideg id\u0151ben is melegen tartsa a fej\u00e9t.<\/p>\n<h2>Term\u00e9k param\u00e9terek<\/h2>\n<ul>\n<li>K\u00f6t\u00f6tt sapka bord\u00e1s mint\u00e1val<\/li>\n<li>Meleg Thinsulate\u2122 b\u00e9l\u00e9s a sapka alj\u00e1n<\/li>\n<\/ul>","protected":false},"excerpt":{"rendered":"<p>A Deerhunter Recon Knitted Beanie Beluga bord\u00e1s k\u00f6t\u00f6tt sapka als\u00f3 r\u00e9sz\u00e9n tal\u00e1lhat\u00f3 3M\u2122 Thinsulate\u2122 b\u00e9l\u00e9snek k\u00f6sz\u00f6nhet\u0151en megb\u00edzhat\u00f3 meleget biztos\u00edt hideg id\u0151ben. K\u00e9nyelmes, j\u00f3l illeszked\u0151 kialak\u00edt\u00e1sa praktikus v\u00e1laszt\u00e1s vad\u00e1szathoz \u00e9s mindennapi t\u00e9li viselethez.<\/p>","protected":false},"featured_media":19615,"template":"","meta":{"_gspb_post_css":""},"product_brand":[],"product_cat":[2320],"product_tag":[2322,2524],"class_list":{"0":"post-19569","1":"product","2":"type-product","3":"status-publish","4":"has-post-thumbnail","6":"product_cat-doplnky-obuv-a-oblecenie","7":"product_tag-deerhunter","8":"product_tag-recon-knitted-beanie","10":"first","11":"instock","12":"taxable","13":"shipping-taxable","14":"purchasable","15":"product-type-simple"},"ct_brands":[],"_links":{"self":[{"href":"https:\/\/zbranebudai.sk\/hu\/wp-json\/wp\/v2\/product\/19569","targetHints":{"allow":["GET"]}}],"collection":[{"href":"https:\/\/zbranebudai.sk\/hu\/wp-json\/wp\/v2\/product"}],"about":[{"href":"https:\/\/zbranebudai.sk\/hu\/wp-json\/wp\/v2\/types\/product"}],"wp:featuredmedia":[{"embeddable":true,"href":"https:\/\/zbranebudai.sk\/hu\/wp-json\/wp\/v2\/media\/19615"}],"wp:attachment":[{"href":"https:\/\/zbranebudai.sk\/hu\/wp-json\/wp\/v2\/media?parent=19569"}],"wp:term":[{"taxonomy":"product_brand","embeddable":true,"href":"https:\/\/zbranebudai.sk\/hu\/wp-json\/wp\/v2\/product_brand?post=19569"},{"taxonomy":"product_cat","embeddable":true,"href":"https:\/\/zbranebudai.sk\/hu\/wp-json\/wp\/v2\/product_cat?post=19569"},{"taxonomy":"product_tag","embeddable":true,"href":"https:\/\/zbranebudai.sk\/hu\/wp-json\/wp\/v2\/product_tag?post=19569"}],"curies":[{"name":"wp","href":"https:\/\/api.w.org\/{rel}","templated":true}]}}