{"id":19563,"date":"2026-01-15T17:49:16","date_gmt":"2026-01-15T15:49:16","guid":{"rendered":"https:\/\/zbranebudai.sk\/?post_type=product&#038;p=19563"},"modified":"2026-01-15T20:27:38","modified_gmt":"2026-01-15T18:27:38","slug":"deerhunter-silent-nyakcso-multifunkcios-nyakvedo","status":"publish","type":"product","link":"https:\/\/zbranebudai.sk\/hu\/product\/deerhunter-silent-neck-tube-multifunkcny-nakrcnik\/","title":{"rendered":"Deerhunter Silent Neck Tube multifunkci\u00f3s nyakmeleg\u00edt\u0151 cs\u0151s\u00e1l"},"content":{"rendered":"<p><strong>Deerhunter Silent Neck Tube multifunkci\u00f3s nyakmeleg\u00edt\u0151 cs\u0151s\u00e1l<\/strong> speci\u00e1lis, csendes anyagb\u00f3l k\u00e9sz\u00fclt, amely nem z\u00f6r\u00f6g, \u00edgy ide\u00e1lis v\u00e1laszt\u00e1s vad\u00e1szathoz \u00e9s m\u00e1s, csendes mozg\u00e1st ig\u00e9nyl\u0151 tev\u00e9kenys\u00e9gekhez. Ak\u00e1r az erd\u0151ben vad\u00e1szik, ak\u00e1r magaslesben \u00fcl, vagy csak t\u00e9len s\u00e9t\u00e1l, a Silent Neck Tube s\u00e1l szell\u0151z\u0151 h\u00e1l\u00f3s bet\u00e9tekkel nagyfok\u00fa l\u00e9g\u00e1tereszt\u00e9st biztos\u00edt, \u00e9s minden szabadt\u00e9ri tev\u00e9kenys\u00e9g\u00e9n elk\u00eds\u00e9ri. Csendes nyakmeleg\u00edt\u0151k\u00e9nt kellemes meleget biztos\u00edt a h\u0171v\u00f6s ny\u00e1ri est\u00e9ken, balaclavak\u00e9nt viselve pedig megv\u00e9d az id\u0151j\u00e1r\u00e1s viszontags\u00e1gait\u00f3l. Viselheti sapkak\u00e9nt, hogy kihaszn\u00e1lja sokoldal\u00fas\u00e1g\u00e1t, vagy egyszer\u0171en csak arcmaszkk\u00e9nt. B\u00e1rhogyan is haszn\u00e1lja, a puha, csendes anyag kellemes tapint\u00e1s\u00fa, az alj\u00e1n keskenyebb kialak\u00edt\u00e1s pedig stabil \u00e9s k\u00e9nyelmes illeszked\u00e9st biztos\u00edt - lehet, hogy egyn\u00e9l t\u00f6bbet szeretne.<\/p>\n<div>\n<h2>Term\u00e9k param\u00e9terek<\/h2>\n<\/div>\n<ul>\n<li>Eg\u00e9sz \u00e9vben haszn\u00e1lhat\u00f3, csendes megold\u00e1s<\/li>\n<li>K\u00fcl\u00f6nb\u00f6z\u0151 s\u0171r\u0171s\u00e9g\u0171 h\u00e1l\u00f3bet\u00e9tek a nagy l\u00e9g\u00e1tereszt\u0151 k\u00e9pess\u00e9g \u00e9rdek\u00e9ben<\/li>\n<li>Keskenyebb alap az ergonomikus nyaki illeszked\u00e9s \u00e9rdek\u00e9ben<\/li>\n<\/ul>","protected":false},"excerpt":{"rendered":"<p>A Deerhunter Silent Neck Tube multifunkci\u00f3s nyakmeleg\u00edt\u0151 cs\u0151s\u00e1l nesztelen, nem susog\u00f3 anyagb\u00f3l \u00e9s j\u00f3l szell\u0151z\u0151 h\u00e1l\u00f3s bet\u00e9tekb\u0151l k\u00e9sz\u00fcl, ez\u00e9rt k\u00e9nyelmes \u00e9s diszkr\u00e9t viselet vad\u00e1szathoz \u00e9s m\u00e1s szabadt\u00e9ri tev\u00e9kenys\u00e9gekhez. Eg\u00e9sz \u00e9vben haszn\u00e1lhat\u00f3, viselheti nyakmeleg\u00edt\u0151k\u00e9nt, balaklavak\u00e9nt, sapkak\u00e9nt vagy arcmaszkk\u00e9nt, az als\u00f3, sz\u0171kebb kialak\u00edt\u00e1s pedig stabil, nyakhoz simul\u00f3 illeszked\u00e9st biztos\u00edt.<\/p>","protected":false},"featured_media":19594,"template":"","meta":{"_gspb_post_css":""},"product_brand":[],"product_cat":[2320],"product_tag":[2322,2518],"class_list":{"0":"post-19563","1":"product","2":"type-product","3":"status-publish","4":"has-post-thumbnail","6":"product_cat-doplnky-obuv-a-oblecenie","7":"product_tag-deerhunter","8":"product_tag-silent-neck-tube","10":"first","11":"instock","12":"taxable","13":"shipping-taxable","14":"purchasable","15":"product-type-simple"},"ct_brands":[],"_links":{"self":[{"href":"https:\/\/zbranebudai.sk\/hu\/wp-json\/wp\/v2\/product\/19563","targetHints":{"allow":["GET"]}}],"collection":[{"href":"https:\/\/zbranebudai.sk\/hu\/wp-json\/wp\/v2\/product"}],"about":[{"href":"https:\/\/zbranebudai.sk\/hu\/wp-json\/wp\/v2\/types\/product"}],"wp:featuredmedia":[{"embeddable":true,"href":"https:\/\/zbranebudai.sk\/hu\/wp-json\/wp\/v2\/media\/19594"}],"wp:attachment":[{"href":"https:\/\/zbranebudai.sk\/hu\/wp-json\/wp\/v2\/media?parent=19563"}],"wp:term":[{"taxonomy":"product_brand","embeddable":true,"href":"https:\/\/zbranebudai.sk\/hu\/wp-json\/wp\/v2\/product_brand?post=19563"},{"taxonomy":"product_cat","embeddable":true,"href":"https:\/\/zbranebudai.sk\/hu\/wp-json\/wp\/v2\/product_cat?post=19563"},{"taxonomy":"product_tag","embeddable":true,"href":"https:\/\/zbranebudai.sk\/hu\/wp-json\/wp\/v2\/product_tag?post=19563"}],"curies":[{"name":"wp","href":"https:\/\/api.w.org\/{rel}","templated":true}]}}