{"id":19561,"date":"2026-01-15T17:49:15","date_gmt":"2026-01-15T15:49:15","guid":{"rendered":"https:\/\/zbranebudai.sk\/?post_type=product&#038;p=19561"},"modified":"2026-01-15T19:07:02","modified_gmt":"2026-01-15T17:07:02","slug":"deerhunter-gyapju-nyakcso-microfleece-nyakhuzat","status":"publish","type":"product","link":"https:\/\/zbranebudai.sk\/hu\/product\/deerhunter-fleece-neck-tube-nakrcnik-z-mikrofleecu\/","title":{"rendered":"Deerhunter Fleece Neck Tube pol\u00e1r nyakmeleg\u00edt\u0151 cs\u0151s\u00e1l"},"content":{"rendered":"<p><strong>Deerhunter Fleece Neck Tube pol\u00e1r nyakmeleg\u00edt\u0151 cs\u0151s\u00e1l <\/strong>egy k\u00f6nny\u0171 r\u00e9teg, amely testre szabhat\u00f3 meleget biztos\u00edt. Puha, l\u00e9g\u00e1tereszt\u0151 mikrofleece-b\u0151l k\u00e9sz\u00fclt, egyik oldal\u00e1n anti-pilling kezel\u00e9ssel, \u00e9s k\u00e9nyelmes illeszked\u00e9st biztos\u00edt t\u00e9rfogatn\u00f6vel\u00e9s n\u00e9lk\u00fcl. K\u00f6nnyen feltekerhet\u0151 \u00e9s zsebben t\u00e1rolhat\u00f3, \u00edgy ide\u00e1lis a h\u0171v\u00f6s reggelekre vagy a v\u00e1ltoz\u00e9kony id\u0151j\u00e1r\u00e1sra, amikor hosszabb id\u0151t t\u00f6ltesz a szabadban. Uniszex kivitelben kaphat\u00f3.<\/p>\n<div>\n<h2>Term\u00e9k param\u00e9terek<\/h2>\n<\/div>\n<ul>\n<li>Az egyik oldal z\u00f6ld, a m\u00e1sik narancss\u00e1rga<\/li>\n<li>Puha, l\u00e9g\u00e1tereszt\u0151, ragasztott mikrofleece sz\u00f6vet<\/li>\n<\/ul>","protected":false},"excerpt":{"rendered":"<p>A Fleece Neck Tube pol\u00e1r nyakmeleg\u00edt\u0151 cs\u0151s\u00e1l egy k\u00f6nny\u0171, j\u00f3l szell\u0151z\u0151 mikropol\u00e1r r\u00e9teg, amely megb\u00edzhat\u00f3 meleget biztos\u00edt a nyak sz\u00e1m\u00e1ra hideg, v\u00e1ltoz\u00e9kony id\u0151ben. Kompakt, zsebbe tehet\u0151 kialak\u00edt\u00e1sa \u00e9s z\u00f6ld\u2013narancs, uniszex kivitele miatt praktikus v\u00e1laszt\u00e1s minden szabadt\u00e9ri tev\u00e9kenys\u00e9ghez.<\/p>","protected":false},"featured_media":19591,"template":"","meta":{"_gspb_post_css":""},"product_brand":[],"product_cat":[2320],"product_tag":[2322,2516],"class_list":{"0":"post-19561","1":"product","2":"type-product","3":"status-publish","4":"has-post-thumbnail","6":"product_cat-doplnky-obuv-a-oblecenie","7":"product_tag-deerhunter","8":"product_tag-fleece-neck-tube","10":"first","11":"instock","12":"taxable","13":"shipping-taxable","14":"purchasable","15":"product-type-simple"},"ct_brands":[],"_links":{"self":[{"href":"https:\/\/zbranebudai.sk\/hu\/wp-json\/wp\/v2\/product\/19561","targetHints":{"allow":["GET"]}}],"collection":[{"href":"https:\/\/zbranebudai.sk\/hu\/wp-json\/wp\/v2\/product"}],"about":[{"href":"https:\/\/zbranebudai.sk\/hu\/wp-json\/wp\/v2\/types\/product"}],"wp:featuredmedia":[{"embeddable":true,"href":"https:\/\/zbranebudai.sk\/hu\/wp-json\/wp\/v2\/media\/19591"}],"wp:attachment":[{"href":"https:\/\/zbranebudai.sk\/hu\/wp-json\/wp\/v2\/media?parent=19561"}],"wp:term":[{"taxonomy":"product_brand","embeddable":true,"href":"https:\/\/zbranebudai.sk\/hu\/wp-json\/wp\/v2\/product_brand?post=19561"},{"taxonomy":"product_cat","embeddable":true,"href":"https:\/\/zbranebudai.sk\/hu\/wp-json\/wp\/v2\/product_cat?post=19561"},{"taxonomy":"product_tag","embeddable":true,"href":"https:\/\/zbranebudai.sk\/hu\/wp-json\/wp\/v2\/product_tag?post=19561"}],"curies":[{"name":"wp","href":"https:\/\/api.w.org\/{rel}","templated":true}]}}