{"id":19313,"date":"2026-01-13T23:53:42","date_gmt":"2026-01-13T21:53:42","guid":{"rendered":"https:\/\/zbranebudai.sk\/?post_type=product&#038;p=19313"},"modified":"2026-01-14T12:14:44","modified_gmt":"2026-01-14T10:14:44","slug":"deerhunter-lady-mary-extreme-nadrag-fa-vadasz-nadrag-noknek","status":"publish","type":"product","link":"https:\/\/zbranebudai.sk\/hu\/product\/deerhunter-lady-mary-extreme-trousers-wood-lovecke-nohavice-pre-zeny\/","title":{"rendered":"Deerhunter Lady Mary Extreme Trousers Wood n\u0151i technikai vad\u00e1sznadr\u00e1g"},"content":{"rendered":"<p><strong>Deerhunter Lady Mary Extreme Trousers Wood n\u0151i technikai vad\u00e1sznadr\u00e1g<\/strong>\u00a0kifejezetten olyan n\u0151k sz\u00e1m\u00e1ra k\u00e9sz\u00fcltek, akik akt\u00edvan vad\u00e1sznak extr\u00e9m terepen. Rendk\u00edv\u00fcl er\u0151s, tart\u00f3s \u00e9s meger\u0151s\u00edtett anyaguk a v\u00edzleperget\u0151, sz\u00e9l\u00e1ll\u00f3 \u00e9s v\u00edz\u00e1ll\u00f3 kialak\u00edt\u00e1snak k\u00f6sz\u00f6nhet\u0151en megv\u00e9d a kih\u00edv\u00e1st jelent\u0151 terepviszonyokt\u00f3l \u00e9s a sz\u00e9ls\u0151s\u00e9ges id\u0151j\u00e1r\u00e1si viszonyokt\u00f3l. A gyapj\u00fab\u00f3l k\u00e9sz\u00fclt der\u00e9kp\u00e1nt, a v\u00edz\u00e1ll\u00f3 b\u00e9l\u00e9s \u00e9s a nadr\u00e1g h\u00e1ts\u00f3 r\u00e9sz\u00e9n tal\u00e1lhat\u00f3 szell\u0151z\u0151 cipz\u00e1r biztos\u00edtja a k\u00e9nyelem \u00e9s a szell\u0151z\u00e9s egyens\u00faly\u00e1t, m\u00edg a rugalmas der\u00e9kp\u00e1nt, az el\u0151form\u00e1zott t\u00e9rdek \u00e9s az \u00e1ll\u00edthat\u00f3 nadr\u00e1gv\u00e9gek rugalmas \u00e9s j\u00f3l illeszked\u0151 szab\u00e1st biztos\u00edtanak.<\/p>\n<div>\n<h2>Term\u00e9k param\u00e9terek<\/h2>\n<\/div>\n<ul>\n<li>Mesters\u00e9ges vel\u00far b\u0151r d\u00edsz\u00edt\u00e9sek<\/li>\n<li>Rendk\u00edv\u00fcl er\u0151s \u00e9s tart\u00f3s sz\u00f6vet<\/li>\n<li>Elasztikus der\u00e9kp\u00e1nt<\/li>\n<li>K\u00e9t el\u00fcls\u0151 zseb patenttal<\/li>\n<li>Combzseb rejtett cipz\u00e1rral<\/li>\n<li>Szell\u0151z\u0151 cipz\u00e1r a nadr\u00e1g h\u00e1tulj\u00e1n<\/li>\n<li>Gyapj\u00fa b\u00e9l\u00e9s a nadr\u00e1g fels\u0151 r\u00e9sz\u00e9n<\/li>\n<li>El\u0151re kialak\u00edtott t\u00e9rdfel\u00fclet<\/li>\n<li>\u00c1ll\u00edthat\u00f3 nadr\u00e1gv\u00e9gek \u00f6vekkel \u00e9s t\u00e9p\u0151z\u00e1rral<\/li>\n<li>H\u00e1l\u00f3s b\u00e9l\u00e9s lamin\u00e1lt membr\u00e1nnal<\/li>\n<li>V\u00edz\u00e1ll\u00f3 b\u00e9l\u00e9s a nadr\u00e1g alj\u00e1n<\/li>\n<\/ul>","protected":false},"excerpt":{"rendered":"<p>A Deerhunter Lady Mary Extreme Trousers Wood n\u0151i technikai vad\u00e1sznadr\u00e1g maxim\u00e1lis v\u00e9delmet \u00e9s k\u00e9nyelmet ny\u00fajt neh\u00e9z terepen \u00e9s zord id\u0151j\u00e1r\u00e1sban is. Er\u0151s, v\u00edz\u00e1ll\u00f3 anyaga \u00e9s j\u00f3l szell\u0151z\u0151, h\u00e1l\u00f3s b\u00e9l\u00e9se ide\u00e1lis v\u00e1laszt\u00e1ss\u00e1 teszi intenz\u00edv vad\u00e1szatokhoz \u00e9s hosszabb kinti tart\u00f3zkod\u00e1shoz.<\/p>","protected":false},"featured_media":19388,"template":"","meta":{"_gspb_post_css":""},"product_brand":[],"product_cat":[2369],"product_tag":[2322,2488],"class_list":{"0":"post-19313","1":"product","2":"type-product","3":"status-publish","4":"has-post-thumbnail","6":"product_cat-nohavice","7":"product_tag-deerhunter","8":"product_tag-lady-mary-extreme-trousers","10":"first","11":"instock","12":"taxable","13":"shipping-taxable","14":"purchasable","15":"product-type-variable","16":"has-default-attributes"},"ct_brands":[],"_links":{"self":[{"href":"https:\/\/zbranebudai.sk\/hu\/wp-json\/wp\/v2\/product\/19313","targetHints":{"allow":["GET"]}}],"collection":[{"href":"https:\/\/zbranebudai.sk\/hu\/wp-json\/wp\/v2\/product"}],"about":[{"href":"https:\/\/zbranebudai.sk\/hu\/wp-json\/wp\/v2\/types\/product"}],"wp:featuredmedia":[{"embeddable":true,"href":"https:\/\/zbranebudai.sk\/hu\/wp-json\/wp\/v2\/media\/19388"}],"wp:attachment":[{"href":"https:\/\/zbranebudai.sk\/hu\/wp-json\/wp\/v2\/media?parent=19313"}],"wp:term":[{"taxonomy":"product_brand","embeddable":true,"href":"https:\/\/zbranebudai.sk\/hu\/wp-json\/wp\/v2\/product_brand?post=19313"},{"taxonomy":"product_cat","embeddable":true,"href":"https:\/\/zbranebudai.sk\/hu\/wp-json\/wp\/v2\/product_cat?post=19313"},{"taxonomy":"product_tag","embeddable":true,"href":"https:\/\/zbranebudai.sk\/hu\/wp-json\/wp\/v2\/product_tag?post=19313"}],"curies":[{"name":"wp","href":"https:\/\/api.w.org\/{rel}","templated":true}]}}