{"id":19312,"date":"2026-01-13T23:53:42","date_gmt":"2026-01-13T21:53:42","guid":{"rendered":"https:\/\/zbranebudai.sk\/?post_type=product&#038;p=19312"},"modified":"2026-01-14T12:13:13","modified_gmt":"2026-01-14T10:13:13","slug":"deerhunter-ifjusagi-turanadrag-hickory-gyerek-turanadrag","status":"publish","type":"product","link":"https:\/\/zbranebudai.sk\/hu\/product\/deerhunter-youth-traveler-trousers-hickory-detske-turisticke-nohavice\/","title":{"rendered":"Deerhunter Youth Traveler Trousers Hickory gyerek t\u00faranadr\u00e1g"},"content":{"rendered":"<p><strong>Deerhunter Youth Traveler Trousers Hickory gyerek t\u00faranadr\u00e1g<\/strong> a tavaszi \u00e9s ny\u00e1ri kir\u00e1ndul\u00e1sok kis kalandorai sz\u00e1m\u00e1ra k\u00e9sz\u00fcltek, \u00e9s k\u00f6nny\u0171 pamutkever\u00e9kb\u0151l k\u00e9sz\u00fcltek. Funkcion\u00e1lis kialak\u00edt\u00e1suk \u00e9s a DEERHUNTER-re jellemz\u0151 k\u00e9tir\u00e1ny\u00fa sztreccs anyag optim\u00e1lis mozg\u00e1sszabads\u00e1got biztos\u00edt t\u00far\u00e1z\u00e1s k\u00f6zben, a combzsebek pedig k\u00f6nnyen hozz\u00e1f\u00e9rhet\u0151 t\u00e1rol\u00e1st biztos\u00edtanak. A dupla szeg\u00e9lynek k\u00f6sz\u00f6nhet\u0151en a nadr\u00e1g hossza k\u00f6nnyen \u00e1ll\u00edthat\u00f3, \u00edgy egy\u00fctt n\u0151het gyermek\u00e9vel. A Traveler kollekci\u00f3 f\u00e9rfi \u00e9s n\u0151i v\u00e1ltozatban is kaphat\u00f3, \u00edgy az eg\u00e9sz csal\u00e1d \u00f6sszehangolt \u00f6lt\u00f6z\u00e9kben indulhat \u00fatnak.<\/p>\n<div>\n<h2>Term\u00e9k param\u00e9terek<\/h2>\n<\/div>\n<ul>\n<li>Gombbal \u00e9s bels\u0151 gumival \u00e1ll\u00edthat\u00f3 \u00f6v<\/li>\n<li>K\u00e9t el\u00fcls\u0151 zseb<\/li>\n<li>Jobb combzseb patenttal<\/li>\n<li>Bal combzseb cipz\u00e1rral<\/li>\n<li>A t\u00e9rd el\u0151re form\u00e1zott r\u00e9sze<\/li>\n<li>Dupla szeg\u00e9ly a nadr\u00e1g hossz\u00e1nak be\u00e1ll\u00edt\u00e1s\u00e1hoz<\/li>\n<\/ul>","protected":false},"excerpt":{"rendered":"<p>A Deerhunter Youth Traveler Trousers Hickory gyerek t\u00faranadr\u00e1g k\u00f6nny\u0171, rugalmas \u00e9s k\u00e9nyelmes viselet erdei s\u00e9t\u00e1khoz, kir\u00e1ndul\u00e1sokhoz \u00e9s ny\u00e1ri t\u00e1borokhoz. \u00c1ll\u00edthat\u00f3 hossza \u00e9s praktikusan elhelyezett combzsebei miatt j\u00f3l haszn\u00e1lhat\u00f3 mindennapi outdoor tev\u00e9kenys\u00e9gek sor\u00e1n is.<\/p>","protected":false},"featured_media":19387,"template":"","meta":{"_gspb_post_css":""},"product_brand":[],"product_cat":[2369],"product_tag":[2322,2487],"class_list":{"0":"post-19312","1":"product","2":"type-product","3":"status-publish","4":"has-post-thumbnail","6":"product_cat-nohavice","7":"product_tag-deerhunter","8":"product_tag-youth-traveler-trousers","10":"first","11":"instock","12":"taxable","13":"shipping-taxable","14":"purchasable","15":"product-type-variable","16":"has-default-attributes"},"ct_brands":[],"_links":{"self":[{"href":"https:\/\/zbranebudai.sk\/hu\/wp-json\/wp\/v2\/product\/19312","targetHints":{"allow":["GET"]}}],"collection":[{"href":"https:\/\/zbranebudai.sk\/hu\/wp-json\/wp\/v2\/product"}],"about":[{"href":"https:\/\/zbranebudai.sk\/hu\/wp-json\/wp\/v2\/types\/product"}],"wp:featuredmedia":[{"embeddable":true,"href":"https:\/\/zbranebudai.sk\/hu\/wp-json\/wp\/v2\/media\/19387"}],"wp:attachment":[{"href":"https:\/\/zbranebudai.sk\/hu\/wp-json\/wp\/v2\/media?parent=19312"}],"wp:term":[{"taxonomy":"product_brand","embeddable":true,"href":"https:\/\/zbranebudai.sk\/hu\/wp-json\/wp\/v2\/product_brand?post=19312"},{"taxonomy":"product_cat","embeddable":true,"href":"https:\/\/zbranebudai.sk\/hu\/wp-json\/wp\/v2\/product_cat?post=19312"},{"taxonomy":"product_tag","embeddable":true,"href":"https:\/\/zbranebudai.sk\/hu\/wp-json\/wp\/v2\/product_tag?post=19312"}],"curies":[{"name":"wp","href":"https:\/\/api.w.org\/{rel}","templated":true}]}}