{"id":19309,"date":"2026-01-13T23:53:41","date_gmt":"2026-01-13T21:53:41","guid":{"rendered":"https:\/\/zbranebudai.sk\/?post_type=product&#038;p=19309"},"modified":"2026-01-14T12:03:14","modified_gmt":"2026-01-14T10:03:14","slug":"deerhunter-randall-%c2%bd-cipzaras-kotott-muveszeti-zold-pulover-fel-cipzarral","status":"publish","type":"product","link":"https:\/\/zbranebudai.sk\/hu\/product\/deerhunter-randall-%c2%bd-zip-knit-art-green-pulover-s-polovicnym-zipsom\/","title":{"rendered":"Deerhunter Randall \u00bd-Zip Knit Art Green f\u00e9lcipz\u00e1ras k\u00f6t\u00f6tt pul\u00f3ver"},"content":{"rendered":"<p><strong>Deerhunter Randall \u00bd-Zip Knit Art Green f\u00e9lcipz\u00e1ras k\u00f6t\u00f6tt pul\u00f3ver<\/strong>\u00a0egy akril, pamut, gyapj\u00fa \u00e9s poliamid tart\u00f3s kever\u00e9k\u00e9b\u0151l k\u00e9sz\u00fclt meleg, k\u00f6z\u00e9pr\u00e9teges r\u00e9teg. A durva k\u00f6t\u00f6tt mint\u00e1zat nehezebb, melegebb \u00e9rzetet ad, m\u00edg a f\u00e9lcipz\u00e1r lehet\u0151v\u00e9 teszi a k\u00e9nyelmes h\u0151m\u00e9rs\u00e9klet-szab\u00e1lyoz\u00e1st, a v\u00e1llakon \u00e9s k\u00f6ny\u00f6k\u00f6n tal\u00e1lhat\u00f3 m\u0171szarvasb\u0151r applik\u00e1ci\u00f3k pedig meger\u0151s\u00edtik a nagy ig\u00e9nybev\u00e9telt jelent\u0151 ter\u00fcleteket.<\/p>\n<div>\n<h2>Term\u00e9k param\u00e9terek<\/h2>\n<\/div>\n<ul>\n<li>K\u00f6t\u00e9sminta<\/li>\n<li>K\u00f6t\u00e9s s\u0171r\u0171s\u00e9ggel 7<\/li>\n<li>K\u00f6t\u00f6tt pul\u00f3ver cipz\u00e1rral a nyak\u00e1n\u00e1l<\/li>\n<li>H\u00edmzett log\u00f3 a mellkason<\/li>\n<li>Csere v\u00e1ll- \u00e9s k\u00f6ny\u00f6ktapaszok m\u0171szarvasb\u0151rb\u0151l<\/li>\n<\/ul>","protected":false},"excerpt":{"rendered":"<p>A Deerhunter Randall \u00bd-Zip Knit Art Green f\u00e9lcipz\u00e1ras k\u00f6t\u00f6tt pul\u00f3ver megb\u00edzhat\u00f3 meleget ny\u00fajt hidegebb napokon a terepen \u00e9s pihen\u00e9s k\u00f6zben is. Id\u0151t\u00e1ll\u00f3, outdoor st\u00edlusa \u00e9s tart\u00f3s kivitele miatt kiv\u00e1l\u00f3an haszn\u00e1lhat\u00f3 vad\u00e1szathoz, t\u00far\u00e1z\u00e1shoz \u00e9s h\u00e9tk\u00f6znapi visel\u00e9shez.<\/p>","protected":false},"featured_media":19381,"template":"","meta":{"_gspb_post_css":""},"product_brand":[],"product_cat":[2323],"product_tag":[2322,2484],"class_list":{"0":"post-19309","1":"product","2":"type-product","3":"status-publish","4":"has-post-thumbnail","6":"product_cat-kosele-a-tricka","7":"product_tag-deerhunter","8":"product_tag-randall--zip-knit","10":"first","11":"instock","12":"taxable","13":"shipping-taxable","14":"purchasable","15":"product-type-variable","16":"has-default-attributes"},"ct_brands":[],"_links":{"self":[{"href":"https:\/\/zbranebudai.sk\/hu\/wp-json\/wp\/v2\/product\/19309","targetHints":{"allow":["GET"]}}],"collection":[{"href":"https:\/\/zbranebudai.sk\/hu\/wp-json\/wp\/v2\/product"}],"about":[{"href":"https:\/\/zbranebudai.sk\/hu\/wp-json\/wp\/v2\/types\/product"}],"wp:featuredmedia":[{"embeddable":true,"href":"https:\/\/zbranebudai.sk\/hu\/wp-json\/wp\/v2\/media\/19381"}],"wp:attachment":[{"href":"https:\/\/zbranebudai.sk\/hu\/wp-json\/wp\/v2\/media?parent=19309"}],"wp:term":[{"taxonomy":"product_brand","embeddable":true,"href":"https:\/\/zbranebudai.sk\/hu\/wp-json\/wp\/v2\/product_brand?post=19309"},{"taxonomy":"product_cat","embeddable":true,"href":"https:\/\/zbranebudai.sk\/hu\/wp-json\/wp\/v2\/product_cat?post=19309"},{"taxonomy":"product_tag","embeddable":true,"href":"https:\/\/zbranebudai.sk\/hu\/wp-json\/wp\/v2\/product_tag?post=19309"}],"curies":[{"name":"wp","href":"https:\/\/api.w.org\/{rel}","templated":true}]}}