{"id":19308,"date":"2026-01-13T23:53:41","date_gmt":"2026-01-13T21:53:41","guid":{"rendered":"https:\/\/zbranebudai.sk\/?post_type=product&#038;p=19308"},"modified":"2026-01-14T12:01:15","modified_gmt":"2026-01-14T10:01:15","slug":"deerhunter-matobo-ing-erdo-zold-erdo-zold-ing","status":"publish","type":"product","link":"https:\/\/zbranebudai.sk\/hu\/product\/deerhunter-matobo-shirt-forest-green-lesna-zelena-strecova-kosela\/","title":{"rendered":"A Deerhunter Matobo Shirt Forest Green erd\u0151z\u00f6ld stretch ing"},"content":{"rendered":"<p><strong>A Deerhunter Matobo Shirt Forest Green erd\u0151z\u00f6ld stretch ing<\/strong>\u00a0klasszikus pamut kever\u00e9kb\u0151l \u00e9s regener\u00e1lt poli\u00e9szterb\u0151l k\u00e9sz\u00fclt, \u00e9s a DEERHUNTER k\u00e9tir\u00e1ny\u00fa sztreccs anyag\u00e1t haszn\u00e1lja a nagyobb k\u00e9nyelem \u00e9s mozg\u00e1sszabads\u00e1g \u00e9rdek\u00e9ben. A h\u00e1ton l\u00e9v\u0151 red\u0151k m\u00e9g jobb illeszked\u00e9st biztos\u00edtanak, m\u00edg a k\u00e9t biztons\u00e1gos mellzseb, a rejtett gombos gall\u00e9r \u00e9s a szalaggal felhajtott ujjak a praktikumot \u00e9s a st\u00edlust \u00f6tv\u00f6zik.<\/p>\n<div>\n<h2>Term\u00e9k param\u00e9terek<\/h2>\n<\/div>\n<ul>\n<li>Rejtett gall\u00e9r gombokkal<\/li>\n<li>Az ing el\u00fcls\u0151 r\u00e9sze log\u00f3val \u00e9s nyom\u00f3gombokkal<\/li>\n<li>Mellzseb rejtett cipz\u00e1rral<\/li>\n<li>Mellzseb zsebfed\u0151vel<\/li>\n<li>R\u00e1ncolt h\u00e1tr\u00e9sz a jobb k\u00e9nyelem \u00e9rdek\u00e9ben<\/li>\n<li>Szalagok \u00e9s gombok a felhajtott ujjak r\u00f6gz\u00edt\u00e9s\u00e9re<\/li>\n<\/ul>","protected":false},"excerpt":{"rendered":"<p>A Deerhunter Matobo Shirt Forest Green erd\u0151z\u00f6ld stretch ing k\u00e9nyelmes, j\u00f3l k\u00f6veti a mozg\u00e1st, ez\u00e9rt ide\u00e1lis v\u00e1laszt\u00e1s vad\u00e1szathoz, t\u00far\u00e1z\u00e1shoz \u00e9s h\u00e9tk\u00f6znapi viselethez is. Klasszikus megjelen\u00e9s\u00e9t a praktikus mellzsebek \u00e9s a felgombolhat\u00f3 ujjak teszik teljess\u00e9 egy modern, funkcion\u00e1lis outdoor ingben.<\/p>","protected":false},"featured_media":19373,"template":"","meta":{"_gspb_post_css":""},"product_brand":[],"product_cat":[2323],"product_tag":[2322,2483],"class_list":{"0":"post-19308","1":"product","2":"type-product","3":"status-publish","4":"has-post-thumbnail","6":"product_cat-kosele-a-tricka","7":"product_tag-deerhunter","8":"product_tag-matobo-shirt","10":"first","11":"instock","12":"taxable","13":"shipping-taxable","14":"purchasable","15":"product-type-variable","16":"has-default-attributes"},"ct_brands":[],"_links":{"self":[{"href":"https:\/\/zbranebudai.sk\/hu\/wp-json\/wp\/v2\/product\/19308","targetHints":{"allow":["GET"]}}],"collection":[{"href":"https:\/\/zbranebudai.sk\/hu\/wp-json\/wp\/v2\/product"}],"about":[{"href":"https:\/\/zbranebudai.sk\/hu\/wp-json\/wp\/v2\/types\/product"}],"wp:featuredmedia":[{"embeddable":true,"href":"https:\/\/zbranebudai.sk\/hu\/wp-json\/wp\/v2\/media\/19373"}],"wp:attachment":[{"href":"https:\/\/zbranebudai.sk\/hu\/wp-json\/wp\/v2\/media?parent=19308"}],"wp:term":[{"taxonomy":"product_brand","embeddable":true,"href":"https:\/\/zbranebudai.sk\/hu\/wp-json\/wp\/v2\/product_brand?post=19308"},{"taxonomy":"product_cat","embeddable":true,"href":"https:\/\/zbranebudai.sk\/hu\/wp-json\/wp\/v2\/product_cat?post=19308"},{"taxonomy":"product_tag","embeddable":true,"href":"https:\/\/zbranebudai.sk\/hu\/wp-json\/wp\/v2\/product_tag?post=19308"}],"curies":[{"name":"wp","href":"https:\/\/api.w.org\/{rel}","templated":true}]}}