{"id":19306,"date":"2026-01-13T23:53:41","date_gmt":"2026-01-13T21:53:41","guid":{"rendered":"https:\/\/zbranebudai.sk\/?post_type=product&#038;p=19306"},"modified":"2026-01-14T11:57:51","modified_gmt":"2026-01-14T09:57:51","slug":"deerhunter-robert-ing-barna-kockas-barna-kockas-flanel-ing","status":"publish","type":"product","link":"https:\/\/zbranebudai.sk\/hu\/product\/deerhunter-robert-shirt-brown-check-hneda-kockovana-flanelova-kosela\/","title":{"rendered":"Deerhunter Robert Shirt Brown Check barna kock\u00e1s flanel ing"},"content":{"rendered":"<p><strong>Deerhunter Robert Shirt Brown Check barna kock\u00e1s flanel ing<\/strong>\u00a0puha pamut flanelb\u0151l k\u00e9sz\u00fclt, amely garant\u00e1lja a k\u00e9nyelmet a vad\u00e1szat el\u0151tt, alatt \u00e9s ut\u00e1n. Klasszikus, gombokkal ell\u00e1tott gall\u00e9rral \u00e9s k\u00e9t mellzsebbel rendelkezik, patentokkal \u00e9s gombokkal. Az anyag meleg, de l\u00e9g\u00e1tereszt\u0151, \u00edgy ide\u00e1lis alap- vagy k\u00f6z\u00e9pr\u00e9tegk\u00e9nt egy kab\u00e1t alatt. A h\u00e1ton l\u00e9v\u0151 red\u0151k nagyobb mozg\u00e1sszabads\u00e1got biztos\u00edtanak, \u00edgy k\u00f6nnyebb a fegyvert a v\u00e1ll\u00e1ra emelni \u00e9s a felszerel\u00e9st hordani.<\/p>\n<div>\n<h2>Term\u00e9k param\u00e9terek<\/h2>\n<\/div>\n<ul>\n<li>Puha flanel ing<\/li>\n<li>Gombos gall\u00e9r<\/li>\n<li>K\u00e9t mellkasi zseb patentokkal \u00e9s gombokkal<\/li>\n<li>R\u00e1ncolt h\u00e1tr\u00e9sz a jobb k\u00e9nyelem \u00e9rdek\u00e9ben<\/li>\n<\/ul>","protected":false},"excerpt":{"rendered":"<p>A Deerhunter Robert Shirt Brown Check barna kock\u00e1s flanel ing meleg, m\u00e9gis l\u00e9g\u00e1tereszt\u0151 viselet, amely j\u00f3l teljes\u00edt a terepen \u00e9s a pihen\u0151id\u0151ben egyar\u00e1nt. Hagyom\u00e1nyos megjelen\u00e9se \u00e9s praktikus r\u00e9szletei miatt k\u00f6nnyen beilleszthet\u0151 vad\u00e1sz- \u00e9s h\u00e9tk\u00f6znapi ruhat\u00e1r\u00e1ba is.<\/p>","protected":false},"featured_media":19369,"template":"","meta":{"_gspb_post_css":""},"product_brand":[],"product_cat":[2323],"product_tag":[2322,2481],"class_list":{"0":"post-19306","1":"product","2":"type-product","3":"status-publish","4":"has-post-thumbnail","6":"product_cat-kosele-a-tricka","7":"product_tag-deerhunter","8":"product_tag-robert-shirt","10":"first","11":"instock","12":"taxable","13":"shipping-taxable","14":"purchasable","15":"product-type-variable","16":"has-default-attributes"},"ct_brands":[],"_links":{"self":[{"href":"https:\/\/zbranebudai.sk\/hu\/wp-json\/wp\/v2\/product\/19306","targetHints":{"allow":["GET"]}}],"collection":[{"href":"https:\/\/zbranebudai.sk\/hu\/wp-json\/wp\/v2\/product"}],"about":[{"href":"https:\/\/zbranebudai.sk\/hu\/wp-json\/wp\/v2\/types\/product"}],"wp:featuredmedia":[{"embeddable":true,"href":"https:\/\/zbranebudai.sk\/hu\/wp-json\/wp\/v2\/media\/19369"}],"wp:attachment":[{"href":"https:\/\/zbranebudai.sk\/hu\/wp-json\/wp\/v2\/media?parent=19306"}],"wp:term":[{"taxonomy":"product_brand","embeddable":true,"href":"https:\/\/zbranebudai.sk\/hu\/wp-json\/wp\/v2\/product_brand?post=19306"},{"taxonomy":"product_cat","embeddable":true,"href":"https:\/\/zbranebudai.sk\/hu\/wp-json\/wp\/v2\/product_cat?post=19306"},{"taxonomy":"product_tag","embeddable":true,"href":"https:\/\/zbranebudai.sk\/hu\/wp-json\/wp\/v2\/product_tag?post=19306"}],"curies":[{"name":"wp","href":"https:\/\/api.w.org\/{rel}","templated":true}]}}