{"id":19288,"date":"2026-01-13T23:53:15","date_gmt":"2026-01-13T21:53:15","guid":{"rendered":"https:\/\/zbranebudai.sk\/?post_type=product&#038;p=19288"},"modified":"2026-01-14T11:53:38","modified_gmt":"2026-01-14T09:53:38","slug":"deerhunter-lady-smaragd-ing-zold-kockas-noi-zold-kockas-ing","status":"publish","type":"product","link":"https:\/\/zbranebudai.sk\/hu\/product\/deerhunter-lady-emery-shirt-green-check-damska-zelena-kockovana-kosela\/","title":{"rendered":"Deerhunter Lady Emery Shirt Green Check n\u0151i z\u00f6ld kock\u00e1s ing"},"content":{"rendered":"<p><strong>Deerhunter Lady Emery Shirt Green Check n\u0151i z\u00f6ld kock\u00e1s ing<\/strong>\u00a0a klasszikus ing modern v\u00e1ltozata, a DEERHUNTER elasztikus anyagb\u00f3l k\u00e9sz\u00fclt, a nagyobb k\u00e9nyelem \u00e9s a mozg\u00e1sszabads\u00e1g \u00e9rdek\u00e9ben. Letisztult diz\u00e1jnj\u00e1val, cipz\u00e1ras mellzseb\u00e9vel \u00e9s n\u0151ies, karcs\u00fa szab\u00e1s\u00e1val minden outdoor ruhat\u00e1r elengedhetetlen darabja, a vad\u00e1szter\u00fclett\u0151l a vad\u00e1szh\u00e1zig, de ak\u00e1r a mindennapi viselethez is.<\/p>\n<div>\n<h2>Term\u00e9k param\u00e9terek<\/h2>\n<\/div>\n<ul>\n<li>N\u0151ies, karcs\u00fa szab\u00e1s<\/li>\n<li>Mellzseb cipz\u00e1rral<\/li>\n<li>Rugalmas anyag a nagyobb k\u00e9nyelem\u00e9rt<\/li>\n<li>Cipz\u00e1ras r\u00f6gz\u00edt\u00e9s<\/li>\n<\/ul>","protected":false},"excerpt":{"rendered":"<p>A Deerhunter Lady Emery Shirt Green Check n\u0151i z\u00f6ld kock\u00e1s ing k\u00e9nyelmes, j\u00f3l k\u00f6veti a mozg\u00e1st, \u00e9s eleg\u00e1ns megjelen\u00e9st biztos\u00edt vad\u00e1szathoz \u00e9s szabadid\u0151s haszn\u00e1latra egyar\u00e1nt. Modern r\u00e9szletei \u00e9s funkcion\u00e1lis kialak\u00edt\u00e1sa miatt k\u00f6nnyen kombin\u00e1lhat\u00f3 m\u00e1s vad\u00e1sz- \u00e9s h\u00e9tk\u00f6znapi ruhadarabokkal.<\/p>","protected":false},"featured_media":19367,"template":"","meta":{"_gspb_post_css":""},"product_brand":[],"product_cat":[2323],"product_tag":[2322,2473],"class_list":{"0":"post-19288","1":"product","2":"type-product","3":"status-publish","4":"has-post-thumbnail","6":"product_cat-kosele-a-tricka","7":"product_tag-deerhunter","8":"product_tag-lady-emery-shirt","10":"first","11":"instock","12":"taxable","13":"shipping-taxable","14":"purchasable","15":"product-type-variable","16":"has-default-attributes"},"ct_brands":[],"_links":{"self":[{"href":"https:\/\/zbranebudai.sk\/hu\/wp-json\/wp\/v2\/product\/19288","targetHints":{"allow":["GET"]}}],"collection":[{"href":"https:\/\/zbranebudai.sk\/hu\/wp-json\/wp\/v2\/product"}],"about":[{"href":"https:\/\/zbranebudai.sk\/hu\/wp-json\/wp\/v2\/types\/product"}],"wp:featuredmedia":[{"embeddable":true,"href":"https:\/\/zbranebudai.sk\/hu\/wp-json\/wp\/v2\/media\/19367"}],"wp:attachment":[{"href":"https:\/\/zbranebudai.sk\/hu\/wp-json\/wp\/v2\/media?parent=19288"}],"wp:term":[{"taxonomy":"product_brand","embeddable":true,"href":"https:\/\/zbranebudai.sk\/hu\/wp-json\/wp\/v2\/product_brand?post=19288"},{"taxonomy":"product_cat","embeddable":true,"href":"https:\/\/zbranebudai.sk\/hu\/wp-json\/wp\/v2\/product_cat?post=19288"},{"taxonomy":"product_tag","embeddable":true,"href":"https:\/\/zbranebudai.sk\/hu\/wp-json\/wp\/v2\/product_tag?post=19288"}],"curies":[{"name":"wp","href":"https:\/\/api.w.org\/{rel}","templated":true}]}}