{"id":19286,"date":"2026-01-13T23:53:14","date_gmt":"2026-01-13T21:53:14","guid":{"rendered":"https:\/\/zbranebudai.sk\/?post_type=product&#038;p=19286"},"modified":"2026-01-14T12:43:00","modified_gmt":"2026-01-14T10:43:00","slug":"deerhunter-dzseki-kotott-dzseki-butternut-melange-kotott-dzseki","status":"publish","type":"product","link":"https:\/\/zbranebudai.sk\/hu\/product\/deerhunter-sarek-knitted-jacket-butternut-melange-pletena-bunda\/","title":{"rendered":"Deerhunter Sarek Knitted Jacket Butternut Melange k\u00f6t\u00f6tt dzseki"},"content":{"rendered":"<p><strong>Deerhunter Sarek Knitted Jacket Butternut Melange k\u00f6t\u00f6tt dzseki<\/strong> egy rendk\u00edv\u00fcl puha \u00e9s k\u00e9nyelmes kab\u00e1t, amely modern, rugalmas k\u00fcls\u0151 anyagb\u00f3l k\u00e9sz\u00fclt, el\u00f6l teljes cipz\u00e1rral. A kab\u00e1t egy cipz\u00e1ras mellzsebbel \u00e9s k\u00e9t nagym\u00e9ret\u0171, cipz\u00e1ras els\u0151 zsebbel rendelkezik, \u00edgy biztons\u00e1gosan t\u00e1rolhatja benne a fontos dolgokat.<\/p>\n<div>\n<h2>Term\u00e9k param\u00e9terek<\/h2>\n<\/div>\n<ul>\n<li>Cipz\u00e1r k\u00f6z\u00e9pen el\u00f6l<\/li>\n<li>Mellzseb cipz\u00e1rral<\/li>\n<li>K\u00e9t cipz\u00e1ras el\u00fcls\u0151 zseb<\/li>\n<\/ul>","protected":false},"excerpt":{"rendered":"<p>A Deerhunter Sarek Knitted Jacket Butternut Melange k\u00f6t\u00f6tt dzseki t\u00f6k\u00e9letes v\u00e1laszt\u00e1s tavaszi k\u00fcls\u0151 r\u00e9tegk\u00e9nt, illetve k\u00f6ztes r\u00e9tegk\u00e9nt, amikor h\u0171v\u00f6sebbre fordul az id\u0151. Puha, rugalmas anyaga k\u00e9nyelmes mozg\u00e1st \u00e9s kellemes h\u0151\u00e9rzetet biztos\u00edt szabadt\u00e9ri tev\u00e9kenys\u00e9gekhez \u00e9s mindennapi visel\u00e9shez egyar\u00e1nt.<\/p>","protected":false},"featured_media":19363,"template":"","meta":{"_gspb_post_css":""},"product_brand":[],"product_cat":[2329],"product_tag":[2322,2471],"class_list":{"0":"post-19286","1":"product","2":"type-product","3":"status-publish","4":"has-post-thumbnail","6":"product_cat-kabaty-a-svetre","7":"product_tag-deerhunter","8":"product_tag-sarek-knitted-jacket","10":"first","11":"instock","12":"taxable","13":"shipping-taxable","14":"purchasable","15":"product-type-variable","16":"has-default-attributes"},"ct_brands":[],"_links":{"self":[{"href":"https:\/\/zbranebudai.sk\/hu\/wp-json\/wp\/v2\/product\/19286","targetHints":{"allow":["GET"]}}],"collection":[{"href":"https:\/\/zbranebudai.sk\/hu\/wp-json\/wp\/v2\/product"}],"about":[{"href":"https:\/\/zbranebudai.sk\/hu\/wp-json\/wp\/v2\/types\/product"}],"wp:featuredmedia":[{"embeddable":true,"href":"https:\/\/zbranebudai.sk\/hu\/wp-json\/wp\/v2\/media\/19363"}],"wp:attachment":[{"href":"https:\/\/zbranebudai.sk\/hu\/wp-json\/wp\/v2\/media?parent=19286"}],"wp:term":[{"taxonomy":"product_brand","embeddable":true,"href":"https:\/\/zbranebudai.sk\/hu\/wp-json\/wp\/v2\/product_brand?post=19286"},{"taxonomy":"product_cat","embeddable":true,"href":"https:\/\/zbranebudai.sk\/hu\/wp-json\/wp\/v2\/product_cat?post=19286"},{"taxonomy":"product_tag","embeddable":true,"href":"https:\/\/zbranebudai.sk\/hu\/wp-json\/wp\/v2\/product_tag?post=19286"}],"curies":[{"name":"wp","href":"https:\/\/api.w.org\/{rel}","templated":true}]}}