{"id":19285,"date":"2026-01-13T23:53:14","date_gmt":"2026-01-13T21:53:14","guid":{"rendered":"https:\/\/zbranebudai.sk\/?post_type=product&#038;p=19285"},"modified":"2026-01-14T12:41:16","modified_gmt":"2026-01-14T10:41:16","slug":"deerhunter-ho-parnazott-kabat-fa-futott-parnazott-kabat","status":"publish","type":"product","link":"https:\/\/zbranebudai.sk\/hu\/product\/deerhunter-heat-padded-jacket-wood-vyhrievana-vystuzena-polovnicka-bunda\/","title":{"rendered":"Deerhunter Heat Padded Jacket Wood f\u0171thet\u0151 steppelt vad\u00e1szkab\u00e1t"},"content":{"rendered":"<p><strong>Deerhunter Heat Padded Jacket Wood f\u0171thet\u0151 steppelt vad\u00e1szkab\u00e1t<\/strong>\u00a0egyes\u00edti a modern anyagokat, a funkcion\u00e1lis kialak\u00edt\u00e1st \u00e9s a fejlett textiltechnol\u00f3gi\u00e1t, hogy a vad\u00e1szok sz\u00e1m\u00e1ra optim\u00e1lis k\u00e9nyelmet \u00e9s meleget biztos\u00edtson, amikor a legnagyobb sz\u00fcks\u00e9g\u00fck van r\u00e1. A DEERHUNTER HEAT sorozat r\u00e9szek\u00e9nt intelligens, integr\u00e1lt f\u0171t\u00e9si rendszerrel van felszerelve, amely a mellzsebben tal\u00e1lhat\u00f3, k\u00f6nnyen hozz\u00e1f\u00e9rhet\u0151 ON\/OFF gombbal aktiv\u00e1lhat\u00f3, m\u00edg a f\u0171t\u00e9si szintet egy be\u00e9p\u00edtett LED jelzi. A t\u00e1pegys\u00e9g praktikus okokb\u00f3l k\u00f6nnyen levehet\u0151, \u00edgy a kab\u00e1t mos\u00f3g\u00e9pben moshat\u00f3. A steppelt, szigetelt panelek az elej\u00e9n, a h\u00e1ton \u00e9s az ujjakon, valamint a 2 ir\u00e1ny\u00fa sztreccsbet\u00e9tek j\u00f3 h\u0151szigetel\u00e9st \u00e9s nagyobb mozg\u00e1sszabads\u00e1got biztos\u00edtanak a hideg, de kedvez\u0151 vad\u00e1szati k\u00f6r\u00fclm\u00e9nyek k\u00f6z\u00f6tt.<\/p>\n<div>\n<h2>Term\u00e9k param\u00e9terek<\/h2>\n<\/div>\n<ul>\n<li>Steppelt el\u00fcls\u0151 \u00e9s h\u00e1ts\u00f3 r\u00e9sz \u00e9s ujj szegmensek<\/li>\n<li>Rugalmas kontrasztos bet\u00e9tek a nagyobb k\u00e9nyelem\u00e9rt<\/li>\n<li>Mellzseb cipz\u00e1rral<\/li>\n<li>K\u00e9t cipz\u00e1ras el\u00fcls\u0151 zseb<\/li>\n<li>K\u00e9t bels\u0151 zseb<\/li>\n<li>Elasztikus bord\u00e1zott szeg\u00e9ly a nyakn\u00e1l, a mandzsett\u00e1n\u00e1l \u00e9s a szeg\u00e9lyn\u00e9l<\/li>\n<li>Integr\u00e1lt f\u0171t\u00e9si rendszer<\/li>\n<li>ON\/OFF gomb a mellzsebben<\/li>\n<li>H\u00e1rom f\u0171t\u00e9si szint<\/li>\n<li>F\u0171t\u0151elemek: kett\u0151 el\u00f6l, egy h\u00e1tul<\/li>\n<li>G\u00e9pben moshat\u00f3<\/li>\n<li>Powerbank nem tartoz\u00e9k<\/li>\n<li>Aj\u00e1nlott egy 5 000 mAh kapacit\u00e1s\u00fa power bank haszn\u00e1lata.<\/li>\n<\/ul>","protected":false},"excerpt":{"rendered":"<p>A Deerhunter Heat Padded Jacket Wood f\u0171thet\u0151 steppelt vad\u00e1szkab\u00e1t szab\u00e1lyozhat\u00f3 f\u0171t\u00e9s\u00e9vel \u00e9s szigetelt, rugalmas kialak\u00edt\u00e1s\u00e1val megb\u00edzhat\u00f3 meleget biztos\u00edt hideg id\u0151ben. K\u00f6nny\u0171, k\u00e9nyelmes fel\u00e9p\u00edt\u00e9se \u00e9s praktikus zsebei miatt j\u00f3l haszn\u00e1lhat\u00f3 \u00f6nmag\u00e1ban vagy r\u00e9tegezve akt\u00edv vad\u00e1szat \u00e9s m\u00e1s szabadt\u00e9ri tev\u00e9kenys\u00e9gek sor\u00e1n.<\/p>","protected":false},"featured_media":19358,"template":"","meta":{"_gspb_post_css":""},"product_brand":[],"product_cat":[2329],"product_tag":[2322,2470],"class_list":{"0":"post-19285","1":"product","2":"type-product","3":"status-publish","4":"has-post-thumbnail","6":"product_cat-kabaty-a-svetre","7":"product_tag-deerhunter","8":"product_tag-heat-padded-jacket","10":"first","11":"instock","12":"taxable","13":"shipping-taxable","14":"purchasable","15":"product-type-variable","16":"has-default-attributes"},"ct_brands":[],"_links":{"self":[{"href":"https:\/\/zbranebudai.sk\/hu\/wp-json\/wp\/v2\/product\/19285","targetHints":{"allow":["GET"]}}],"collection":[{"href":"https:\/\/zbranebudai.sk\/hu\/wp-json\/wp\/v2\/product"}],"about":[{"href":"https:\/\/zbranebudai.sk\/hu\/wp-json\/wp\/v2\/types\/product"}],"wp:featuredmedia":[{"embeddable":true,"href":"https:\/\/zbranebudai.sk\/hu\/wp-json\/wp\/v2\/media\/19358"}],"wp:attachment":[{"href":"https:\/\/zbranebudai.sk\/hu\/wp-json\/wp\/v2\/media?parent=19285"}],"wp:term":[{"taxonomy":"product_brand","embeddable":true,"href":"https:\/\/zbranebudai.sk\/hu\/wp-json\/wp\/v2\/product_brand?post=19285"},{"taxonomy":"product_cat","embeddable":true,"href":"https:\/\/zbranebudai.sk\/hu\/wp-json\/wp\/v2\/product_cat?post=19285"},{"taxonomy":"product_tag","embeddable":true,"href":"https:\/\/zbranebudai.sk\/hu\/wp-json\/wp\/v2\/product_tag?post=19285"}],"curies":[{"name":"wp","href":"https:\/\/api.w.org\/{rel}","templated":true}]}}