{"id":19284,"date":"2026-01-13T23:53:14","date_gmt":"2026-01-13T21:53:14","guid":{"rendered":"https:\/\/zbranebudai.sk\/?post_type=product&#038;p=19284"},"modified":"2026-01-14T12:38:56","modified_gmt":"2026-01-14T10:38:56","slug":"deerhunter-eagle-teli-kabat-realtree-edge-narancssarga-teli-kabat","status":"publish","type":"product","link":"https:\/\/zbranebudai.sk\/hu\/product\/deerhunter-eagle-winter-jacket-realtree-edge-orange-zimna-polovnicka-bunda\/","title":{"rendered":"Deerhunter Eagle Winter Jacket REALTREE EDGE\u00ae ORANGE t\u00e9li vad\u00e1szkab\u00e1t"},"content":{"rendered":"<p><strong>Deerhunter Eagle Winter Jacket REALTREE EDGE\u00ae ORANGE t\u00e9li vad\u00e1szkab\u00e1t<\/strong>\u00a0kifejezetten a modern vad\u00e1szok sz\u00e1m\u00e1ra k\u00e9sz\u00fclt, \u00e9s ide\u00e1lis v\u00e1laszt\u00e1s a csoportos vad\u00e1szatokhoz. A REALTREE EDGE\u00ae Orange hat\u00e9kony \u00e1lc\u00e1z\u00e1si mint\u00e1zata term\u00e9szetes elemekkel t\u00f6ri meg az ember sziluettj\u00e9t, m\u00edg az \u00e9l\u00e9nk narancss\u00e1rga sz\u00edn biztos\u00edtja a vad\u00e1sz j\u00f3 l\u00e1that\u00f3s\u00e1g\u00e1t a k\u00f6rnyezet\u00e9ben. Az Eagle t\u00e9likab\u00e1t sz\u00e9l- \u00e9s v\u00edz\u00e1ll\u00f3, a Deer-Tex\u00ae Performance Shell membr\u00e1n minden id\u0151j\u00e1r\u00e1si k\u00f6r\u00fclm\u00e9ny k\u00f6z\u00f6tt k\u00e9nyelmes benti k\u00f6rnyezetet biztos\u00edt, m\u00edg a l\u00e9legz\u0151 h\u00e1l\u00f3 \u00e9s a steppelt b\u00e9l\u00e9s kombin\u00e1ci\u00f3ja megb\u00edzhat\u00f3 meleget biztos\u00edt a hossz\u00fa, hideg \u00f3r\u00e1k alatt. A r\u00e9szben kivehet\u0151, k\u00f6nnyen moshat\u00f3, v\u00edzhatlan h\u00e1ts\u00f3 felfog\u00f3 zseb egy mell\u00e9ny t\u00e1rol\u00e1s\u00e1ra is haszn\u00e1lhat\u00f3, m\u00edg a Napoleon zsebek, a k\u00e9zmeleg\u00edt\u0151 zsebek \u00e9s a t\u00f6bb bels\u0151 cipz\u00e1ras zseb b\u0151s\u00e9ges helyet \u00e9s biztons\u00e1gos t\u00e1rol\u00e1st biztos\u00edt minden sz\u00fcks\u00e9ges felszerel\u00e9snek.<\/p>\n<div>\n<h2>Term\u00e9k param\u00e9terek<\/h2>\n<\/div>\n<ul>\n<li>Mesters\u00e9ges vel\u00far b\u0151r d\u00edsz\u00edt\u00e9sek<\/li>\n<li>Levehet\u0151 kapucni<\/li>\n<li>K\u00e9tir\u00e1ny\u00fa YKK cipz\u00e1r el\u00f6l k\u00f6z\u00e9pen<\/li>\n<li>R\u00e1di\u00f3zseb a bal oldalon<\/li>\n<li>Elasztikus p\u00e1nt az antenna r\u00f6gz\u00edt\u00e9s\u00e9hez<\/li>\n<li>Sz\u00edj a r\u00e1di\u00f3 r\u00f6gz\u00edt\u00e9s\u00e9hez<\/li>\n<li>Nap\u00f3leoni zsebek<\/li>\n<li>K\u00e9t k\u00e9zmeleg\u00edt\u0151 zseb rejtett cipz\u00e1rral<\/li>\n<li>K\u00e9t el\u00fcls\u0151 zseb patentokkal<\/li>\n<li>Tov\u00e1bbi oldals\u00f3 zseb az el\u00fcls\u0151 zsebeken<\/li>\n<li>El\u0151re form\u00e1zott k\u00f6ny\u00f6k\u00f6k<\/li>\n<li>Bord\u00e1zott mandzsetta<\/li>\n<li>P\u00e1ntokkal \u00e9s p\u00e1ntokkal \u00e1ll\u00edthat\u00f3 ujjhegyek<\/li>\n<li>Oldals\u00f3 szell\u0151z\u0151ny\u00edl\u00e1sok a tov\u00e1bbi k\u00e9nyelem\u00e9rt<\/li>\n<li>V\u00edz\u00e1ll\u00f3, k\u00f6nnyen moshat\u00f3 h\u00e1ts\u00f3 zseb a zs\u00e1km\u00e1ny sz\u00e1m\u00e1ra, h\u00e1rom oldalr\u00f3l kivehet\u0151<\/li>\n<li>A zs\u00e1km\u00e1nyt\u00e1ska nyeregt\u00e1ska t\u00e1rol\u00e1s\u00e1ra is haszn\u00e1lhat\u00f3.<\/li>\n<li>K\u00e9t cipz\u00e1ras bels\u0151 zseb<\/li>\n<li>K\u00e9t bels\u0151 h\u00e1l\u00f3s zseb cipz\u00e1rral<\/li>\n<li>L\u00e9legz\u0151 h\u00e1l\u00f3 \u00e9s steppelt b\u00e9l\u00e9s kombin\u00e1ci\u00f3ja<\/li>\n<li>Bels\u0151 szalag log\u00f3val<\/li>\n<\/ul>","protected":false},"excerpt":{"rendered":"<p>A Deerhunter Eagle Winter Jacket REALTREE EDGE\u00ae ORANGE t\u00e9li vad\u00e1szkab\u00e1t hat\u00e9kony \u00e1lc\u00e1z\u00f3 mint\u00e1j\u00e1val, sz\u00e9l- \u00e9s v\u00edz\u00e1ll\u00f3 membr\u00e1nj\u00e1val \u00e9s \u00e1tgondolt zsebkialak\u00edt\u00e1s\u00e1val megb\u00edzhat\u00f3 t\u00e1rsa lesz a hideg id\u0151ben v\u00e9gzett vad\u00e1szatokon. Kiemelked\u0151 l\u00e1that\u00f3s\u00e1ga \u00e9s k\u00e9nyelmes, meleg viselete miatt k\u00fcl\u00f6n\u00f6sen aj\u00e1nlott t\u00e1rsas vad\u00e1szatokhoz \u00e9s minden hideg id\u0151j\u00e1r\u00e1s\u00fa szabadt\u00e9ri tev\u00e9kenys\u00e9ghez.<\/p>","protected":false},"featured_media":19356,"template":"","meta":{"_gspb_post_css":""},"product_brand":[],"product_cat":[2329],"product_tag":[2322,2468],"class_list":{"0":"post-19284","1":"product","2":"type-product","3":"status-publish","4":"has-post-thumbnail","6":"product_cat-kabaty-a-svetre","7":"product_tag-deerhunter","8":"product_tag-eagle-winter-jacket","10":"first","11":"instock","12":"taxable","13":"shipping-taxable","14":"purchasable","15":"product-type-variable","16":"has-default-attributes"},"ct_brands":[],"_links":{"self":[{"href":"https:\/\/zbranebudai.sk\/hu\/wp-json\/wp\/v2\/product\/19284","targetHints":{"allow":["GET"]}}],"collection":[{"href":"https:\/\/zbranebudai.sk\/hu\/wp-json\/wp\/v2\/product"}],"about":[{"href":"https:\/\/zbranebudai.sk\/hu\/wp-json\/wp\/v2\/types\/product"}],"wp:featuredmedia":[{"embeddable":true,"href":"https:\/\/zbranebudai.sk\/hu\/wp-json\/wp\/v2\/media\/19356"}],"wp:attachment":[{"href":"https:\/\/zbranebudai.sk\/hu\/wp-json\/wp\/v2\/media?parent=19284"}],"wp:term":[{"taxonomy":"product_brand","embeddable":true,"href":"https:\/\/zbranebudai.sk\/hu\/wp-json\/wp\/v2\/product_brand?post=19284"},{"taxonomy":"product_cat","embeddable":true,"href":"https:\/\/zbranebudai.sk\/hu\/wp-json\/wp\/v2\/product_cat?post=19284"},{"taxonomy":"product_tag","embeddable":true,"href":"https:\/\/zbranebudai.sk\/hu\/wp-json\/wp\/v2\/product_tag?post=19284"}],"curies":[{"name":"wp","href":"https:\/\/api.w.org\/{rel}","templated":true}]}}