{"id":19283,"date":"2026-01-13T23:53:14","date_gmt":"2026-01-13T21:53:14","guid":{"rendered":"https:\/\/zbranebudai.sk\/?post_type=product&#038;p=19283"},"modified":"2026-01-14T12:36:55","modified_gmt":"2026-01-14T10:36:55","slug":"deerhunter-eagle-telikabat-tarmac-zold-telikabat","status":"publish","type":"product","link":"https:\/\/zbranebudai.sk\/hu\/product\/deerhunter-eagle-winter-jacket-tarmac-green-zimna-polovnicka-bunda\/","title":{"rendered":"Deerhunter Eagle Winter Jacket Tarmac Green t\u00e9li vad\u00e1szkab\u00e1t"},"content":{"rendered":"<p><strong>Deerhunter Eagle Winter Jacket Tarmac Green t\u00e9li vad\u00e1szkab\u00e1t<\/strong>\u00a0kifejezetten a hideg id\u0151j\u00e1r\u00e1shoz tervezt\u00e9k, \u00e9s a klasszikus vad\u00e1szst\u00edlust modern szigetel\u00e9ssel \u00e9s praktikus megold\u00e1sokkal \u00f6tv\u00f6zi. A l\u00e9g\u00e1tereszt\u0151 h\u00e1l\u00f3s \u00e9s steppelt b\u00e9l\u00e9s, valamint a sz\u00e9l- \u00e9s v\u00edz\u00e1ll\u00f3 Deer-Tex\u00ae Performance Shell membr\u00e1n kombin\u00e1ci\u00f3ja m\u00e9g akt\u00edv vad\u00e1szat k\u00f6zben is kellemes bels\u0151 k\u00e9nyelmet biztos\u00edt. A m\u0171szarvasb\u0151r r\u00e9szletek kiemelik a hagyom\u00e1nyos megjelen\u00e9st, a levehet\u0151 kapucni pedig az egy\u00e9ni ig\u00e9nyekhez igaz\u00edthat\u00f3. A r\u00e9szben kivehet\u0151, k\u00f6nnyen moshat\u00f3, v\u00edzhatlan h\u00e1ts\u00f3 fog\u00f3zsebben egy mell\u00e9nyt is t\u00e1rolhat, amely a hideg ellen v\u00e9d, amikor a lesben \u00fcl. A Napoleon zseb, a k\u00e9zmeleg\u00edt\u0151 zsebek, az antennasz\u00edjjal ell\u00e1tott r\u00e1di\u00f3zseb, a t\u00e1gas el\u00fcls\u0151 zsebek \u00e9s a t\u00f6bb cipz\u00e1ras bels\u0151 zseb rengeteg helyet \u00e9s biztons\u00e1gos t\u00e1rol\u00e1st biztos\u00edt minden sz\u00fcks\u00e9ges felszerel\u00e9snek.<\/p>\n<div>\n<h2>Term\u00e9k param\u00e9terek<\/h2>\n<\/div>\n<ul>\n<li>Mesters\u00e9ges vel\u00far b\u0151r d\u00edsz\u00edt\u00e9sek<\/li>\n<li>Levehet\u0151 kapucni<\/li>\n<li>K\u00e9tir\u00e1ny\u00fa YKK cipz\u00e1r el\u00f6l k\u00f6z\u00e9pen<\/li>\n<li>R\u00e1di\u00f3zseb a bal oldalon<\/li>\n<li>Elasztikus p\u00e1nt az antenna r\u00f6gz\u00edt\u00e9s\u00e9hez<\/li>\n<li>Sz\u00edj a r\u00e1di\u00f3 r\u00f6gz\u00edt\u00e9s\u00e9hez<\/li>\n<li>Nap\u00f3leoni zsebek<\/li>\n<li>K\u00e9t k\u00e9zmeleg\u00edt\u0151 zseb rejtett cipz\u00e1rral<\/li>\n<li>K\u00e9t el\u00fcls\u0151 zseb patentokkal<\/li>\n<li>Tov\u00e1bbi oldals\u00f3 zsebek az el\u00fcls\u0151 zsebeken<\/li>\n<li>El\u0151re form\u00e1zott k\u00f6ny\u00f6k\u00f6k<\/li>\n<li>Bord\u00e1zott mandzsetta<\/li>\n<li>P\u00e1ntokkal \u00e9s p\u00e1ntokkal \u00e1ll\u00edthat\u00f3 ujjhegyek<\/li>\n<li>Oldals\u00f3 szell\u0151z\u0151ny\u00edl\u00e1sok a tov\u00e1bbi k\u00e9nyelem\u00e9rt<\/li>\n<li>V\u00edz\u00e1ll\u00f3, k\u00f6nnyen moshat\u00f3 h\u00e1ts\u00f3 zseb a zs\u00e1km\u00e1ny sz\u00e1m\u00e1ra, h\u00e1rom oldalr\u00f3l kivehet\u0151<\/li>\n<li>A j\u00e1t\u00e9kt\u00e1ska egy nyeregt\u00e1ska t\u00e1rol\u00e1s\u00e1ra is haszn\u00e1lhat\u00f3.<\/li>\n<li>K\u00e9t cipz\u00e1ras bels\u0151 zseb<\/li>\n<li>K\u00e9t bels\u0151 h\u00e1l\u00f3s zseb cipz\u00e1rral<\/li>\n<li>L\u00e9legz\u0151 h\u00e1l\u00f3 \u00e9s steppelt b\u00e9l\u00e9s kombin\u00e1ci\u00f3ja<\/li>\n<li>Bels\u0151 szalag log\u00f3val<\/li>\n<\/ul>","protected":false},"excerpt":{"rendered":"<p>A Deerhunter Eagle Winter Jacket Tarmac Green t\u00e9li vad\u00e1szkab\u00e1t megb\u00edzhat\u00f3 meleget, sz\u00e9l- \u00e9s v\u00edz\u00e1ll\u00f3 v\u00e9delmet ad hideg id\u0151ben, mik\u00f6zben j\u00f3l szell\u0151zik \u00e9s k\u00e9nyelmes marad akt\u00edv haszn\u00e1lat mellett is. Funkcion\u00e1lis zsebkialak\u00edt\u00e1sa \u00e9s klasszikus megjelen\u00e9se miatt ide\u00e1lis v\u00e1laszt\u00e1s hosszabb t\u00e9li vad\u00e1szatokra \u00e9s minden hideg id\u0151ben v\u00e9gzett szabadt\u00e9ri tev\u00e9kenys\u00e9gre.<\/p>","protected":false},"featured_media":19354,"template":"","meta":{"_gspb_post_css":""},"product_brand":[],"product_cat":[2329],"product_tag":[2322,2468],"class_list":{"0":"post-19283","1":"product","2":"type-product","3":"status-publish","4":"has-post-thumbnail","6":"product_cat-kabaty-a-svetre","7":"product_tag-deerhunter","8":"product_tag-eagle-winter-jacket","10":"first","11":"instock","12":"taxable","13":"shipping-taxable","14":"purchasable","15":"product-type-variable","16":"has-default-attributes"},"ct_brands":[],"_links":{"self":[{"href":"https:\/\/zbranebudai.sk\/hu\/wp-json\/wp\/v2\/product\/19283","targetHints":{"allow":["GET"]}}],"collection":[{"href":"https:\/\/zbranebudai.sk\/hu\/wp-json\/wp\/v2\/product"}],"about":[{"href":"https:\/\/zbranebudai.sk\/hu\/wp-json\/wp\/v2\/types\/product"}],"wp:featuredmedia":[{"embeddable":true,"href":"https:\/\/zbranebudai.sk\/hu\/wp-json\/wp\/v2\/media\/19354"}],"wp:attachment":[{"href":"https:\/\/zbranebudai.sk\/hu\/wp-json\/wp\/v2\/media?parent=19283"}],"wp:term":[{"taxonomy":"product_brand","embeddable":true,"href":"https:\/\/zbranebudai.sk\/hu\/wp-json\/wp\/v2\/product_brand?post=19283"},{"taxonomy":"product_cat","embeddable":true,"href":"https:\/\/zbranebudai.sk\/hu\/wp-json\/wp\/v2\/product_cat?post=19283"},{"taxonomy":"product_tag","embeddable":true,"href":"https:\/\/zbranebudai.sk\/hu\/wp-json\/wp\/v2\/product_tag?post=19283"}],"curies":[{"name":"wp","href":"https:\/\/api.w.org\/{rel}","templated":true}]}}