{"id":19282,"date":"2026-01-13T23:53:14","date_gmt":"2026-01-13T21:53:14","guid":{"rendered":"https:\/\/zbranebudai.sk\/?post_type=product&#038;p=19282"},"modified":"2026-01-14T12:35:32","modified_gmt":"2026-01-14T10:35:32","slug":"deerhunter-ifjusagi-chasse-fleece-dzseki-beluga-gyerek-fleece-dzseki","status":"publish","type":"product","link":"https:\/\/zbranebudai.sk\/hu\/product\/deerhunter-youth-chasse-fleece-jacket-beluga-detska-fleecova-bunda\/","title":{"rendered":"Deerhunter Youth Chasse Fleece Jacket Beluga gyerek pol\u00e1r kab\u00e1t"},"content":{"rendered":"<p><strong>Deerhunter Youth Chasse Fleece Jacket Beluga gyerek pol\u00e1r kab\u00e1t<\/strong>\u00a0sokoldal\u00fa, puha \u00e9s rugalmas mikrofleece anyagb\u00f3l k\u00e9sz\u00fclt, hogy melegen tartsa a kis kalandorokat. \u00d6n\u00e1ll\u00f3an vagy m\u00e1s r\u00e9tegekkel kombin\u00e1lva is viselhet\u0151. Egyszer\u0171, letisztult kialak\u00edt\u00e1s\u00fa, teljes cipz\u00e1rral z\u00e1r\u00f3d\u00f3, k\u00e9t cipz\u00e1ras el\u00fcls\u0151 zsebbel \u00e9s kontrasztos elasztikus mandzsett\u00e1val.<\/p>\n<div>\n<h2>Term\u00e9k param\u00e9terek<\/h2>\n<\/div>\n<ul>\n<li>K\u00e9t cipz\u00e1ras el\u00fcls\u0151 zseb<\/li>\n<li>Elasztikus mandzsetta<\/li>\n<li>K\u00e9t bels\u0151 zseb<\/li>\n<\/ul>","protected":false},"excerpt":{"rendered":"<p>A Deerhunter Youth Chasse Fleece Jacket Beluga gyerek pol\u00e1r kab\u00e1t megb\u00edzhat\u00f3 meleget \u00e9s k\u00e9nyelmes mozg\u00e1sszabads\u00e1got biztos\u00edt kir\u00e1ndul\u00e1sokhoz, erdei s\u00e9t\u00e1khoz vagy h\u00e9tk\u00f6znapi visel\u00e9shez. Puha mikropol\u00e1r anyaga \u00e9s praktikus zsebei miatt ide\u00e1lis v\u00e1laszt\u00e1s fiatal vad\u00e1szok \u00e9s term\u00e9szetkedvel\u0151 gyermekek sz\u00e1m\u00e1ra.<\/p>","protected":false},"featured_media":19348,"template":"","meta":{"_gspb_post_css":""},"product_brand":[],"product_cat":[2329],"product_tag":[2322,2467],"class_list":{"0":"post-19282","1":"product","2":"type-product","3":"status-publish","4":"has-post-thumbnail","6":"product_cat-kabaty-a-svetre","7":"product_tag-deerhunter","8":"product_tag-youth-chasse-fleece-jacket","10":"first","11":"instock","12":"taxable","13":"shipping-taxable","14":"purchasable","15":"product-type-variable","16":"has-default-attributes"},"ct_brands":[],"_links":{"self":[{"href":"https:\/\/zbranebudai.sk\/hu\/wp-json\/wp\/v2\/product\/19282","targetHints":{"allow":["GET"]}}],"collection":[{"href":"https:\/\/zbranebudai.sk\/hu\/wp-json\/wp\/v2\/product"}],"about":[{"href":"https:\/\/zbranebudai.sk\/hu\/wp-json\/wp\/v2\/types\/product"}],"wp:featuredmedia":[{"embeddable":true,"href":"https:\/\/zbranebudai.sk\/hu\/wp-json\/wp\/v2\/media\/19348"}],"wp:attachment":[{"href":"https:\/\/zbranebudai.sk\/hu\/wp-json\/wp\/v2\/media?parent=19282"}],"wp:term":[{"taxonomy":"product_brand","embeddable":true,"href":"https:\/\/zbranebudai.sk\/hu\/wp-json\/wp\/v2\/product_brand?post=19282"},{"taxonomy":"product_cat","embeddable":true,"href":"https:\/\/zbranebudai.sk\/hu\/wp-json\/wp\/v2\/product_cat?post=19282"},{"taxonomy":"product_tag","embeddable":true,"href":"https:\/\/zbranebudai.sk\/hu\/wp-json\/wp\/v2\/product_tag?post=19282"}],"curies":[{"name":"wp","href":"https:\/\/api.w.org\/{rel}","templated":true}]}}