{"id":19281,"date":"2026-01-13T23:53:14","date_gmt":"2026-01-13T21:53:14","guid":{"rendered":"https:\/\/zbranebudai.sk\/?post_type=product&#038;p=19281"},"modified":"2026-01-14T12:34:08","modified_gmt":"2026-01-14T10:34:08","slug":"deerhunter-heat-vadaszkabat-realtree-max-7-futott-fel-kabat","status":"publish","type":"product","link":"https:\/\/zbranebudai.sk\/hu\/product\/deerhunter-heat-game-jacket-realtree-max-7-vyhrievana-polovnicka-bunda\/","title":{"rendered":"Deerhunter Heat Game Jacket REALTREE MAX-7\u00ae f\u0171thet\u0151 vad\u00e1szkab\u00e1t"},"content":{"rendered":"<p><strong>Deerhunter Heat Game Jacket REALTREE MAX-7\u00ae f\u0171thet\u0151 vad\u00e1szkab\u00e1t<\/strong>\u00a0azok sz\u00e1m\u00e1ra k\u00e9sz\u00fclt, akik magas szint\u0171 k\u00e9nyelmet \u00e9s funkcionalit\u00e1st v\u00e1rnak el a felszerel\u00e9s\u00fckt\u0151l. A kab\u00e1t be\u00e9p\u00edtett f\u0171t\u0151rendszerrel rendelkezik, amely lehet\u0151v\u00e9 teszi, hogy minden id\u0151j\u00e1r\u00e1si k\u00f6r\u00fclm\u00e9nyek k\u00f6z\u00f6tt kellemes h\u0151m\u00e9rs\u00e9kletet tartson fenn. A h\u00e1romfokozat\u00fa f\u0171t\u00e9s egy gombnyom\u00e1ssal szab\u00e1lyozhat\u00f3 a mellzsebben tal\u00e1lhat\u00f3 t\u00e1rcs\u00e1val, a f\u0171t\u0151elemek pedig a kab\u00e1t elej\u00e9n \u00e9s h\u00e1tulj\u00e1n tal\u00e1lhat\u00f3k. A h\u00f3naljban tal\u00e1lhat\u00f3 integr\u00e1lt f\u0171t\u0151- \u00e9s szell\u0151z\u0151cipz\u00e1rak kombin\u00e1ci\u00f3ja lehet\u0151v\u00e9 teszi, hogy a h\u0151m\u00e9rs\u00e9kletet b\u00e1rmikor az \u00d6n ig\u00e9nyeihez igaz\u00edtsa.<\/p>\n<p>A Heat Game Jacket puha, csendes anyagb\u00f3l k\u00e9sz\u00fclt, \u00edgy k\u00f6zelebb ker\u00fclhetsz a j\u00e1t\u00e9khoz. A k\u00e9tir\u00e1ny\u00fa el\u00fcls\u0151 cipz\u00e1r nagyobb mozg\u00e1sszabads\u00e1got biztos\u00edt, m\u00edg a sz\u00e1mos funkcion\u00e1lis zseb k\u00f6nnyen hozz\u00e1f\u00e9rhet\u0151 t\u00e1rol\u00e1si lehet\u0151s\u00e9get k\u00edn\u00e1l minden alapvet\u0151 felszerel\u00e9sednek. A nagy el\u00fcls\u0151 \u00e9s k\u00e9zmeleg\u00edt\u0151 zsebek m\u00e1gneses z\u00e1r\u00f3d\u00e1ssal, a mellzsebek rejtett cipz\u00e1rral, a nagy h\u00e1ts\u00f3 zseb pedig patenttal, m\u00e1gneses z\u00e1r\u00f3d\u00e1ssal \u00e9s kivehet\u0151 biztons\u00e1gi mell\u00e9nnyel rendelkezik. A kab\u00e1t levehet\u0151 kapucnival, t\u00e9p\u0151z\u00e1rral \u00e1ll\u00edthat\u00f3 mandzsett\u00e1val, sz\u00e9lfog\u00f3val \u00e9s h\u00faz\u00f3zsin\u00f3rral \u00e1ll\u00edthat\u00f3 szeg\u00e9llyel rendelkezik a t\u00f6k\u00e9letes illeszked\u00e9s \u00e9rdek\u00e9ben.<\/p>\n<div>\n<h2>Term\u00e9k param\u00e9terek<\/h2>\n<\/div>\n<ul>\n<li>Puha \u00e9s csendes anyag<\/li>\n<li>Levehet\u0151 kapucni<\/li>\n<li>2-utas el\u00fcls\u0151 cipz\u00e1r k\u00f6z\u00e9pen<\/li>\n<li>K\u00e9t mellzseb rejtett cipz\u00e1ras z\u00e1r\u00f3d\u00e1ssal<\/li>\n<li>Nap\u00f3leoni zsebek<\/li>\n<li>K\u00e9t cipz\u00e1ras k\u00e9zmeleg\u00edt\u0151 zseb<\/li>\n<li>K\u00e9t el\u00fcls\u0151 zseb patentokkal \u00e9s m\u00e1gneses z\u00e1r\u00f3d\u00e1ssal<\/li>\n<li>Szell\u0151z\u0151 cipz\u00e1rak a h\u00f3naljban<\/li>\n<li>\u00c1ll\u00edthat\u00f3 mandzsetta t\u00e9p\u0151z\u00e1rral<\/li>\n<li>Vihar mandzsett\u00e1k<\/li>\n<li>H\u00e1rom bels\u0151 zseb<\/li>\n<li>Nagym\u00e9ret\u0171 h\u00e1ts\u00f3 zseb patenttal, m\u00e1gneses z\u00e1r\u00f3d\u00e1ssal, kivehet\u0151 biztons\u00e1gi mell\u00e9ny bel\u00fclr\u0151l<\/li>\n<li>\u00c1ll\u00edthat\u00f3 als\u00f3 szeg\u00e9ly h\u00faz\u00f3zsin\u00f3rral<\/li>\n<li>Bels\u0151 h\u00e1l\u00f3s szell\u0151z\u0151ny\u00edl\u00e1sok<\/li>\n<li>Integr\u00e1lt f\u0171t\u00e9si rendszer<\/li>\n<li>ON\/OFF gomb a jobb els\u0151 zsebben<\/li>\n<li>H\u00e1rom f\u0171t\u00e9si szint<\/li>\n<li>F\u0171t\u0151elemek: kett\u0151 el\u00f6l, egy a fels\u0151 h\u00e1ts\u00f3 r\u00e9szen<\/li>\n<li>G\u00e9pben moshat\u00f3<\/li>\n<li>Powerbank nem tartoz\u00e9k<\/li>\n<li>Egy 10 000 mAh kapacit\u00e1s\u00fa akkumul\u00e1tor haszn\u00e1lata aj\u00e1nlott.<\/li>\n<\/ul>","protected":false},"excerpt":{"rendered":"<p>A Deerhunter Heat Game Jacket REALTREE MAX-7\u00ae f\u0171thet\u0151 vad\u00e1szkab\u00e1t szab\u00e1lyozhat\u00f3 f\u0171t\u00e9s\u00e9vel, csendes anyag\u00e1val \u00e9s \u00e1tgondolt zsebkialak\u00edt\u00e1s\u00e1val kiv\u00e1l\u00f3 t\u00e1rs a hossz\u00fa, hideg vad\u00e1szatokon. A levehet\u0151 biztons\u00e1gi mell\u00e9ny, a szell\u0151z\u0151 cipz\u00e1rak \u00e9s a prec\u00edzen \u00e1ll\u00edthat\u00f3 illeszked\u00e9s egyszerre biztos\u00edtanak k\u00e9nyelmet, biztons\u00e1got \u00e9s funkcionalit\u00e1st a terepen.<\/p>","protected":false},"featured_media":19346,"template":"","meta":{"_gspb_post_css":""},"product_brand":[],"product_cat":[2329],"product_tag":[2322,2466],"class_list":{"0":"post-19281","1":"product","2":"type-product","3":"status-publish","4":"has-post-thumbnail","6":"product_cat-kabaty-a-svetre","7":"product_tag-deerhunter","8":"product_tag-heat-game-jacket","10":"first","11":"instock","12":"taxable","13":"shipping-taxable","14":"purchasable","15":"product-type-variable","16":"has-default-attributes"},"ct_brands":[],"_links":{"self":[{"href":"https:\/\/zbranebudai.sk\/hu\/wp-json\/wp\/v2\/product\/19281","targetHints":{"allow":["GET"]}}],"collection":[{"href":"https:\/\/zbranebudai.sk\/hu\/wp-json\/wp\/v2\/product"}],"about":[{"href":"https:\/\/zbranebudai.sk\/hu\/wp-json\/wp\/v2\/types\/product"}],"wp:featuredmedia":[{"embeddable":true,"href":"https:\/\/zbranebudai.sk\/hu\/wp-json\/wp\/v2\/media\/19346"}],"wp:attachment":[{"href":"https:\/\/zbranebudai.sk\/hu\/wp-json\/wp\/v2\/media?parent=19281"}],"wp:term":[{"taxonomy":"product_brand","embeddable":true,"href":"https:\/\/zbranebudai.sk\/hu\/wp-json\/wp\/v2\/product_brand?post=19281"},{"taxonomy":"product_cat","embeddable":true,"href":"https:\/\/zbranebudai.sk\/hu\/wp-json\/wp\/v2\/product_cat?post=19281"},{"taxonomy":"product_tag","embeddable":true,"href":"https:\/\/zbranebudai.sk\/hu\/wp-json\/wp\/v2\/product_tag?post=19281"}],"curies":[{"name":"wp","href":"https:\/\/api.w.org\/{rel}","templated":true}]}}