{"id":19280,"date":"2026-01-13T23:53:14","date_gmt":"2026-01-13T21:53:14","guid":{"rendered":"https:\/\/zbranebudai.sk\/?post_type=product&#038;p=19280"},"modified":"2026-01-14T12:32:13","modified_gmt":"2026-01-14T10:32:13","slug":"deerhunter-lady-pam-bonded-fleece-kabat-fordithato-noi-fleece-kabat","status":"publish","type":"product","link":"https:\/\/zbranebudai.sk\/hu\/product\/deerhunter-lady-pam-bonded-fleece-jacket-obojstranna-damska-fleecova-bunda\/","title":{"rendered":"Deerhunter Lady Pam Bonded Fleece Jacket Orange megford\u00edthat\u00f3 n\u0151i pol\u00e1r kab\u00e1t"},"content":{"rendered":"<p><strong>Deerhunter Lady Pam Bonded Fleece Jacket Orange megford\u00edthat\u00f3 n\u0151i pol\u00e1r kab\u00e1t<\/strong>\u00a0k\u00e9t st\u00edlus\u00fa kab\u00e1tot k\u00edn\u00e1l minden szabadt\u00e9ri tev\u00e9kenys\u00e9ghez. Az egyik oldal klasszikus, egysz\u00edn\u0171 kivitelben, m\u0171szarvasb\u0151r szeg\u00e9llyel a gall\u00e9ron, a mandzsett\u00e1kon \u00e9s a szeg\u00e9lyen, ami hagyom\u00e1nyos vid\u00e9ki megjelen\u00e9st k\u00f6lcs\u00f6n\u00f6z, m\u00edg a m\u00e1sik oldal \u00e9l\u00e9nk narancss\u00e1rga sz\u00edn\u0171, hogy j\u00f3l l\u00e1that\u00f3 legyen a terepen. A kab\u00e1t puha, csendes fleece anyagb\u00f3l k\u00e9sz\u00fclt, \u00e9s h\u00e1rom el\u00fcls\u0151 zsebbel rendelkezik rejtett cipz\u00e1rral \u00e9s h\u00e1rom bels\u0151 zsebbel, hogy biztons\u00e1gosan \u00e9s k\u00e9nyelmesen t\u00e1rolhassa a legfontosabb dolgokat.<\/p>\n<div>\n<h2>Term\u00e9k param\u00e9terek<\/h2>\n<\/div>\n<ul>\n<li>Agilis tervez\u00e9s<\/li>\n<li>H\u00e1rom el\u00fcls\u0151 zseb rejtett cipz\u00e1ras z\u00e1r\u00f3d\u00e1ssal<\/li>\n<li>H\u00e1rom bels\u0151 zseb<\/li>\n<li>Elasztikus szarvasb\u0151r szeg\u00e9ly a gall\u00e9ron, a mandzsett\u00e1n \u00e9s a szeg\u00e9lyen.<\/li>\n<li>Log\u00f3szalag a nyakon, az el\u00fcls\u0151 k\u00f6z\u00e9ps\u0151 \u00e9s az oldals\u00f3 varr\u00e1sokon<\/li>\n<\/ul>","protected":false},"excerpt":{"rendered":"<p>A Deerhunter Lady Pam Bonded Fleece Jacket Orange megford\u00edthat\u00f3 n\u0151i pol\u00e1r kab\u00e1t puha, halk anyag\u00e1val \u00e9s j\u00f3l l\u00e1that\u00f3 narancss\u00e1rga oldal\u00e1val k\u00e9nyelmes \u00e9s biztons\u00e1gos viseletet ny\u00fajt vad\u00e1szathoz \u00e9s mindennapi szabadt\u00e9ri haszn\u00e1lathoz. Klasszikus \u00e9s figyelemfelkelt\u0151 st\u00edlusa egyar\u00e1nt j\u00f3l kombin\u00e1lhat\u00f3 farmerrel, csizm\u00e1val vagy vad\u00e1szruh\u00e1zattal.<\/p>","protected":false},"featured_media":19344,"template":"","meta":{"_gspb_post_css":""},"product_brand":[],"product_cat":[2329],"product_tag":[2322,2465],"class_list":{"0":"post-19280","1":"product","2":"type-product","3":"status-publish","4":"has-post-thumbnail","6":"product_cat-kabaty-a-svetre","7":"product_tag-deerhunter","8":"product_tag-lady-pam-bonded-fleece-jacket-reversible","10":"first","11":"instock","12":"taxable","13":"shipping-taxable","14":"purchasable","15":"product-type-variable","16":"has-default-attributes"},"ct_brands":[],"_links":{"self":[{"href":"https:\/\/zbranebudai.sk\/hu\/wp-json\/wp\/v2\/product\/19280","targetHints":{"allow":["GET"]}}],"collection":[{"href":"https:\/\/zbranebudai.sk\/hu\/wp-json\/wp\/v2\/product"}],"about":[{"href":"https:\/\/zbranebudai.sk\/hu\/wp-json\/wp\/v2\/types\/product"}],"wp:featuredmedia":[{"embeddable":true,"href":"https:\/\/zbranebudai.sk\/hu\/wp-json\/wp\/v2\/media\/19344"}],"wp:attachment":[{"href":"https:\/\/zbranebudai.sk\/hu\/wp-json\/wp\/v2\/media?parent=19280"}],"wp:term":[{"taxonomy":"product_brand","embeddable":true,"href":"https:\/\/zbranebudai.sk\/hu\/wp-json\/wp\/v2\/product_brand?post=19280"},{"taxonomy":"product_cat","embeddable":true,"href":"https:\/\/zbranebudai.sk\/hu\/wp-json\/wp\/v2\/product_cat?post=19280"},{"taxonomy":"product_tag","embeddable":true,"href":"https:\/\/zbranebudai.sk\/hu\/wp-json\/wp\/v2\/product_tag?post=19280"}],"curies":[{"name":"wp","href":"https:\/\/api.w.org\/{rel}","templated":true}]}}