{"id":19279,"date":"2026-01-13T23:53:14","date_gmt":"2026-01-13T21:53:14","guid":{"rendered":"https:\/\/zbranebudai.sk\/?post_type=product&#038;p=19279"},"modified":"2026-01-14T12:29:24","modified_gmt":"2026-01-14T10:29:24","slug":"deerhunter-elbert-parnazott-ing-kabat-zold-kockas-parnazott-ing-kabat","status":"publish","type":"product","link":"https:\/\/zbranebudai.sk\/hu\/product\/deerhunter-elbert-padded-shirt-jacket-green-check-vystuzena-koselova-bunda\/","title":{"rendered":"Deerhunter Elbert Padded Shirt Jacket Green Check b\u00e9lelt flanel ingdzseki"},"content":{"rendered":"<p><strong>Deerhunter Elbert Padded Shirt Jacket Green Check b\u00e9lelt flanel ingdzseki<\/strong>\u00a0a klasszikus flanel ing megjelen\u00e9s\u00e9t egy praktikus kab\u00e1ttal kombin\u00e1lja, amely fels\u0151 r\u00e9tegk\u00e9nt is viselhet\u0151. DEER-TEX\u00ae Temp szigetel\u00e9ssel ell\u00e1tott, sz\u00e1lcsiszolt pamutb\u00f3l k\u00e9sz\u00fclt, amely k\u00f6nny\u0171 meleget \u00e9s puha k\u00e9nyelmet biztos\u00edt, m\u00edg a steppelt test, a kontrasztos v\u00e1llak \u00e9s a k\u00f6ny\u00f6kfoltok jellegzetes \u00e9s tart\u00f3s megjelen\u00e9st k\u00f6lcs\u00f6n\u00f6znek neki. Az el\u00fcls\u0151, patentos mellzsebek \u00e9s oldalzsebek rengeteg k\u00f6nnyen hozz\u00e1f\u00e9rhet\u0151 t\u00e1rol\u00f3helyet biztos\u00edtanak a mindennapi haszn\u00e1lathoz \u00e9s a szabadban v\u00e9gzett munk\u00e1hoz.<\/p>\n<div>\n<h2>Term\u00e9k param\u00e9terek<\/h2>\n<\/div>\n<ul>\n<li>Steppelt, b\u00e9lelt flanel ing<\/li>\n<li>Kontrasztos anyag a v\u00e1ll- \u00e9s k\u00f6ny\u00f6kfoltokon<\/li>\n<li>Ing st\u00edlus\u00fa el\u0151lap log\u00f3val \u00e9s gombokkal<\/li>\n<li>K\u00e9t mellkasi zseb patentokkal<\/li>\n<li>K\u00e9t oldals\u00f3 zseb<\/li>\n<\/ul>","protected":false},"excerpt":{"rendered":"<p>A Deerhunter Elbert Padded Shirt Jacket Green Check b\u00e9lelt flanel ingdzseki viselhet\u0151 meleg, szigetelt ingk\u00e9nt vagy k\u00f6nny\u0171 dzsekik\u00e9nt, ez\u00e9rt rugalmasan igazodik a h\u0171v\u00f6sebb napokhoz \u00e9s a kinti feladatokhoz. K\u00e9nyelmes szab\u00e1sa \u00e9s visszafogott kock\u00e1s mint\u00e1ja j\u00f3l illik vad\u00e1szathoz, erdei munk\u00e1hoz \u00e9s h\u00e9tk\u00f6znapi szabadid\u0151s viselethez is.<\/p>","protected":false},"featured_media":19342,"template":"","meta":{"_gspb_post_css":""},"product_brand":[],"product_cat":[2323],"product_tag":[2322,2464],"class_list":{"0":"post-19279","1":"product","2":"type-product","3":"status-publish","4":"has-post-thumbnail","6":"product_cat-kosele-a-tricka","7":"product_tag-deerhunter","8":"product_tag-elbert-padded-shirt-jacket","10":"first","11":"instock","12":"taxable","13":"shipping-taxable","14":"purchasable","15":"product-type-variable","16":"has-default-attributes"},"ct_brands":[],"_links":{"self":[{"href":"https:\/\/zbranebudai.sk\/hu\/wp-json\/wp\/v2\/product\/19279","targetHints":{"allow":["GET"]}}],"collection":[{"href":"https:\/\/zbranebudai.sk\/hu\/wp-json\/wp\/v2\/product"}],"about":[{"href":"https:\/\/zbranebudai.sk\/hu\/wp-json\/wp\/v2\/types\/product"}],"wp:featuredmedia":[{"embeddable":true,"href":"https:\/\/zbranebudai.sk\/hu\/wp-json\/wp\/v2\/media\/19342"}],"wp:attachment":[{"href":"https:\/\/zbranebudai.sk\/hu\/wp-json\/wp\/v2\/media?parent=19279"}],"wp:term":[{"taxonomy":"product_brand","embeddable":true,"href":"https:\/\/zbranebudai.sk\/hu\/wp-json\/wp\/v2\/product_brand?post=19279"},{"taxonomy":"product_cat","embeddable":true,"href":"https:\/\/zbranebudai.sk\/hu\/wp-json\/wp\/v2\/product_cat?post=19279"},{"taxonomy":"product_tag","embeddable":true,"href":"https:\/\/zbranebudai.sk\/hu\/wp-json\/wp\/v2\/product_tag?post=19279"}],"curies":[{"name":"wp","href":"https:\/\/api.w.org\/{rel}","templated":true}]}}