{"id":19277,"date":"2026-01-13T23:53:14","date_gmt":"2026-01-13T21:53:14","guid":{"rendered":"https:\/\/zbranebudai.sk\/?post_type=product&#038;p=19277"},"modified":"2026-01-14T12:24:59","modified_gmt":"2026-01-14T10:24:59","slug":"deerhunter-excape-esokabat-realtree-excape-vizallo-fel-kabat","status":"publish","type":"product","link":"https:\/\/zbranebudai.sk\/hu\/product\/deerhunter-excape-rain-jacket-realtree-excape-nepremokava-polovnicka-bunda\/","title":{"rendered":"Deerhunter Excape Rain Jacket REALTREE EXCAPE\u2122 v\u00edz\u00e1ll\u00f3 vad\u00e1szes\u0151kab\u00e1t"},"content":{"rendered":"<p><strong>Deerhunter Excape Rain Jacket REALTREE EXCAPE\u2122 v\u00edz\u00e1ll\u00f3 vad\u00e1szes\u0151kab\u00e1t<\/strong>\u00a0akt\u00edv szabadid\u0151s tev\u00e9kenys\u00e9gekhez tervezt\u00e9k, azok sz\u00e1m\u00e1ra, akik rossz id\u0151ben is szeretnek id\u0151t t\u00f6lteni a szabadban. A kab\u00e1t ergonomikus szab\u00e1ssal, kapucnival, v\u00edz\u00e1ll\u00f3 el\u00fcls\u0151 cipz\u00e1rral \u00e9s meger\u0151s\u00edtett anyaggal rendelkezik a v\u00e1llakon, k\u00f6ny\u00f6k\u00f6k\u00f6n \u00e9s ujjbegyeken. Az el\u0151form\u00e1zott k\u00f6ny\u00f6k \u00e9s a t\u00e9p\u0151z\u00e1rral \u00e1ll\u00edthat\u00f3 mandzsett\u00e1k n\u00f6velik a k\u00e9nyelmet \u00e9s a mozg\u00e1sszabads\u00e1got. A praktikus zsebkialak\u00edt\u00e1s rengeteg biztons\u00e1gos t\u00e1rol\u00f3helyet biztos\u00edt, r\u00e1di\u00f3zsebbel, antenna kivezet\u00e9ssel, k\u00e9zmeleg\u00edt\u0151 zsebekkel \u00e9s el\u00fcls\u0151 zsebekkel, amelyek mindegyike v\u00edz\u00e1ll\u00f3 cipz\u00e1rral rendelkezik. A h\u00f3nalj alatti v\u00edz\u00e1ll\u00f3 szell\u0151z\u0151 cipz\u00e1rak \u00e9s a sz\u00e9l\u00e1ll\u00f3 neopr\u00e9n mandzsett\u00e1k seg\u00edtenek sz\u00e1razon maradni, m\u00edg a der\u00e9k \u00e9s a szeg\u00e9ly h\u00faz\u00f3zsin\u00f3rral \u00e1ll\u00edthat\u00f3 a t\u00f6k\u00e9letes illeszked\u00e9s \u00e9rdek\u00e9ben. A kab\u00e1t egysz\u00edn\u0171 z\u00f6ld sz\u00ednben vagy felt\u0171n\u0151 terepsz\u00edn\u0171 Realtree EXCAPE\u2122 mint\u00e1val kaphat\u00f3.<\/p>\n<div>\n<h2>Term\u00e9k param\u00e9terek<\/h2>\n<\/div>\n<ul>\n<li>Meger\u0151s\u00edtett anyag a v\u00e1llakon, k\u00f6ny\u00f6k\u00f6k\u00f6n \u00e9s ujjbegyeken<\/li>\n<li>Kapucnis<\/li>\n<li>V\u00edz\u00e1ll\u00f3 YKK cipz\u00e1r a k\u00f6z\u00e9ps\u0151 el\u00fcls\u0151 r\u00e9szen<\/li>\n<li>R\u00e1di\u00f3t\u00e1ska v\u00edz\u00e1ll\u00f3 cipz\u00e1rral<\/li>\n<li>Er\u0151s\u00edtett kimenet az antenn\u00e1hoz<\/li>\n<li>K\u00e9t k\u00e9zmeleg\u00edt\u0151 zseb v\u00edz\u00e1ll\u00f3 cipz\u00e1rral<\/li>\n<li>K\u00e9t el\u00fcls\u0151 zseb v\u00edz\u00e1ll\u00f3 cipz\u00e1rral<\/li>\n<li>V\u00edz\u00e1ll\u00f3 h\u00f3nalj cipz\u00e1rak a szell\u0151z\u00e9shez<\/li>\n<li>El\u0151re form\u00e1zott k\u00f6ny\u00f6k\u00f6k<\/li>\n<li>\u00c1ll\u00edthat\u00f3 mandzsetta t\u00e9p\u0151z\u00e1rral<\/li>\n<li>Neopr\u00e9n vihar mandzsetta<\/li>\n<li>\u00c1ll\u00edthat\u00f3 der\u00e9kp\u00e1nt h\u00faz\u00f3zsin\u00f3rral<\/li>\n<li>\u00c1ll\u00edthat\u00f3 h\u00faz\u00f3zsin\u00f3r az alj\u00e1n<\/li>\n<li>Ny\u00fajtott, hosszabb fazon<\/li>\n<\/ul>","protected":false},"excerpt":{"rendered":"<p>A Deerhunter Excape Rain Jacket REALTREE EXCAPE\u2122 v\u00edz\u00e1ll\u00f3 vad\u00e1szes\u0151kab\u00e1t megb\u00edzhat\u00f3 v\u00e9delmet ny\u00fajt es\u0151, sz\u00e9l \u00e9s v\u00e1ltoz\u00e9kony id\u0151j\u00e1r\u00e1s ellen, mik\u00f6zben kiv\u00e1l\u00f3 mozg\u00e1sszabads\u00e1got biztos\u00edt cserkel\u00e9shez \u00e9s akt\u00edv vad\u00e1szathoz. Fejlett zsebkialak\u00edt\u00e1sa \u00e9s \u00e1ll\u00edthat\u00f3 r\u00e9szei miatt profi v\u00e1laszt\u00e1s mindazoknak, akik hossz\u00fa \u00f3r\u00e1kat t\u00f6ltenek a terepen.<\/p>","protected":false},"featured_media":19335,"template":"","meta":{"_gspb_post_css":""},"product_brand":[],"product_cat":[2329],"product_tag":[2322,2462],"class_list":{"0":"post-19277","1":"product","2":"type-product","3":"status-publish","4":"has-post-thumbnail","6":"product_cat-kabaty-a-svetre","7":"product_tag-deerhunter","8":"product_tag-excape-rain-jacket","10":"first","11":"instock","12":"taxable","13":"shipping-taxable","14":"purchasable","15":"product-type-variable","16":"has-default-attributes"},"ct_brands":[],"_links":{"self":[{"href":"https:\/\/zbranebudai.sk\/hu\/wp-json\/wp\/v2\/product\/19277","targetHints":{"allow":["GET"]}}],"collection":[{"href":"https:\/\/zbranebudai.sk\/hu\/wp-json\/wp\/v2\/product"}],"about":[{"href":"https:\/\/zbranebudai.sk\/hu\/wp-json\/wp\/v2\/types\/product"}],"wp:featuredmedia":[{"embeddable":true,"href":"https:\/\/zbranebudai.sk\/hu\/wp-json\/wp\/v2\/media\/19335"}],"wp:attachment":[{"href":"https:\/\/zbranebudai.sk\/hu\/wp-json\/wp\/v2\/media?parent=19277"}],"wp:term":[{"taxonomy":"product_brand","embeddable":true,"href":"https:\/\/zbranebudai.sk\/hu\/wp-json\/wp\/v2\/product_brand?post=19277"},{"taxonomy":"product_cat","embeddable":true,"href":"https:\/\/zbranebudai.sk\/hu\/wp-json\/wp\/v2\/product_cat?post=19277"},{"taxonomy":"product_tag","embeddable":true,"href":"https:\/\/zbranebudai.sk\/hu\/wp-json\/wp\/v2\/product_tag?post=19277"}],"curies":[{"name":"wp","href":"https:\/\/api.w.org\/{rel}","templated":true}]}}