{"id":19249,"date":"2026-01-13T23:52:51","date_gmt":"2026-01-13T21:52:51","guid":{"rendered":"https:\/\/zbranebudai.sk\/?post_type=product&#038;p=19249"},"modified":"2026-01-14T12:23:40","modified_gmt":"2026-01-14T10:23:40","slug":"deerhunter-gamekeeper-bonded-fleece-dzseki-narancssarga-fordithato-fleece-dzseki","status":"publish","type":"product","link":"https:\/\/zbranebudai.sk\/hu\/product\/deerhunter-gamekeeper-bonded-fleece-jacket-orange-obojstranna-fleecova-bunda\/","title":{"rendered":"Deerhunter Gamekeeper Bonded Fleece Jacket Orange megford\u00edthat\u00f3 pol\u00e1r kab\u00e1t"},"content":{"rendered":"<p><strong>Deerhunter Gamekeeper Bonded Fleece Jacket Orange megford\u00edthat\u00f3 pol\u00e1r kab\u00e1t<\/strong>\u00a0vad\u00e1szatra \u00e9s szabadid\u0151re tervezt\u00e9k, k\u00e9t st\u00edlust k\u00edn\u00e1l egy kab\u00e1tban. Az egyik oldal klasszikus egysz\u00edn\u0171, jellegzetes m\u0171szarvasb\u0151r szeg\u00e9llyel a hagyom\u00e1nyos vid\u00e9ki megjelen\u00e9s \u00e9rdek\u00e9ben, m\u00edg a m\u00e1sik oldal modern \u00e9s j\u00f3l l\u00e1that\u00f3 narancss\u00e1rga sz\u00edn\u0171, amely k\u00fcl\u00f6n\u00f6sen hasznos s\u00f6t\u00e9t k\u00f6r\u00fclm\u00e9nyek k\u00f6z\u00f6tt vagy olyan helyzetekben, ahol nagyobb l\u00e1that\u00f3s\u00e1gra van sz\u00fcks\u00e9g. A Gamekeeper kab\u00e1t meleg, puha \u00e9s csendes fleece anyagb\u00f3l k\u00e9sz\u00fclt, h\u00e1rom el\u00fcls\u0151 \u00e9s h\u00e1rom bels\u0151 rejtett cipz\u00e1ras zsebbel, amelyekben biztons\u00e1gban tarthatja minden fontos holmij\u00e1t.<\/p>\n<div>\n<h2>Term\u00e9k param\u00e9terek<\/h2>\n<\/div>\n<ul>\n<li>CE tan\u00fas\u00edt\u00e1s<\/li>\n<li>PPE CAT II tan\u00fas\u00edtv\u00e1ny (EN 17353:2020)<\/li>\n<li>Megford\u00edthat\u00f3 kialak\u00edt\u00e1s<\/li>\n<li>H\u00e1rom el\u00fcls\u0151 zseb rejtett cipz\u00e1rral<\/li>\n<li>H\u00e1rom bels\u0151 zseb rejtett cipz\u00e1rral<\/li>\n<li>M\u0171szarvasb\u0151r szeg\u00e9ly a gall\u00e9ron, a zsebsz\u00e9leken, a mandzsett\u00e1n \u00e9s a szeg\u00e9lyen.<\/li>\n<li>Log\u00f3szalag a nyakon, az el\u00fcls\u0151 k\u00f6z\u00e9ps\u0151 \u00e9s az oldals\u00f3 varr\u00e1sokon<\/li>\n<\/ul>","protected":false},"excerpt":{"rendered":"<p>A Deerhunter Gamekeeper Bonded Fleece Jacket megford\u00edthat\u00f3 pol\u00e1r kab\u00e1t meleg, halk anyag\u00e1val \u00e9s j\u00f3l l\u00e1that\u00f3 narancss\u00e1rga oldal\u00e1val biztons\u00e1gos \u00e9s k\u00e9nyelmes viseletet biztos\u00edt vad\u00e1szatokon \u00e9s m\u00e1s k\u00fclt\u00e9ri tev\u00e9kenys\u00e9geken. Klasszikus \u00e9s figyelemfelkelt\u0151 st\u00edlus\u00e1t a praktikus, rejtett cipz\u00e1ras zsebek teszik teljess\u00e9.<\/p>","protected":false},"featured_media":19333,"template":"","meta":{"_gspb_post_css":""},"product_brand":[],"product_cat":[2329],"product_tag":[2322,2453],"class_list":{"0":"post-19249","1":"product","2":"type-product","3":"status-publish","4":"has-post-thumbnail","6":"product_cat-kabaty-a-svetre","7":"product_tag-deerhunter","8":"product_tag-gamekeeper-bonded-fleece-jacket-reversible","10":"first","11":"instock","12":"taxable","13":"shipping-taxable","14":"purchasable","15":"product-type-variable","16":"has-default-attributes"},"ct_brands":[],"_links":{"self":[{"href":"https:\/\/zbranebudai.sk\/hu\/wp-json\/wp\/v2\/product\/19249","targetHints":{"allow":["GET"]}}],"collection":[{"href":"https:\/\/zbranebudai.sk\/hu\/wp-json\/wp\/v2\/product"}],"about":[{"href":"https:\/\/zbranebudai.sk\/hu\/wp-json\/wp\/v2\/types\/product"}],"wp:featuredmedia":[{"embeddable":true,"href":"https:\/\/zbranebudai.sk\/hu\/wp-json\/wp\/v2\/media\/19333"}],"wp:attachment":[{"href":"https:\/\/zbranebudai.sk\/hu\/wp-json\/wp\/v2\/media?parent=19249"}],"wp:term":[{"taxonomy":"product_brand","embeddable":true,"href":"https:\/\/zbranebudai.sk\/hu\/wp-json\/wp\/v2\/product_brand?post=19249"},{"taxonomy":"product_cat","embeddable":true,"href":"https:\/\/zbranebudai.sk\/hu\/wp-json\/wp\/v2\/product_cat?post=19249"},{"taxonomy":"product_tag","embeddable":true,"href":"https:\/\/zbranebudai.sk\/hu\/wp-json\/wp\/v2\/product_tag?post=19249"}],"curies":[{"name":"wp","href":"https:\/\/api.w.org\/{rel}","templated":true}]}}