{"id":19247,"date":"2026-01-13T23:52:50","date_gmt":"2026-01-13T21:52:50","guid":{"rendered":"https:\/\/zbranebudai.sk\/?post_type=product&#038;p=19247"},"modified":"2026-01-14T12:20:30","modified_gmt":"2026-01-14T10:20:30","slug":"deerhunter-northward-belelt-kabat-puska-zold-belelt-kabat","status":"publish","type":"product","link":"https:\/\/zbranebudai.sk\/hu\/product\/deerhunter-northward-padded-jacket-rifle-green-vystuzena-bunda\/","title":{"rendered":"Deerhunter Northward Padded Jacket Rifle Green steppelt kab\u00e1t"},"content":{"rendered":"<p><strong>Deerhunter Northward Padded Jacket Rifle Green steppelt kab\u00e1t<\/strong>\u00a0egyes\u00edti a klasszikus steppelt kab\u00e1tok ikonikus megjelen\u00e9s\u00e9t a DEERHUNTER anyagtechnol\u00f3gi\u00e1val. A DEER-TEX\u00ae Temp b\u00e9l\u00e9s kiv\u00e1l\u00f3 h\u0151szigetel\u00e9st \u00e9s kiv\u00e9teles puhas\u00e1got biztos\u00edt, t\u00f6bbr\u00e9teg\u0171 szerkezetben tartja meg a testh\u0151t, m\u00edg a kontrasztos v\u00e1ll- \u00e9s oldals\u00f3 panelek \u00e9s a v\u00edzleperget\u0151 kivitel eleg\u00e1ns, m\u00e9gis praktikus megjelen\u00e9st k\u00f6lcs\u00f6n\u00f6z a kab\u00e1tnak, hogy sz\u00e1razon \u00e9s k\u00e9nyelmesen mozoghasson a szabadban.<\/p>\n<div>\n<h2>Term\u00e9k param\u00e9terek<\/h2>\n<\/div>\n<ul>\n<li>K\u00e9t el\u00fcls\u0151 zseb rejtett cipz\u00e1ras z\u00e1r\u00f3d\u00e1ssal<\/li>\n<li>Elasztikus mandzsetta<\/li>\n<li>Bels\u0151 zseb cipz\u00e1rral<\/li>\n<\/ul>","protected":false},"excerpt":{"rendered":"<p>A Deerhunter Northward Padded Jacket Rifle Green steppelt kab\u00e1t megb\u00edzhat\u00f3 meleget \u00e9s k\u00e9nyelmet ny\u00fajt a szabadban, szabadid\u0151s vagy h\u00e9tk\u00f6znapi haszn\u00e1lat sor\u00e1n egyar\u00e1nt. St\u00edlusos megjelen\u00e9se miatt k\u00f6nnyen beilleszthet\u0151 b\u00e1rmelyik outdoor ruhat\u00e1rba.<\/p>","protected":false},"featured_media":19326,"template":"","meta":{"_gspb_post_css":""},"product_brand":[],"product_cat":[2329],"product_tag":[2322,2451],"class_list":{"0":"post-19247","1":"product","2":"type-product","3":"status-publish","4":"has-post-thumbnail","6":"product_cat-kabaty-a-svetre","7":"product_tag-deerhunter","8":"product_tag-northward-padded-jacket","10":"first","11":"instock","12":"taxable","13":"shipping-taxable","14":"purchasable","15":"product-type-variable","16":"has-default-attributes"},"ct_brands":[],"_links":{"self":[{"href":"https:\/\/zbranebudai.sk\/hu\/wp-json\/wp\/v2\/product\/19247","targetHints":{"allow":["GET"]}}],"collection":[{"href":"https:\/\/zbranebudai.sk\/hu\/wp-json\/wp\/v2\/product"}],"about":[{"href":"https:\/\/zbranebudai.sk\/hu\/wp-json\/wp\/v2\/types\/product"}],"wp:featuredmedia":[{"embeddable":true,"href":"https:\/\/zbranebudai.sk\/hu\/wp-json\/wp\/v2\/media\/19326"}],"wp:attachment":[{"href":"https:\/\/zbranebudai.sk\/hu\/wp-json\/wp\/v2\/media?parent=19247"}],"wp:term":[{"taxonomy":"product_brand","embeddable":true,"href":"https:\/\/zbranebudai.sk\/hu\/wp-json\/wp\/v2\/product_brand?post=19247"},{"taxonomy":"product_cat","embeddable":true,"href":"https:\/\/zbranebudai.sk\/hu\/wp-json\/wp\/v2\/product_cat?post=19247"},{"taxonomy":"product_tag","embeddable":true,"href":"https:\/\/zbranebudai.sk\/hu\/wp-json\/wp\/v2\/product_tag?post=19247"}],"curies":[{"name":"wp","href":"https:\/\/api.w.org\/{rel}","templated":true}]}}