{"id":19246,"date":"2026-01-13T23:52:50","date_gmt":"2026-01-13T21:52:50","guid":{"rendered":"https:\/\/zbranebudai.sk\/?post_type=product&#038;p=19246"},"modified":"2026-01-14T12:18:41","modified_gmt":"2026-01-14T10:18:41","slug":"deerhunter-lady-northward-fleece-kabat-hickory-noi-fleece-kabat","status":"publish","type":"product","link":"https:\/\/zbranebudai.sk\/hu\/product\/deerhunter-lady-northward-fleece-jacket-hickory-damska-fleecova-bunda\/","title":{"rendered":"Deerhunter Lady Northward Fleece Jacket Hickory n\u0151i pol\u00e1r kab\u00e1t"},"content":{"rendered":"<p><strong>Deerhunter Lady Northward Fleece Jacket Hickory n\u0151i pol\u00e1r kab\u00e1t<\/strong>\u00a0puha, k\u00e9nyelmes \u00e9s st\u00edlusos, mer\u00e9szen kontrasztos sz\u00ednekkel \u00e9s anyagokkal. Ez a t\u00f6k\u00e9letes gyapj\u00fakab\u00e1t t\u00e9len praktikus k\u00f6z\u00e9ps\u0151 r\u00e9tegk\u00e9nt, enyh\u00e9bb id\u0151ben pedig k\u00fcls\u0151 r\u00e9tegk\u00e9nt viselhet\u0151. A Lady Northward kab\u00e1ttal \u00e9s mell\u00e9nnyel \u00f6sszehangolt kollekci\u00f3 az ikonikus steppelt kab\u00e1tok id\u0151tlen diz\u00e1jnj\u00e1t \u00e9s tart\u00f3s jelleg\u00e9t id\u00e9zi fel k\u00fcl\u00f6nb\u00f6z\u0151 sz\u00ednkombin\u00e1ci\u00f3kban. A rugalmas fleece anyag \u00e9s a rugalmas mandzsett\u00e1k \u00e9s szeg\u00e9ly k\u00e9nyelmes illeszked\u00e9st \u00e9s sportos megjelen\u00e9st biztos\u00edt, \u00edgy ez a kab\u00e1t sokoldal\u00fa darabja a szabadt\u00e9ri vagy alkalmi ruhat\u00e1rnak.<\/p>\n<div>\n<h2>Term\u00e9k param\u00e9terek<\/h2>\n<\/div>\n<ul>\n<li>Polar kab\u00e1t kontrasztos bet\u00e9tekkel<\/li>\n<li>K\u00e9t el\u00fcls\u0151 zseb rejtett cipz\u00e1rral<\/li>\n<li>Elasztikus mandzsetta \u00e9s szeg\u00e9ly<\/li>\n<\/ul>","protected":false},"excerpt":{"rendered":"<p>A Deerhunter Lady Northward Fleece Jacket Hickory n\u0151i pol\u00e1r kab\u00e1t megb\u00edzhat\u00f3 meleget ad \u00e9s szabad mozg\u00e1st biztos\u00edt vad\u00e1szathoz, t\u00far\u00e1z\u00e1shoz vagy mindennapi haszn\u00e1latra. Letisztult, n\u0151ies szab\u00e1sa miatt k\u00f6nnyen kombin\u00e1lhat\u00f3 m\u00e1s k\u00fclt\u00e9ri ruhadarabokkal is.<\/p>","protected":false},"featured_media":19324,"template":"","meta":{"_gspb_post_css":""},"product_brand":[],"product_cat":[2329],"product_tag":[2322,2450],"class_list":{"0":"post-19246","1":"product","2":"type-product","3":"status-publish","4":"has-post-thumbnail","6":"product_cat-kabaty-a-svetre","7":"product_tag-deerhunter","8":"product_tag-lady-northward-fleece-jacket","10":"first","11":"instock","12":"taxable","13":"shipping-taxable","14":"purchasable","15":"product-type-variable","16":"has-default-attributes"},"ct_brands":[],"_links":{"self":[{"href":"https:\/\/zbranebudai.sk\/hu\/wp-json\/wp\/v2\/product\/19246","targetHints":{"allow":["GET"]}}],"collection":[{"href":"https:\/\/zbranebudai.sk\/hu\/wp-json\/wp\/v2\/product"}],"about":[{"href":"https:\/\/zbranebudai.sk\/hu\/wp-json\/wp\/v2\/types\/product"}],"wp:featuredmedia":[{"embeddable":true,"href":"https:\/\/zbranebudai.sk\/hu\/wp-json\/wp\/v2\/media\/19324"}],"wp:attachment":[{"href":"https:\/\/zbranebudai.sk\/hu\/wp-json\/wp\/v2\/media?parent=19246"}],"wp:term":[{"taxonomy":"product_brand","embeddable":true,"href":"https:\/\/zbranebudai.sk\/hu\/wp-json\/wp\/v2\/product_brand?post=19246"},{"taxonomy":"product_cat","embeddable":true,"href":"https:\/\/zbranebudai.sk\/hu\/wp-json\/wp\/v2\/product_cat?post=19246"},{"taxonomy":"product_tag","embeddable":true,"href":"https:\/\/zbranebudai.sk\/hu\/wp-json\/wp\/v2\/product_tag?post=19246"}],"curies":[{"name":"wp","href":"https:\/\/api.w.org\/{rel}","templated":true}]}}