{"id":19245,"date":"2026-01-13T23:52:50","date_gmt":"2026-01-13T21:52:50","guid":{"rendered":"https:\/\/zbranebudai.sk\/?post_type=product&#038;p=19245"},"modified":"2026-01-14T12:16:54","modified_gmt":"2026-01-14T10:16:54","slug":"deerhunter-track-esokabat-kulacs-vadaszkabat","status":"publish","type":"product","link":"https:\/\/zbranebudai.sk\/hu\/product\/deerhunter-track-rain-jacket-canteen-lovecka-bunda\/","title":{"rendered":"Deerhunter Track Rain Jacket Canteen vad\u00e1sz es\u0151kab\u00e1t"},"content":{"rendered":"<p data-start=\"56\" data-end=\"455\"><strong>Deerhunter Track Rain Jacket Canteen vad\u00e1sz es\u0151kab\u00e1t<\/strong>\u00a0Deer-Tex\u00ae Performance Shell membr\u00e1nb\u00f3l k\u00e9sz\u00fclt \u00e9s ragasztott varratokkal rendelkezik, \u00edgy a 100 % v\u00edz\u00e1ll\u00f3, \u00e9s megb\u00edzhat\u00f3 v\u00e9delmet ny\u00fajt es\u0151s \u00e9s szeles id\u0151ben. A Track v\u00edz\u00e1ll\u00f3 dzseki OEKO-TEX\u00ae STANDARD 100 tan\u00fas\u00edtv\u00e1nnyal rendelkezik, amely igazolja, hogy a term\u00e9ket a nemzetk\u00f6zi OEKO-TEX\u00ae sz\u00f6vets\u00e9g k\u00f6vetelm\u00e9nyei szerint tesztelt\u00e9k \u00e9s j\u00f3v\u00e1hagyt\u00e1k.<\/p>\n<div>\n<h2>Term\u00e9k param\u00e9terek<\/h2>\n<\/div>\n<ul>\n<li data-start=\"459\" data-end=\"477\">Levehet\u0151 kapucni<\/li>\n<li data-start=\"480\" data-end=\"504\">Meger\u0151s\u00edtett v\u00e1llr\u00e9sz<\/li>\n<li data-start=\"507\" data-end=\"548\">K\u00e9t cipz\u00e1ras, meger\u0151s\u00edtett el\u00fcls\u0151 zseb<\/li>\n<li data-start=\"551\" data-end=\"586\">El\u0151re kialak\u00edtott h\u00fcvelyek meger\u0151s\u00edt\u00e9ssel<\/li>\n<li data-start=\"589\" data-end=\"630\">\u00c1ll\u00edthat\u00f3 h\u00faz\u00f3zsin\u00f3r a der\u00e9ksz\u00edj h\u00e1ts\u00f3 r\u00e9sz\u00e9n<\/li>\n<li data-start=\"633\" data-end=\"663\">\u00c1ll\u00edthat\u00f3 h\u00faz\u00f3zsin\u00f3r az alj\u00e1n<\/li>\n<li data-start=\"666\" data-end=\"709\">\u00c1ll\u00edthat\u00f3 ujjbegyek p\u00e1ntokkal \u00e9s t\u00e9p\u0151z\u00e1rral<\/li>\n<li data-start=\"712\" data-end=\"743\">K\u00e9t nagy bels\u0151 zseb cipz\u00e1rral<\/li>\n<\/ul>","protected":false},"excerpt":{"rendered":"<p>A Deerhunter Track Rain Jacket Canteen vad\u00e1sz es\u0151kab\u00e1t kiv\u00e1l\u00f3 v\u00e1laszt\u00e1s, ha eg\u00e9sz nap kint tart\u00f3zkodik a szabadban v\u00e1ltoz\u00e9kony id\u0151j\u00e1r\u00e1s mellett. V\u00edz\u00e1ll\u00f3 membr\u00e1nja, \u00e1ll\u00edthat\u00f3 r\u00e9szei \u00e9s praktikus zsebei k\u00e9nyelmes, funkcion\u00e1lis viseletet biztos\u00edtanak akt\u00edv vad\u00e1szathoz \u00e9s m\u00e1s outdoor tev\u00e9kenys\u00e9gekhez.<\/p>","protected":false},"featured_media":19319,"template":"","meta":{"_gspb_post_css":""},"product_brand":[],"product_cat":[2329],"product_tag":[2322,2449],"class_list":{"0":"post-19245","1":"product","2":"type-product","3":"status-publish","4":"has-post-thumbnail","6":"product_cat-kabaty-a-svetre","7":"product_tag-deerhunter","8":"product_tag-track-rain-jacket","10":"first","11":"instock","12":"taxable","13":"shipping-taxable","14":"purchasable","15":"product-type-variable","16":"has-default-attributes"},"ct_brands":[],"_links":{"self":[{"href":"https:\/\/zbranebudai.sk\/hu\/wp-json\/wp\/v2\/product\/19245","targetHints":{"allow":["GET"]}}],"collection":[{"href":"https:\/\/zbranebudai.sk\/hu\/wp-json\/wp\/v2\/product"}],"about":[{"href":"https:\/\/zbranebudai.sk\/hu\/wp-json\/wp\/v2\/types\/product"}],"wp:featuredmedia":[{"embeddable":true,"href":"https:\/\/zbranebudai.sk\/hu\/wp-json\/wp\/v2\/media\/19319"}],"wp:attachment":[{"href":"https:\/\/zbranebudai.sk\/hu\/wp-json\/wp\/v2\/media?parent=19245"}],"wp:term":[{"taxonomy":"product_brand","embeddable":true,"href":"https:\/\/zbranebudai.sk\/hu\/wp-json\/wp\/v2\/product_brand?post=19245"},{"taxonomy":"product_cat","embeddable":true,"href":"https:\/\/zbranebudai.sk\/hu\/wp-json\/wp\/v2\/product_cat?post=19245"},{"taxonomy":"product_tag","embeddable":true,"href":"https:\/\/zbranebudai.sk\/hu\/wp-json\/wp\/v2\/product_tag?post=19245"}],"curies":[{"name":"wp","href":"https:\/\/api.w.org\/{rel}","templated":true}]}}