{"id":19243,"date":"2026-01-13T23:52:50","date_gmt":"2026-01-13T21:52:50","guid":{"rendered":"https:\/\/zbranebudai.sk\/?post_type=product&#038;p=19243"},"modified":"2026-01-14T14:29:55","modified_gmt":"2026-01-14T12:29:55","slug":"deerhunter-logo-golyostoll-erdo-zold-golyostoll","status":"publish","type":"product","link":"https:\/\/zbranebudai.sk\/hu\/product\/deerhunter-logo-ball-pen-forest-green-gulickove-pero\/","title":{"rendered":"Deerhunter Logo Ball Pen Forest Green goly\u00f3stoll"},"content":{"rendered":"<p><strong>Deerhunter Logo Ball Pen Forest Green goly\u00f3stoll<\/strong> karcs\u00fa s\u00f6t\u00e9tz\u00f6ld testtel rendelkezik, kr\u00f3mozott f\u00e9m r\u00e9szletekkel \u00e9s arany Deerhunter log\u00f3val az oldal\u00e1n. Eleg\u00e1ns kialak\u00edt\u00e1sa miatt ide\u00e1lis irodai haszn\u00e1latra, vad\u00e1szati napl\u00f3k, enged\u00e9lyek \u00e9s jegyzetek sz\u00e1m\u00e1ra.<\/p>","protected":false},"excerpt":{"rendered":"<p>A Deerhunter Logo Ball Pen Forest Green goly\u00f3stoll eleg\u00e1ns, s\u00f6t\u00e9tz\u00f6ld testtel \u00e9s kr\u00f3mozott f\u00e9mr\u00e9szletekkel k\u00e9sz\u00fclt, oldal\u00e1n arany Deerhunter log\u00f3val. Letisztult kialak\u00edt\u00e1sa miatt j\u00f3l illik irodai haszn\u00e1lathoz, vad\u00e1sznapl\u00f3hoz, enged\u00e9lyek \u00e9s jegyzetek vezet\u00e9s\u00e9hez.<\/p>","protected":false},"featured_media":19317,"template":"","meta":{"_gspb_post_css":""},"product_brand":[],"product_cat":[2320],"product_tag":[2322,2447],"class_list":{"0":"post-19243","1":"product","2":"type-product","3":"status-publish","4":"has-post-thumbnail","6":"product_cat-doplnky-obuv-a-oblecenie","7":"product_tag-deerhunter","8":"product_tag-logo-ball-pen","10":"first","11":"instock","12":"taxable","13":"shipping-taxable","14":"purchasable","15":"product-type-simple"},"ct_brands":[],"_links":{"self":[{"href":"https:\/\/zbranebudai.sk\/hu\/wp-json\/wp\/v2\/product\/19243","targetHints":{"allow":["GET"]}}],"collection":[{"href":"https:\/\/zbranebudai.sk\/hu\/wp-json\/wp\/v2\/product"}],"about":[{"href":"https:\/\/zbranebudai.sk\/hu\/wp-json\/wp\/v2\/types\/product"}],"wp:featuredmedia":[{"embeddable":true,"href":"https:\/\/zbranebudai.sk\/hu\/wp-json\/wp\/v2\/media\/19317"}],"wp:attachment":[{"href":"https:\/\/zbranebudai.sk\/hu\/wp-json\/wp\/v2\/media?parent=19243"}],"wp:term":[{"taxonomy":"product_brand","embeddable":true,"href":"https:\/\/zbranebudai.sk\/hu\/wp-json\/wp\/v2\/product_brand?post=19243"},{"taxonomy":"product_cat","embeddable":true,"href":"https:\/\/zbranebudai.sk\/hu\/wp-json\/wp\/v2\/product_cat?post=19243"},{"taxonomy":"product_tag","embeddable":true,"href":"https:\/\/zbranebudai.sk\/hu\/wp-json\/wp\/v2\/product_tag?post=19243"}],"curies":[{"name":"wp","href":"https:\/\/api.w.org\/{rel}","templated":true}]}}