{"id":19242,"date":"2026-01-13T23:52:50","date_gmt":"2026-01-13T21:52:50","guid":{"rendered":"https:\/\/zbranebudai.sk\/?post_type=product&#038;p=19242"},"modified":"2026-01-14T14:32:47","modified_gmt":"2026-01-14T12:32:47","slug":"deerhunter-heat-osszecsukhato-uloparna-fa-futott-osszecsukhato-uloparna","status":"publish","type":"product","link":"https:\/\/zbranebudai.sk\/hu\/product\/deerhunter-heat-foldable-sitting-pad-wood-vyhrievana-skladatelna-podlozka-na-sedenie\/","title":{"rendered":"Deerhunter Heat Foldable Sitting Pad Wood f\u0171thet\u0151, \u00f6sszehajthat\u00f3 \u00fcl\u0151p\u00e1rna"},"content":{"rendered":"<p><strong>Deerhunter Heat Foldable Sitting Pad Wood f\u0171thet\u0151, \u00f6sszehajthat\u00f3 \u00fcl\u0151p\u00e1rna,<\/strong> amely maxim\u00e1lis hordozhat\u00f3s\u00e1got biztos\u00edt a hideg id\u0151j\u00e1r\u00e1si tev\u00e9kenys\u00e9gekhez. Praktikus \u00f6sszecsukhat\u00f3 kialak\u00edt\u00e1s\u00e1nak k\u00f6sz\u00f6nhet\u0151en a mell\u00e9kelt zsin\u00f3ros t\u00e1sk\u00e1ban k\u00f6nnyen sz\u00e1ll\u00edthat\u00f3, az intelligens be\u00e9p\u00edtett f\u0171t\u0151rendszer pedig egyetlen gombnyom\u00e1ssal bekapcsolhat\u00f3 \u00e9s ig\u00e9ny szerint be\u00e1ll\u00edthat\u00f3.<\/p>\n<div>\n<h2>Term\u00e9k param\u00e9terek<\/h2>\n<\/div>\n<ul>\n<li>\u00d6sszecsukhat\u00f3, a be\u00e9p\u00edtett gumip\u00e1nttal r\u00f6gz\u00edthet\u0151<\/li>\n<li>PU bevonat a h\u00e1toldalon<\/li>\n<li>M\u00e9retek: 60 x 30 cm<\/li>\n<li>Be\u00e9p\u00edtett f\u0171t\u00e9si rendszer<\/li>\n<li>Be\/ki gomb a cipz\u00e1ras zsebben<\/li>\n<li>H\u00e1rom h\u0151fokbe\u00e1ll\u00edt\u00e1s<\/li>\n<li>Powerbank nem tartoz\u00e9k<\/li>\n<li>Aj\u00e1nlott egy 5 000 mAh kapacit\u00e1s\u00fa power bank haszn\u00e1lata.<\/li>\n<li>Tartalmazott poli\u00e9szter t\u00e1ska a t\u00e1rol\u00e1shoz<\/li>\n<\/ul>","protected":false},"excerpt":{"rendered":"<p>A Deerhunter Heat Foldable Sitting Pad Wood f\u0171thet\u0151, \u00f6sszehajthat\u00f3 \u00fcl\u0151p\u00e1rna ide\u00e1lis v\u00e1laszt\u00e1s magaslesen, lesen vagy m\u00e1s szabadt\u00e9ri tev\u00e9kenys\u00e9g sor\u00e1n, amikor hosszabb ideig kell egy helyben \u00fclni a hidegben. Kompakt m\u00e9rete \u00e9s t\u00f6bb fokozatban \u00e1ll\u00edthat\u00f3 f\u0171t\u00e9se r\u00e9v\u00e9n k\u00e9nyelmes, meleg \u00fcl\u0151fel\u00fcletet biztos\u00edt b\u00e1rhol.<\/p>","protected":false},"featured_media":19304,"template":"","meta":{"_gspb_post_css":""},"product_brand":[],"product_cat":[2320],"product_tag":[2322,2446],"class_list":{"0":"post-19242","1":"product","2":"type-product","3":"status-publish","4":"has-post-thumbnail","6":"product_cat-doplnky-obuv-a-oblecenie","7":"product_tag-deerhunter","8":"product_tag-heat-foldable-sitting-pad","10":"first","11":"instock","12":"taxable","13":"shipping-taxable","14":"purchasable","15":"product-type-simple"},"ct_brands":[],"_links":{"self":[{"href":"https:\/\/zbranebudai.sk\/hu\/wp-json\/wp\/v2\/product\/19242","targetHints":{"allow":["GET"]}}],"collection":[{"href":"https:\/\/zbranebudai.sk\/hu\/wp-json\/wp\/v2\/product"}],"about":[{"href":"https:\/\/zbranebudai.sk\/hu\/wp-json\/wp\/v2\/types\/product"}],"wp:featuredmedia":[{"embeddable":true,"href":"https:\/\/zbranebudai.sk\/hu\/wp-json\/wp\/v2\/media\/19304"}],"wp:attachment":[{"href":"https:\/\/zbranebudai.sk\/hu\/wp-json\/wp\/v2\/media?parent=19242"}],"wp:term":[{"taxonomy":"product_brand","embeddable":true,"href":"https:\/\/zbranebudai.sk\/hu\/wp-json\/wp\/v2\/product_brand?post=19242"},{"taxonomy":"product_cat","embeddable":true,"href":"https:\/\/zbranebudai.sk\/hu\/wp-json\/wp\/v2\/product_cat?post=19242"},{"taxonomy":"product_tag","embeddable":true,"href":"https:\/\/zbranebudai.sk\/hu\/wp-json\/wp\/v2\/product_tag?post=19242"}],"curies":[{"name":"wp","href":"https:\/\/api.w.org\/{rel}","templated":true}]}}