{"id":19240,"date":"2026-01-13T23:52:50","date_gmt":"2026-01-13T21:52:50","guid":{"rendered":"https:\/\/zbranebudai.sk\/?post_type=product&#038;p=19240"},"modified":"2026-01-14T13:32:32","modified_gmt":"2026-01-14T11:32:32","slug":"deerhunter-gyapju-zokni-deluxe-szololevel-hosszu-gyapju-zokni","status":"publish","type":"product","link":"https:\/\/zbranebudai.sk\/hu\/product\/deerhunter-wool-socks-deluxe-grape-leaf-dlhe-vlnene-polovnicke-ponozky\/","title":{"rendered":"Deerhunter Wool Socks Deluxe Grape Leaf hossz\u00fa gyapj\u00fa vad\u00e1sz zokni"},"content":{"rendered":"<p><strong>Deerhunter Wool Socks Deluxe Grape Leaf hossz\u00fa gyapj\u00fa vad\u00e1sz zokni<\/strong>\u00a0extra puha frott\u00edr b\u00e9l\u00e9ssel, klasszikus t\u00e9rdig \u00e9r\u0151 vad\u00e1szzokni kivitelben. A meger\u0151s\u00edtett sarok- \u00e9s l\u00e1bujjr\u00e9szek \u00e9s a bord\u00e1zott kialak\u00edt\u00e1s hossz\u00fa t\u00e1v\u00fa haszn\u00e1lat eset\u00e9n is k\u00e9nyelmet \u00e9s stabil illeszked\u00e9st biztos\u00edt.<\/p>\n<div>\n<h2>Term\u00e9k param\u00e9terek<\/h2>\n<\/div>\n<ul>\n<li>Extra puha frott\u00edr anyag a l\u00e1bfejen, a l\u00e1bujjakon \u00e9s a sarkon.<\/li>\n<li>Terry b\u00e9l\u00e9s<\/li>\n<li>Meger\u0151s\u00edtett sarok \u00e9s l\u00e1bujjak<\/li>\n<li>Bord\u00e1zott kialak\u00edt\u00e1s a bok\u00e1n\u00e1l \u00e9s a l\u00e1bfej felett, hogy a zokni a hely\u00e9n maradjon<\/li>\n<\/ul>","protected":false},"excerpt":{"rendered":"<p>A Deerhunter Wool Socks Deluxe hossz\u00fa gyapj\u00fa vad\u00e1sz zokni ide\u00e1lis v\u00e1laszt\u00e1s hossz\u00fa vad\u00e1szatokra \u00e9s hideg id\u0151ben val\u00f3 tart\u00f3s visel\u00e9sre. Puha frott\u00edrb\u00e9l\u00e9se \u00e9s meger\u0151s\u00edtett z\u00f3n\u00e1i k\u00e9nyelmes, meleg \u00e9s tart\u00f3s viseletet biztos\u00edtanak magas sz\u00e1r\u00fa csizm\u00e1khoz \u00e9s bakancsokhoz.<\/p>","protected":false},"featured_media":19301,"template":"","meta":{"_gspb_post_css":""},"product_brand":[],"product_cat":[2320],"product_tag":[2322,2444],"class_list":{"0":"post-19240","1":"product","2":"type-product","3":"status-publish","4":"has-post-thumbnail","6":"product_cat-doplnky-obuv-a-oblecenie","7":"product_tag-deerhunter","8":"product_tag-wool-socks-deluxe-long","10":"first","11":"instock","12":"taxable","13":"shipping-taxable","14":"purchasable","15":"product-type-variable","16":"has-default-attributes"},"ct_brands":[],"_links":{"self":[{"href":"https:\/\/zbranebudai.sk\/hu\/wp-json\/wp\/v2\/product\/19240","targetHints":{"allow":["GET"]}}],"collection":[{"href":"https:\/\/zbranebudai.sk\/hu\/wp-json\/wp\/v2\/product"}],"about":[{"href":"https:\/\/zbranebudai.sk\/hu\/wp-json\/wp\/v2\/types\/product"}],"wp:featuredmedia":[{"embeddable":true,"href":"https:\/\/zbranebudai.sk\/hu\/wp-json\/wp\/v2\/media\/19301"}],"wp:attachment":[{"href":"https:\/\/zbranebudai.sk\/hu\/wp-json\/wp\/v2\/media?parent=19240"}],"wp:term":[{"taxonomy":"product_brand","embeddable":true,"href":"https:\/\/zbranebudai.sk\/hu\/wp-json\/wp\/v2\/product_brand?post=19240"},{"taxonomy":"product_cat","embeddable":true,"href":"https:\/\/zbranebudai.sk\/hu\/wp-json\/wp\/v2\/product_cat?post=19240"},{"taxonomy":"product_tag","embeddable":true,"href":"https:\/\/zbranebudai.sk\/hu\/wp-json\/wp\/v2\/product_tag?post=19240"}],"curies":[{"name":"wp","href":"https:\/\/api.w.org\/{rel}","templated":true}]}}