{"id":19239,"date":"2026-01-13T23:52:50","date_gmt":"2026-01-13T21:52:50","guid":{"rendered":"https:\/\/zbranebudai.sk\/?post_type=product&#038;p=19239"},"modified":"2026-01-14T13:30:24","modified_gmt":"2026-01-14T11:30:24","slug":"deerhunter-borov-konyak-barna-valodi-bor-ov-2","status":"publish","type":"product","link":"https:\/\/zbranebudai.sk\/hu\/product\/deerhunter-leather-belt-cognac-brown-kozeny-opasok-z-pravej-koze-2\/","title":{"rendered":"Deerhunter Leather Belt Cognac Brown val\u00f3di b\u0151r \u00f6v"},"content":{"rendered":"<p><strong>Deerhunter Leather Belt Cognac Brown val\u00f3di b\u0151r \u00f6v<\/strong> eleg\u00e1ns, visszafogott megjelen\u00e9s\u00e9nek k\u00f6sz\u00f6nhet\u0151en vad\u00e1sznadr\u00e1ghoz \u00e9s farmerhez is illik. Hossza k\u00f6nnyen \u00e1ll\u00edthat\u00f3.<\/p>\n<div>\n<h2>Term\u00e9k param\u00e9terek<\/h2>\n<\/div>\n<ul>\n<li>Val\u00f3di b\u0151r<\/li>\n<li>Kiv\u00e1l\u00f3 min\u0151s\u00e9g\u0171 b\u0151rsz\u00edj minden vad\u00e1szruh\u00e1zathoz<\/li>\n<li>Tart\u00f3s b\u0151rb\u0151l k\u00e9sz\u00fclt, hossz\u00fa \u00e9lettartamra tervezve<\/li>\n<li>\u00c1ll\u00edthat\u00f3 hossz\u00fas\u00e1g<\/li>\n<li>Sz\u00e9less\u00e9g: 4 cm<\/li>\n<\/ul>","protected":false},"excerpt":{"rendered":"<p>A Deerhunter Leather Belt Cognac Brown val\u00f3di b\u0151r \u00f6v puha, m\u00e9gis tart\u00f3s b\u0151rb\u0151l k\u00e9sz\u00fcl, \u00edgy t\u00f6bb szezonon \u00e1t megb\u00edzhat\u00f3 kieg\u00e9sz\u00edt\u0151je lehet vad\u00e1szruh\u00e1zat\u00e1nak. A letisztult \u00f6vet matt aranysz\u00edn\u0171 csat \u00e9s dombornyomott DEERHUNTER log\u00f3 eg\u00e9sz\u00edti ki.<\/p>","protected":false},"featured_media":19300,"template":"","meta":{"_gspb_post_css":""},"product_brand":[],"product_cat":[2320],"product_tag":[2322,2443],"class_list":{"0":"post-19239","1":"product","2":"type-product","3":"status-publish","4":"has-post-thumbnail","6":"product_cat-doplnky-obuv-a-oblecenie","7":"product_tag-deerhunter","8":"product_tag-leather-belt-cognac-brown","10":"first","11":"instock","12":"taxable","13":"shipping-taxable","14":"purchasable","15":"product-type-variable","16":"has-default-attributes"},"ct_brands":[],"_links":{"self":[{"href":"https:\/\/zbranebudai.sk\/hu\/wp-json\/wp\/v2\/product\/19239","targetHints":{"allow":["GET"]}}],"collection":[{"href":"https:\/\/zbranebudai.sk\/hu\/wp-json\/wp\/v2\/product"}],"about":[{"href":"https:\/\/zbranebudai.sk\/hu\/wp-json\/wp\/v2\/types\/product"}],"wp:featuredmedia":[{"embeddable":true,"href":"https:\/\/zbranebudai.sk\/hu\/wp-json\/wp\/v2\/media\/19300"}],"wp:attachment":[{"href":"https:\/\/zbranebudai.sk\/hu\/wp-json\/wp\/v2\/media?parent=19239"}],"wp:term":[{"taxonomy":"product_brand","embeddable":true,"href":"https:\/\/zbranebudai.sk\/hu\/wp-json\/wp\/v2\/product_brand?post=19239"},{"taxonomy":"product_cat","embeddable":true,"href":"https:\/\/zbranebudai.sk\/hu\/wp-json\/wp\/v2\/product_cat?post=19239"},{"taxonomy":"product_tag","embeddable":true,"href":"https:\/\/zbranebudai.sk\/hu\/wp-json\/wp\/v2\/product_tag?post=19239"}],"curies":[{"name":"wp","href":"https:\/\/api.w.org\/{rel}","templated":true}]}}