{"id":19238,"date":"2026-01-13T23:52:50","date_gmt":"2026-01-13T21:52:50","guid":{"rendered":"https:\/\/zbranebudai.sk\/?post_type=product&#038;p=19238"},"modified":"2026-01-14T13:28:37","modified_gmt":"2026-01-14T11:28:37","slug":"deerhunter-bor-ov-konyak-barna-valodi-bor-ov","status":"publish","type":"product","link":"https:\/\/zbranebudai.sk\/hu\/product\/deerhunter-leather-belt-cognac-brown-kozeny-opasok-z-pravej-koze\/","title":{"rendered":"Deerhunter Leather Belt Cognac Brown val\u00f3di b\u0151r \u00f6v"},"content":{"rendered":"<p><strong>Deerhunter Leather Belt Cognac Brown val\u00f3di b\u0151r \u00f6v<\/strong>\u00a0Kiv\u00e1l\u00f3 min\u0151s\u00e9g\u0171, tart\u00f3s b\u0151rb\u0151l k\u00e9sz\u00fclt, amely vad\u00e1sznadr\u00e1ghoz \u00e9s farmerhez is illik. Er\u0151s, sokoldal\u00fa b\u0151r\u00f6v a k\u00fclt\u00e9ri ruh\u00e1zathoz, hossza ig\u00e9ny szerint \u00e1ll\u00edthat\u00f3.<\/p>\n<h2>Term\u00e9k param\u00e9terek<\/h2>\n<ul>\n<li>Val\u00f3di b\u0151r<\/li>\n<li>Kiv\u00e1l\u00f3 min\u0151s\u00e9g\u0171 b\u0151rsz\u00edj minden vad\u00e1szruh\u00e1zathoz<\/li>\n<li>Tart\u00f3s b\u0151rb\u0151l k\u00e9sz\u00fclt, hossz\u00fa \u00e9lettartamra tervezve<\/li>\n<li>\u00c1ll\u00edthat\u00f3 hossz\u00fas\u00e1g<\/li>\n<li>Sz\u00e9less\u00e9g: 4 cm<\/li>\n<\/ul>","protected":false},"excerpt":{"rendered":"<p>A Deerhunter Leather Belt Cognac Brown val\u00f3di b\u0151r \u00f6v tart\u00f3s, min\u0151s\u00e9gi b\u0151rb\u0151l k\u00e9sz\u00fcl, amely megb\u00edzhat\u00f3 tart\u00e1st biztos\u00edt vad\u00e1sznadr\u00e1ghoz \u00e9s farmerhez egyar\u00e1nt. \u00c1ll\u00edthat\u00f3 hossz\u00fas\u00e1ga r\u00e9v\u00e9n k\u00e9nyelmesen igaz\u00edthat\u00f3 k\u00fcl\u00f6nb\u00f6z\u0151 der\u00e9kb\u0151s\u00e9gekhez.<\/p>","protected":false},"featured_media":19299,"template":"","meta":{"_gspb_post_css":""},"product_brand":[],"product_cat":[2320],"product_tag":[2322,2443],"class_list":{"0":"post-19238","1":"product","2":"type-product","3":"status-publish","4":"has-post-thumbnail","6":"product_cat-doplnky-obuv-a-oblecenie","7":"product_tag-deerhunter","8":"product_tag-leather-belt-cognac-brown","10":"first","11":"instock","12":"taxable","13":"shipping-taxable","14":"purchasable","15":"product-type-variable","16":"has-default-attributes"},"ct_brands":[],"_links":{"self":[{"href":"https:\/\/zbranebudai.sk\/hu\/wp-json\/wp\/v2\/product\/19238","targetHints":{"allow":["GET"]}}],"collection":[{"href":"https:\/\/zbranebudai.sk\/hu\/wp-json\/wp\/v2\/product"}],"about":[{"href":"https:\/\/zbranebudai.sk\/hu\/wp-json\/wp\/v2\/types\/product"}],"wp:featuredmedia":[{"embeddable":true,"href":"https:\/\/zbranebudai.sk\/hu\/wp-json\/wp\/v2\/media\/19299"}],"wp:attachment":[{"href":"https:\/\/zbranebudai.sk\/hu\/wp-json\/wp\/v2\/media?parent=19238"}],"wp:term":[{"taxonomy":"product_brand","embeddable":true,"href":"https:\/\/zbranebudai.sk\/hu\/wp-json\/wp\/v2\/product_brand?post=19238"},{"taxonomy":"product_cat","embeddable":true,"href":"https:\/\/zbranebudai.sk\/hu\/wp-json\/wp\/v2\/product_cat?post=19238"},{"taxonomy":"product_tag","embeddable":true,"href":"https:\/\/zbranebudai.sk\/hu\/wp-json\/wp\/v2\/product_tag?post=19238"}],"curies":[{"name":"wp","href":"https:\/\/api.w.org\/{rel}","templated":true}]}}