{"id":19237,"date":"2026-01-13T23:52:49","date_gmt":"2026-01-13T21:52:49","guid":{"rendered":"https:\/\/zbranebudai.sk\/?post_type=product&#038;p=19237"},"modified":"2026-01-14T13:26:45","modified_gmt":"2026-01-14T11:26:45","slug":"deerhunter-orosz-csendes-kesztyu-tozeg-meleg-vadaszkesztyu-szilikon-hatlappal","status":"publish","type":"product","link":"https:\/\/zbranebudai.sk\/hu\/product\/deerhunter-rusky-silent-gloves-peat-teple-lovecke-rukavice-s-silikonovou-podsivkou\/","title":{"rendered":"Deerhunter Rusky Silent Gloves Peat meleg szilikonbet\u00e9tes vad\u00e1szkeszty\u0171"},"content":{"rendered":"<p><strong>Deerhunter Rusky Silent Gloves Peat meleg szilikonbet\u00e9tes vad\u00e1szkeszty\u0171<\/strong> rendk\u00edv\u00fcl puha, k\u00e9nyelmes \u00e9s alkalmas az \u0151szi \u00e9s t\u00e9li vad\u00e1szathoz. A teny\u00e9ren l\u00e9v\u0151 szilikonbevonat biztos\u00edtja a biztons\u00e1gos fog\u00e1st a fegyveren, m\u00edg a mutat\u00f3ujjon \u00e9s a h\u00fcvelykujjon l\u00e9v\u0151 TouchTech bevonat lehet\u0151v\u00e9 teszi az \u00e9rint\u0151k\u00e9perny\u0151k haszn\u00e1lat\u00e1t extr\u00e9m hidegben is. A Rusky Silent k\u00e9zmeleg\u00edt\u0151vel kombin\u00e1lva ide\u00e1lis megold\u00e1st jelentenek a kezek melegen tart\u00e1s\u00e1ra \u00e9s nyugalomban tart\u00e1s\u00e1ra extr\u00e9m hideg id\u0151ben t\u00f6rt\u00e9n\u0151 vad\u00e1szat sor\u00e1n.<\/p>\n<h2>Term\u00e9k param\u00e9terek<\/h2>\n<ul>\n<li>Puha, k\u00e9nyelmes keszty\u0171<\/li>\n<li>Rugalmas anyag a nagyobb k\u00e9nyelem\u00e9rt<\/li>\n<li>Szilikon bevonat a teny\u00e9ren a biztons\u00e1gos fog\u00e1s \u00e9rdek\u00e9ben<\/li>\n<li>Touch Tech anyag a h\u00fcvelyk- \u00e9s mutat\u00f3ujjon az \u00e9rint\u0151k\u00e9perny\u0151h\u00f6z<\/li>\n<\/ul>","protected":false},"excerpt":{"rendered":"<p>A Deerhunter Rusky Silent Gloves Peat meleg, szilikonbet\u00e9tes vad\u00e1szkeszty\u0171 puha, rugalmas anyag\u00e1nak k\u00f6sz\u00f6nhet\u0151en k\u00e9nyelmes viselet \u0151szi \u00e9s t\u00e9li vad\u00e1szatokon. A teny\u00e9ren l\u00e9v\u0151 szilikonbevonat biztos fegyverfog\u00e1st, a h\u00fcvelyk- \u00e9s mutat\u00f3ujjon tal\u00e1lhat\u00f3 TouchTech r\u00e9teg pedig az \u00e9rint\u0151k\u00e9perny\u0151s eszk\u00f6z\u00f6k haszn\u00e1lat\u00e1t teszi lehet\u0151v\u00e9 a keszty\u0171 lev\u00e9tele n\u00e9lk\u00fcl.<\/p>","protected":false},"featured_media":19298,"template":"","meta":{"_gspb_post_css":""},"product_brand":[],"product_cat":[2320],"product_tag":[2322,2442],"class_list":{"0":"post-19237","1":"product","2":"type-product","3":"status-publish","4":"has-post-thumbnail","6":"product_cat-doplnky-obuv-a-oblecenie","7":"product_tag-deerhunter","8":"product_tag-rusky-silent-gloves","10":"first","11":"instock","12":"taxable","13":"shipping-taxable","14":"purchasable","15":"product-type-variable","16":"has-default-attributes"},"ct_brands":[],"_links":{"self":[{"href":"https:\/\/zbranebudai.sk\/hu\/wp-json\/wp\/v2\/product\/19237","targetHints":{"allow":["GET"]}}],"collection":[{"href":"https:\/\/zbranebudai.sk\/hu\/wp-json\/wp\/v2\/product"}],"about":[{"href":"https:\/\/zbranebudai.sk\/hu\/wp-json\/wp\/v2\/types\/product"}],"wp:featuredmedia":[{"embeddable":true,"href":"https:\/\/zbranebudai.sk\/hu\/wp-json\/wp\/v2\/media\/19298"}],"wp:attachment":[{"href":"https:\/\/zbranebudai.sk\/hu\/wp-json\/wp\/v2\/media?parent=19237"}],"wp:term":[{"taxonomy":"product_brand","embeddable":true,"href":"https:\/\/zbranebudai.sk\/hu\/wp-json\/wp\/v2\/product_brand?post=19237"},{"taxonomy":"product_cat","embeddable":true,"href":"https:\/\/zbranebudai.sk\/hu\/wp-json\/wp\/v2\/product_cat?post=19237"},{"taxonomy":"product_tag","embeddable":true,"href":"https:\/\/zbranebudai.sk\/hu\/wp-json\/wp\/v2\/product_tag?post=19237"}],"curies":[{"name":"wp","href":"https:\/\/api.w.org\/{rel}","templated":true}]}}