{"id":19236,"date":"2026-01-13T23:52:49","date_gmt":"2026-01-13T21:52:49","guid":{"rendered":"https:\/\/zbranebudai.sk\/?post_type=product&#038;p=19236"},"modified":"2026-01-14T13:24:52","modified_gmt":"2026-01-14T11:24:52","slug":"szarvasvadasz-kesztyu-szilikon-markolattal-realtree-max-7-vadaszkesztyu-szilikon-markolattal","status":"publish","type":"product","link":"https:\/\/zbranebudai.sk\/hu\/product\/deerhunter-gloves-with-silicone-grip-realtree-max-7-lovecke-rukavice-s-silikonovym-povrchom\/","title":{"rendered":"Deerhunter Gloves with silicone grip REALTREE MAX-7\u00ae szilikonbet\u00e9tes vad\u00e1szkeszty\u0171"},"content":{"rendered":"<p><strong>Deerhunter Gloves with silicone grip REALTREE MAX-7\u00ae szilikonbet\u00e9tes vad\u00e1szkeszty\u0171<\/strong>\u00a0a term\u00e9szetes \u00e1rnyalatair\u00f3l ismert, hat\u00e9kony Realtree MAX-7\u2122 \u00e1lc\u00e1z\u00e1si mint\u00e1val rendelkeznek, \u00e9s \u00fagy tervezt\u00e9k \u0151ket, hogy a vad\u00e1szokat l\u00e1thatatlann\u00e1 tegy\u00e9k a k\u00fcl\u00f6nb\u00f6z\u0151 terepeken \u00e9s sz\u00e1mos vadfaj sz\u00e1m\u00e1ra. Ezek a puha, k\u00e9nyelmes keszty\u0171k a DEERHUNTER jellegzetes k\u00e9tir\u00e1ny\u00fa sztreccs anyag\u00e1b\u00f3l k\u00e9sz\u00fcltek. A teny\u00e9ren, az oldalakon \u00e9s a h\u00fcvelykujjon tal\u00e1lhat\u00f3 szilikonbet\u00e9tek jobb fog\u00e1st biztos\u00edtanak, m\u00edg a mutat\u00f3ujjon \u00e9s a h\u00fcvelykujjon tal\u00e1lhat\u00f3 speci\u00e1lis \u00e9rint\u0151k\u00e9perny\u0151s anyag lehet\u0151v\u00e9 teszi a felszerel\u00e9s haszn\u00e1lat\u00e1t an\u00e9lk\u00fcl, hogy le kellene vennie a keszty\u0171t.<\/p>\n<h2>Term\u00e9k param\u00e9terek<\/h2>\n<ul>\n<li>Puha, k\u00e9nyelmes keszty\u0171<\/li>\n<li>Rugalmas anyag a nagyobb k\u00e9nyelem\u00e9rt<\/li>\n<li>Szilikonbet\u00e9tek a teljes teny\u00e9ren, az oldalakon \u00e9s a h\u00fcvelykujjon a biztons\u00e1gos fog\u00e1s \u00e9rdek\u00e9ben<\/li>\n<li>A mutat\u00f3ujj \u00e9s a h\u00fcvelykujj \u00e9rint\u0151k\u00e9perny\u0151j\u00e9vel kompatibilis anyag<\/li>\n<\/ul>","protected":false},"excerpt":{"rendered":"<p>A Deerhunter Gloves with silicone grip REALTREE MAX-7\u00ae szilikonbet\u00e9tes vad\u00e1szkeszty\u0171 puha, k\u00e9tir\u00e1nyban rugalmas anyagb\u00f3l k\u00e9sz\u00fcl, Realtree MAX-7\u2122 \u00e1lc\u00e1z\u00f3mint\u00e1val, \u00edgy k\u00e9nyelmes \u00e9s diszkr\u00e9t viselet vad\u00e1szathoz. A teljes teny\u00e9ren \u00e9s h\u00fcvelykujjon elhelyezett szilikonbet\u00e9tek biztos fog\u00e1st, az \u00e9rint\u0151k\u00e9perny\u0151-kompatibilis bet\u00e9tek pedig a keszty\u0171 lev\u00e9tele n\u00e9lk\u00fcli eszk\u00f6zhaszn\u00e1latot teszik lehet\u0151v\u00e9.<\/p>","protected":false},"featured_media":19297,"template":"","meta":{"_gspb_post_css":""},"product_brand":[],"product_cat":[2320],"product_tag":[2322,2441],"class_list":{"0":"post-19236","1":"product","2":"type-product","3":"status-publish","4":"has-post-thumbnail","6":"product_cat-doplnky-obuv-a-oblecenie","7":"product_tag-deerhunter","8":"product_tag-gloves-with-silicone-grip","10":"first","11":"instock","12":"taxable","13":"shipping-taxable","14":"purchasable","15":"product-type-variable","16":"has-default-attributes"},"ct_brands":[],"_links":{"self":[{"href":"https:\/\/zbranebudai.sk\/hu\/wp-json\/wp\/v2\/product\/19236","targetHints":{"allow":["GET"]}}],"collection":[{"href":"https:\/\/zbranebudai.sk\/hu\/wp-json\/wp\/v2\/product"}],"about":[{"href":"https:\/\/zbranebudai.sk\/hu\/wp-json\/wp\/v2\/types\/product"}],"wp:featuredmedia":[{"embeddable":true,"href":"https:\/\/zbranebudai.sk\/hu\/wp-json\/wp\/v2\/media\/19297"}],"wp:attachment":[{"href":"https:\/\/zbranebudai.sk\/hu\/wp-json\/wp\/v2\/media?parent=19236"}],"wp:term":[{"taxonomy":"product_brand","embeddable":true,"href":"https:\/\/zbranebudai.sk\/hu\/wp-json\/wp\/v2\/product_brand?post=19236"},{"taxonomy":"product_cat","embeddable":true,"href":"https:\/\/zbranebudai.sk\/hu\/wp-json\/wp\/v2\/product_cat?post=19236"},{"taxonomy":"product_tag","embeddable":true,"href":"https:\/\/zbranebudai.sk\/hu\/wp-json\/wp\/v2\/product_tag?post=19236"}],"curies":[{"name":"wp","href":"https:\/\/api.w.org\/{rel}","templated":true}]}}