{"id":19235,"date":"2026-01-13T23:52:49","date_gmt":"2026-01-13T21:52:49","guid":{"rendered":"https:\/\/zbranebudai.sk\/?post_type=product&#038;p=19235"},"modified":"2026-01-14T13:23:07","modified_gmt":"2026-01-14T11:23:07","slug":"deerhunter-marvin-narancssarga-kockas-ferfi-vadaszkes","status":"publish","type":"product","link":"https:\/\/zbranebudai.sk\/hu\/product\/deerhunter-marvin-orange-check-panska-lovecka-kosela\/","title":{"rendered":"Deerhunter Marvin - Orange Check f\u00e9rfi vad\u00e1szing"},"content":{"rendered":"<p><strong>Deerhunter Marvin - Orange Check f\u00e9rfi vad\u00e1szing<\/strong> egy k\u00e9nyelmes flanel ing. Kiv\u00e1l\u00f3 min\u0151s\u00e9g\u0171 anyagb\u00f3l k\u00e9sz\u00fclt - 100% pamut. K\u00e9t mellzsebbel rendelkezik. Az ing alkalmas vad\u00e1szatra, de szabadid\u0151ben is viselhet\u0151 farmerrel.<\/p>\n<h2>Term\u00e9kle\u00edr\u00e1s<\/h2>\n<ul>\n<li>Sz\u00edn: 68187 - Narancss\u00e1rga kock\u00e1s<\/li>\n<li>100 % pamut<\/li>\n<li>Zsebek sz\u00e1ma: 2 zseb<\/li>\n<li>Aj\u00e1nlott mos\u00e1s: hasonl\u00f3 sz\u00ednekkel moshat\u00f3<\/li>\n<\/ul>\n<h2>Term\u00e9k param\u00e9terek<\/h2>\n<ul>\n<li>K\u00e9nyelem<\/li>\n<li>2 el\u00fcls\u0151 zseb<\/li>\n<li>Egyszer\u0171s\u00e9g<\/li>\n<li>Garant\u00e1lt k\u00e9nyelem a teljes viselet sor\u00e1n<\/li>\n<li>Hasonl\u00f3 sz\u00ednekkel val\u00f3 mos\u00e1sra alkalmas<\/li>\n<\/ul>","protected":false},"excerpt":{"rendered":"<p>A Deerhunter Marvin Orange Check f\u00e9rfi flanel vad\u00e1szing 100% pamutb\u00f3l k\u00e9sz\u00fcl, \u00edgy puha \u00e9s k\u00e9nyelmes viseletet biztos\u00edt eg\u00e9sz nap. K\u00e9t mellzseb\u00e9vel \u00e9s narancs kock\u00e1s mint\u00e1j\u00e1val vad\u00e1szathoz \u00e9s farmerrel viselve alkalmi haszn\u00e1latra is ide\u00e1lis.<\/p>","protected":false},"featured_media":19295,"template":"","meta":{"_gspb_post_css":""},"product_brand":[],"product_cat":[2323],"product_tag":[2322,2440],"class_list":{"0":"post-19235","1":"product","2":"type-product","3":"status-publish","4":"has-post-thumbnail","6":"product_cat-kosele-a-tricka","7":"product_tag-deerhunter","8":"product_tag-marvin-orange-check","10":"first","11":"instock","12":"taxable","13":"shipping-taxable","14":"purchasable","15":"product-type-variable","16":"has-default-attributes"},"ct_brands":[],"_links":{"self":[{"href":"https:\/\/zbranebudai.sk\/hu\/wp-json\/wp\/v2\/product\/19235","targetHints":{"allow":["GET"]}}],"collection":[{"href":"https:\/\/zbranebudai.sk\/hu\/wp-json\/wp\/v2\/product"}],"about":[{"href":"https:\/\/zbranebudai.sk\/hu\/wp-json\/wp\/v2\/types\/product"}],"wp:featuredmedia":[{"embeddable":true,"href":"https:\/\/zbranebudai.sk\/hu\/wp-json\/wp\/v2\/media\/19295"}],"wp:attachment":[{"href":"https:\/\/zbranebudai.sk\/hu\/wp-json\/wp\/v2\/media?parent=19235"}],"wp:term":[{"taxonomy":"product_brand","embeddable":true,"href":"https:\/\/zbranebudai.sk\/hu\/wp-json\/wp\/v2\/product_brand?post=19235"},{"taxonomy":"product_cat","embeddable":true,"href":"https:\/\/zbranebudai.sk\/hu\/wp-json\/wp\/v2\/product_cat?post=19235"},{"taxonomy":"product_tag","embeddable":true,"href":"https:\/\/zbranebudai.sk\/hu\/wp-json\/wp\/v2\/product_tag?post=19235"}],"curies":[{"name":"wp","href":"https:\/\/api.w.org\/{rel}","templated":true}]}}