{"id":19234,"date":"2026-01-13T23:52:49","date_gmt":"2026-01-13T21:52:49","guid":{"rendered":"https:\/\/zbranebudai.sk\/?post_type=product&#038;p=19234"},"modified":"2026-01-15T11:27:26","modified_gmt":"2026-01-15T09:27:26","slug":"deerhunter-christian-brown-ferfi-galleros-ing","status":"publish","type":"product","link":"https:\/\/zbranebudai.sk\/hu\/product\/deerhunter-christian-brown-panske-tricko-s-golierom\/","title":{"rendered":"Deerhunter Christian - Brown f\u00e9rfi gall\u00e9ros p\u00f3l\u00f3"},"content":{"rendered":"<p><strong>Deerhunter Christian - Brown f\u00e9rfi gall\u00e9ros p\u00f3l\u00f3<\/strong> hagyom\u00e1nyos tavaszi \u00e9s ny\u00e1ri ruhadarab. 100 % pamutb\u00f3l k\u00e9sz\u00fclt, nagyon k\u00e9nyelmes tapint\u00e1s\u00fa \u00e9s kiv\u00e1l\u00f3 viseleti tulajdons\u00e1gokkal rendelkezik. A z\u00f6ld v\u00e1ltozat nagyszer\u0171 t\u00e1rs b\u00e1rmilyen alkalomra. Ak\u00e1r vad\u00e1szni, t\u00far\u00e1zni, kempingezni megy, ak\u00e1r otthon t\u00f6lti a szabadidej\u00e9t.<\/p>\n<h2>Term\u00e9kle\u00edr\u00e1s<\/h2>\n<ul>\n<li>Sz\u00edn: 571 - Barna lev\u00e9l<\/li>\n<li>100 % pamut<\/li>\n<li>H\u00fcvely t\u00edpusa: r\u00f6vid<\/li>\n<li>Aj\u00e1nlott mos\u00e1s: k\u00fcl\u00f6n mos\u00e1s, kiford\u00edtva<\/li>\n<\/ul>\n<h2>Term\u00e9k param\u00e9terek<\/h2>\n<ul>\n<li>Klasszikus p\u00f3l\u00f3 szab\u00e1s<\/li>\n<li>Hagyom\u00e1nyos bord\u00e1zott alkatr\u00e9szek<\/li>\n<li>K\u00e9nyelmes 100 % pamut<\/li>\n<li>A t\u00f6k\u00e9letes kieg\u00e9sz\u00edt\u0151 minden alkalomra<\/li>\n<\/ul>","protected":false},"excerpt":{"rendered":"<p>A Deerhunter Christian Brown Leaf f\u00e9rfi gall\u00e9ros p\u00f3l\u00f3 klasszikus, r\u00f6vid ujj\u00fa, 100% pamut darab, kellemes tapint\u00e1ssal \u00e9s k\u00e9nyelmes viselettel tavaszi-ny\u00e1ri id\u0151szakra. Sokoldal\u00fa barna \u00e1rnyalata miatt vad\u00e1szathoz, kir\u00e1ndul\u00e1shoz \u00e9s mindennapi szabadid\u0151s programokhoz is ide\u00e1lis v\u00e1laszt\u00e1s.<\/p>","protected":false},"featured_media":19293,"template":"","meta":{"_gspb_post_css":""},"product_brand":[],"product_cat":[2323],"product_tag":[2439,2322],"class_list":{"0":"post-19234","1":"product","2":"type-product","3":"status-publish","4":"has-post-thumbnail","6":"product_cat-kosele-a-tricka","7":"product_tag-christian-brown","8":"product_tag-deerhunter","10":"first","11":"instock","12":"taxable","13":"shipping-taxable","14":"purchasable","15":"product-type-variable"},"ct_brands":[],"_links":{"self":[{"href":"https:\/\/zbranebudai.sk\/hu\/wp-json\/wp\/v2\/product\/19234","targetHints":{"allow":["GET"]}}],"collection":[{"href":"https:\/\/zbranebudai.sk\/hu\/wp-json\/wp\/v2\/product"}],"about":[{"href":"https:\/\/zbranebudai.sk\/hu\/wp-json\/wp\/v2\/types\/product"}],"wp:featuredmedia":[{"embeddable":true,"href":"https:\/\/zbranebudai.sk\/hu\/wp-json\/wp\/v2\/media\/19293"}],"wp:attachment":[{"href":"https:\/\/zbranebudai.sk\/hu\/wp-json\/wp\/v2\/media?parent=19234"}],"wp:term":[{"taxonomy":"product_brand","embeddable":true,"href":"https:\/\/zbranebudai.sk\/hu\/wp-json\/wp\/v2\/product_brand?post=19234"},{"taxonomy":"product_cat","embeddable":true,"href":"https:\/\/zbranebudai.sk\/hu\/wp-json\/wp\/v2\/product_cat?post=19234"},{"taxonomy":"product_tag","embeddable":true,"href":"https:\/\/zbranebudai.sk\/hu\/wp-json\/wp\/v2\/product_tag?post=19234"}],"curies":[{"name":"wp","href":"https:\/\/api.w.org\/{rel}","templated":true}]}}