{"id":19230,"date":"2026-01-13T23:52:49","date_gmt":"2026-01-13T21:52:49","guid":{"rendered":"https:\/\/zbranebudai.sk\/?post_type=product&#038;p=19230"},"modified":"2026-01-15T11:25:30","modified_gmt":"2026-01-15T09:25:30","slug":"deerhunter-harris-melyzold-ferfi-galleros-ing","status":"publish","type":"product","link":"https:\/\/zbranebudai.sk\/hu\/product\/deerhunter-harris-deep-green-panske-tricko-s-golierom\/","title":{"rendered":"Deerhunter Harris - Deep Green f\u00e9rfi gall\u00e9ros p\u00f3l\u00f3"},"content":{"rendered":"<p><strong>Deerhunter Harris - Deep Green f\u00e9rfi gall\u00e9ros p\u00f3l\u00f3<\/strong> hagyom\u00e1nyos tavaszi \u00e9s ny\u00e1ri ruhadarab. 100 % pamutb\u00f3l k\u00e9sz\u00fclt, nagyon k\u00e9nyelmes tapint\u00e1s\u00fa \u00e9s kiv\u00e1l\u00f3 viselet. A z\u00f6ld v\u00e1ltozat nagyszer\u0171 t\u00e1rs b\u00e1rmilyen alkalomra. Ak\u00e1r vad\u00e1szni, t\u00far\u00e1zni, kempingezni megy, ak\u00e1r otthon t\u00f6lti a szabadidej\u00e9t.<\/p>\n<h2>Term\u00e9kle\u00edr\u00e1s<\/h2>\n<ul>\n<li>Sz\u00edn: 388 - s\u00f6t\u00e9tz\u00f6ld<\/li>\n<li>100 % pamut<\/li>\n<li>H\u00fcvely t\u00edpusa: r\u00f6vid<\/li>\n<li>Aj\u00e1nlott mos\u00e1s: k\u00fcl\u00f6n mos\u00e1s, kiford\u00edtva<\/li>\n<\/ul>\n<h2>Term\u00e9k param\u00e9terek<\/h2>\n<ul>\n<li>Klasszikus p\u00f3l\u00f3 szab\u00e1s<\/li>\n<li>Hagyom\u00e1nyos bord\u00e1zott alkatr\u00e9szek<\/li>\n<li>K\u00e9nyelmes 100 % pamut<\/li>\n<li>A t\u00f6k\u00e9letes kieg\u00e9sz\u00edt\u0151 minden alkalomra<\/li>\n<\/ul>","protected":false},"excerpt":{"rendered":"<p>A Deerhunter Harris Deep Green f\u00e9rfi gall\u00e9ros p\u00f3l\u00f3 klasszikus, r\u00f6vid ujj\u00fa, 100% pamut darab, amely kellemes tapint\u00e1s\u00fa \u00e9s k\u00e9nyelmes viselet tavaszi-ny\u00e1ri id\u0151szakban. Sokoldal\u00fa z\u00f6ld sz\u00edne miatt vad\u00e1szathoz, kir\u00e1ndul\u00e1shoz \u00e9s h\u00e9tk\u00f6znapi szabadid\u0151s programokhoz is ide\u00e1lis v\u00e1laszt\u00e1s.<\/p>","protected":false},"featured_media":19273,"template":"","meta":{"_gspb_post_css":""},"product_brand":[],"product_cat":[2323],"product_tag":[2322,2435],"class_list":{"0":"post-19230","1":"product","2":"type-product","3":"status-publish","4":"has-post-thumbnail","6":"product_cat-kosele-a-tricka","7":"product_tag-deerhunter","8":"product_tag-harris-deep-green","10":"first","11":"instock","12":"taxable","13":"shipping-taxable","14":"product-type-variable","15":"has-default-attributes"},"ct_brands":[],"_links":{"self":[{"href":"https:\/\/zbranebudai.sk\/hu\/wp-json\/wp\/v2\/product\/19230","targetHints":{"allow":["GET"]}}],"collection":[{"href":"https:\/\/zbranebudai.sk\/hu\/wp-json\/wp\/v2\/product"}],"about":[{"href":"https:\/\/zbranebudai.sk\/hu\/wp-json\/wp\/v2\/types\/product"}],"wp:featuredmedia":[{"embeddable":true,"href":"https:\/\/zbranebudai.sk\/hu\/wp-json\/wp\/v2\/media\/19273"}],"wp:attachment":[{"href":"https:\/\/zbranebudai.sk\/hu\/wp-json\/wp\/v2\/media?parent=19230"}],"wp:term":[{"taxonomy":"product_brand","embeddable":true,"href":"https:\/\/zbranebudai.sk\/hu\/wp-json\/wp\/v2\/product_brand?post=19230"},{"taxonomy":"product_cat","embeddable":true,"href":"https:\/\/zbranebudai.sk\/hu\/wp-json\/wp\/v2\/product_cat?post=19230"},{"taxonomy":"product_tag","embeddable":true,"href":"https:\/\/zbranebudai.sk\/hu\/wp-json\/wp\/v2\/product_tag?post=19230"}],"curies":[{"name":"wp","href":"https:\/\/api.w.org\/{rel}","templated":true}]}}