{"id":19227,"date":"2026-01-13T23:52:49","date_gmt":"2026-01-13T21:52:49","guid":{"rendered":"https:\/\/zbranebudai.sk\/?post_type=product&#038;p=19227"},"modified":"2026-01-14T13:40:00","modified_gmt":"2026-01-14T11:40:00","slug":"deerhunter-eli-zold-kockas-ferfi-felholdas-kes","status":"publish","type":"product","link":"https:\/\/zbranebudai.sk\/hu\/product\/deerhunter-eli-green-check-panska-polovnicka-kosela\/","title":{"rendered":"Deerhunter Eli Green Check f\u00e9rfi vad\u00e1sz ing"},"content":{"rendered":"<p><strong>Deerhunter Eli Green Check f\u00e9rfi vad\u00e1sz ing<\/strong> st\u00edlusos ruhadarab, amely minden alkalomra alkalmas. T\u00f6k\u00e9letes farmerrel. K\u00e9tir\u00e1ny\u00fa sztreccs anyagb\u00f3l k\u00e9sz\u00fclt, 97 % pamutb\u00f3l \u00e9s 3 % elaszt\u00e1nb\u00f3l. Egy mellzsebbel \u00e9s klasszikus kock\u00e1s mint\u00e1val rendelkezik.<\/p>\n<h2>Term\u00e9kle\u00edr\u00e1s<\/h2>\n<ul>\n<li>Sz\u00edn: 38053 - z\u00f6ld kock\u00e1s<\/li>\n<li>97 % pamut, 3 % elaszt\u00e1n<\/li>\n<li>Zsebek sz\u00e1ma: 1<\/li>\n<li>Aj\u00e1nlott mos\u00e1s: hasonl\u00f3 sz\u00ednekkel moshat\u00f3<\/li>\n<\/ul>\n<h2>Term\u00e9k param\u00e9terek<\/h2>\n<ul>\n<li>T\u00e1gas mellzseb<\/li>\n<li>Klasszikus kock\u00e1s minta<\/li>\n<li>K\u00e9tir\u00e1ny\u00fa sztreccs anyag<\/li>\n<li>Alkalmas minden alkalomra<\/li>\n<\/ul>","protected":false},"excerpt":{"rendered":"<p>A Deerhunter Eli Green Check f\u00e9rfi vad\u00e1szing k\u00e9tir\u00e1ny\u00fa sztreccs pamut\u2013elaszt\u00e1n anyagb\u00f3l k\u00e9sz\u00fcl, klasszikus z\u00f6ld kock\u00e1s mint\u00e1val \u00e9s t\u00e1gas mellzsebbel. K\u00e9nyelmes, st\u00edlusos v\u00e1laszt\u00e1s vad\u00e1szathoz, mindennapi viselethez \u00e9s farmerrel kombin\u00e1lva is.<\/p>","protected":false},"featured_media":19267,"template":"","meta":{"_gspb_post_css":""},"product_brand":[],"product_cat":[2323],"product_tag":[2322,2432],"class_list":{"0":"post-19227","1":"product","2":"type-product","3":"status-publish","4":"has-post-thumbnail","6":"product_cat-kosele-a-tricka","7":"product_tag-deerhunter","8":"product_tag-eli-green-check","10":"first","11":"instock","12":"taxable","13":"shipping-taxable","14":"purchasable","15":"product-type-variable","16":"has-default-attributes"},"ct_brands":[],"_links":{"self":[{"href":"https:\/\/zbranebudai.sk\/hu\/wp-json\/wp\/v2\/product\/19227","targetHints":{"allow":["GET"]}}],"collection":[{"href":"https:\/\/zbranebudai.sk\/hu\/wp-json\/wp\/v2\/product"}],"about":[{"href":"https:\/\/zbranebudai.sk\/hu\/wp-json\/wp\/v2\/types\/product"}],"wp:featuredmedia":[{"embeddable":true,"href":"https:\/\/zbranebudai.sk\/hu\/wp-json\/wp\/v2\/media\/19267"}],"wp:attachment":[{"href":"https:\/\/zbranebudai.sk\/hu\/wp-json\/wp\/v2\/media?parent=19227"}],"wp:term":[{"taxonomy":"product_brand","embeddable":true,"href":"https:\/\/zbranebudai.sk\/hu\/wp-json\/wp\/v2\/product_brand?post=19227"},{"taxonomy":"product_cat","embeddable":true,"href":"https:\/\/zbranebudai.sk\/hu\/wp-json\/wp\/v2\/product_cat?post=19227"},{"taxonomy":"product_tag","embeddable":true,"href":"https:\/\/zbranebudai.sk\/hu\/wp-json\/wp\/v2\/product_tag?post=19227"}],"curies":[{"name":"wp","href":"https:\/\/api.w.org\/{rel}","templated":true}]}}