{"id":19225,"date":"2026-01-13T23:52:48","date_gmt":"2026-01-13T21:52:48","guid":{"rendered":"https:\/\/zbranebudai.sk\/?post_type=product&#038;p=19225"},"modified":"2026-01-15T11:28:34","modified_gmt":"2026-01-15T09:28:34","slug":"deerhunter-lady-ava-piros-kockas-noi-fel-dzseki","status":"publish","type":"product","link":"https:\/\/zbranebudai.sk\/hu\/product\/deerhunter-lady-ava-red-check-damska-polovnicka-bunda\/","title":{"rendered":"Deerhunter Lady Ava - Red Check n\u0151i vad\u00e1szing"},"content":{"rendered":"<p><strong>Deerhunter Lady Ava - Red Check n\u0151i vad\u00e1szing<\/strong> minden n\u0151 vad\u00e1szruhat\u00e1r\u00e1nak elengedhetetlen r\u00e9sze. Ak\u00e1r vid\u00e9ken, ak\u00e1r a v\u00e1rosban szeretn\u00e9 t\u00f6lteni a napot, ezzel a klasszikus piros kock\u00e1s mint\u00e1val nem t\u00e9vedhet. A k\u00e9t mellzseb helyet k\u00edn\u00e1l az alapvet\u0151 fontoss\u00e1g\u00fa dolgok t\u00e1rol\u00e1s\u00e1ra. A zsebeken tal\u00e1lhat\u00f3 vel\u00farb\u0151r szeg\u00e9lyek \u00e9s a r\u00e9zs\u00fatos csatos r\u00f6gz\u00edt\u00e9s teszi teljess\u00e9 az \u00f6sszk\u00e9pet. A pamut \u00e9s elaszt\u00e1n kombin\u00e1ci\u00f3j\u00e1b\u00f3l k\u00e9sz\u00fclt n\u0151ies szab\u00e1s minden n\u0151 n\u0151ies alakj\u00e1t kiemeli.<\/p>\n<h2>Term\u00e9kle\u00edr\u00e1s<\/h2>\n<ul>\n<li>Sz\u00edn: 48442 - Piros kock\u00e1s<\/li>\n<li>98 % pamut, 2 % elaszt\u00e1n<\/li>\n<li>Aj\u00e1nlott mos\u00e1s: 40 \u00b0C, ne feh\u00e9r\u00edtse, ne sz\u00e1r\u00edtsa sz\u00e1r\u00edt\u00f3g\u00e9pben, vasalja max. 150 \u00b0C-on.<\/li>\n<li>\u00c1pol\u00e1s: mos\u00e1s hasonl\u00f3 sz\u00ednekkel<\/li>\n<\/ul>\n<h2>Term\u00e9k param\u00e9terek<\/h2>\n<ul>\n<li>Gombos ing<\/li>\n<li>K\u00e9t mellzseb<\/li>\n<li>Keskeny v\u00e1g\u00e1s<\/li>\n<\/ul>","protected":false},"excerpt":{"rendered":"<p>A Deerhunter Lady Ava Red Check n\u0151i vad\u00e1szing klasszikus piros kock\u00e1s mint\u00e1j\u00e1val \u00e9s karcs\u00fas\u00edtott szab\u00e1s\u00e1val n\u0151ies, m\u00e9gis funkcion\u00e1lis viselet terepen \u00e9s v\u00e1rosban egyar\u00e1nt. K\u00e9t mellzsebbel, vel\u00far szeg\u00e9lyekkel \u00e9s r\u00e9z hat\u00e1s\u00fa r\u00e9szletekkel k\u00e9sz\u00fclt, rugalmas pamut\u2013elaszt\u00e1n anyagb\u00f3l a k\u00e9nyelmes mozg\u00e1s\u00e9rt.<\/p>","protected":false},"featured_media":19263,"template":"","meta":{"_gspb_post_css":""},"product_brand":[],"product_cat":[2323],"product_tag":[2322,2430],"class_list":{"0":"post-19225","1":"product","2":"type-product","3":"status-publish","4":"has-post-thumbnail","6":"product_cat-kosele-a-tricka","7":"product_tag-deerhunter","8":"product_tag-lady-ava-red-check","10":"first","11":"instock","12":"taxable","13":"shipping-taxable","14":"purchasable","15":"product-type-variable","16":"has-default-attributes"},"ct_brands":[],"_links":{"self":[{"href":"https:\/\/zbranebudai.sk\/hu\/wp-json\/wp\/v2\/product\/19225","targetHints":{"allow":["GET"]}}],"collection":[{"href":"https:\/\/zbranebudai.sk\/hu\/wp-json\/wp\/v2\/product"}],"about":[{"href":"https:\/\/zbranebudai.sk\/hu\/wp-json\/wp\/v2\/types\/product"}],"wp:featuredmedia":[{"embeddable":true,"href":"https:\/\/zbranebudai.sk\/hu\/wp-json\/wp\/v2\/media\/19263"}],"wp:attachment":[{"href":"https:\/\/zbranebudai.sk\/hu\/wp-json\/wp\/v2\/media?parent=19225"}],"wp:term":[{"taxonomy":"product_brand","embeddable":true,"href":"https:\/\/zbranebudai.sk\/hu\/wp-json\/wp\/v2\/product_brand?post=19225"},{"taxonomy":"product_cat","embeddable":true,"href":"https:\/\/zbranebudai.sk\/hu\/wp-json\/wp\/v2\/product_cat?post=19225"},{"taxonomy":"product_tag","embeddable":true,"href":"https:\/\/zbranebudai.sk\/hu\/wp-json\/wp\/v2\/product_tag?post=19225"}],"curies":[{"name":"wp","href":"https:\/\/api.w.org\/{rel}","templated":true}]}}