{"id":19224,"date":"2026-01-13T23:52:48","date_gmt":"2026-01-13T21:52:48","guid":{"rendered":"https:\/\/zbranebudai.sk\/?post_type=product&#038;p=19224"},"modified":"2026-02-09T19:13:40","modified_gmt":"2026-02-09T17:13:40","slug":"deerhunter-zachary-piros-kockas-ferfi-vadaszkes","status":"publish","type":"product","link":"https:\/\/zbranebudai.sk\/hu\/product\/deerhunter-zachary-red-checked-panska-lovecka-kosela\/","title":{"rendered":"Deerhunter Zachary - Red Checked f\u00e9rfi vad\u00e1sz ing"},"content":{"rendered":"<p><strong>Deerhunter Zachary - Red Checked f\u00e9rfi vad\u00e1sz ing<\/strong> egy st\u00edlusos, modern megjelen\u00e9s\u0171 ing. Az eleg\u00e1ns \u00e9s sz\u00ednes minta t\u00f6k\u00e9letesen illik a legk\u00fcl\u00f6nb\u00f6z\u0151bb \u00f6lt\u00f6z\u00e9kekhez. 100 % pamutb\u00f3l k\u00e9sz\u00fclt, \u00edgy nagyon k\u00e9nyelmes viselet. Eleg\u00e1ns ing, amely feldobja b\u00e1rmelyik vad\u00e1szruh\u00e1t.<\/p>\n<h2>Term\u00e9kle\u00edr\u00e1s<\/h2>\n<ul>\n<li>M\u00e9retek: 39\/40 - 41\/42 - 43\/44 - 46\/46 - 47\/48<\/li>\n<li>Sz\u00edn: 499 - Piros kock\u00e1s<\/li>\n<\/ul>","protected":false},"excerpt":{"rendered":"<p>A Deerhunter Zachary Red Checked f\u00e9rfi vad\u00e1szing modern, st\u00edlusos piros kock\u00e1s mint\u00e1j\u00e1val feldobja b\u00e1rmely vad\u00e1sz\u00f6lt\u00f6zetet. 100% pamut anyaga k\u00e9nyelmes viseletet biztos\u00edt mind vad\u00e1szaton, mind h\u00e9tk\u00f6znapi alkalmakra.<\/p>","protected":false},"featured_media":19261,"template":"","meta":{"_gspb_post_css":""},"product_brand":[],"product_cat":[2323],"product_tag":[2322,2429],"class_list":{"0":"post-19224","1":"product","2":"type-product","3":"status-publish","4":"has-post-thumbnail","6":"product_cat-kosele-a-tricka","7":"product_tag-deerhunter","8":"product_tag-zachary-red-checked","10":"first","11":"instock","12":"taxable","13":"shipping-taxable","14":"purchasable","15":"product-type-variable"},"ct_brands":[],"_links":{"self":[{"href":"https:\/\/zbranebudai.sk\/hu\/wp-json\/wp\/v2\/product\/19224","targetHints":{"allow":["GET"]}}],"collection":[{"href":"https:\/\/zbranebudai.sk\/hu\/wp-json\/wp\/v2\/product"}],"about":[{"href":"https:\/\/zbranebudai.sk\/hu\/wp-json\/wp\/v2\/types\/product"}],"wp:featuredmedia":[{"embeddable":true,"href":"https:\/\/zbranebudai.sk\/hu\/wp-json\/wp\/v2\/media\/19261"}],"wp:attachment":[{"href":"https:\/\/zbranebudai.sk\/hu\/wp-json\/wp\/v2\/media?parent=19224"}],"wp:term":[{"taxonomy":"product_brand","embeddable":true,"href":"https:\/\/zbranebudai.sk\/hu\/wp-json\/wp\/v2\/product_brand?post=19224"},{"taxonomy":"product_cat","embeddable":true,"href":"https:\/\/zbranebudai.sk\/hu\/wp-json\/wp\/v2\/product_cat?post=19224"},{"taxonomy":"product_tag","embeddable":true,"href":"https:\/\/zbranebudai.sk\/hu\/wp-json\/wp\/v2\/product_tag?post=19224"}],"curies":[{"name":"wp","href":"https:\/\/api.w.org\/{rel}","templated":true}]}}