{"id":19220,"date":"2026-01-13T23:52:48","date_gmt":"2026-01-13T21:52:48","guid":{"rendered":"https:\/\/zbranebudai.sk\/?post_type=product&#038;p=19220"},"modified":"2026-01-14T13:50:25","modified_gmt":"2026-01-14T11:50:25","slug":"deerhunter-approach-ferfi-kabat","status":"publish","type":"product","link":"https:\/\/zbranebudai.sk\/hu\/product\/deerhunter-approach-panska-bunda\/","title":{"rendered":"Deerhunter Approach f\u00e9rfi kab\u00e1t"},"content":{"rendered":"<p><strong>Deerhunter Approach f\u00e9rfi kab\u00e1t<\/strong> egy terepsz\u00edn\u0171 kab\u00e1t akt\u00edv vad\u00e1szok sz\u00e1m\u00e1ra, akik kompromisszumok n\u00e9lk\u00fcl ig\u00e9nylik a funkcionalit\u00e1st. Belseje puha gyapj\u00fab\u00f3l k\u00e9sz\u00fclt, \u00e9s az anyag fel\u00fclete extra k\u00e9nyelmet biztos\u00edt. A v\u00edzleperget\u00e9s \u00e9s a meger\u0151s\u00edt\u00e9s elengedhetetlen a legink\u00e1bb ig\u00e9nybevett ter\u00fcleteken, p\u00e9ld\u00e1ul a k\u00f6ny\u00f6kn\u00e9l. A kab\u00e1t Deerhunter Stormliner membr\u00e1nnal is rendelkezik a tov\u00e1bbi v\u00edz\u00e1ll\u00f3s\u00e1g \u00e9rdek\u00e9ben. L\u00e9g\u00e1tereszt\u0151, de ha akt\u00edvabb vagy, a h\u00f3nalj alatt cipz\u00e1rak tal\u00e1lhat\u00f3k a jobb szell\u0151z\u00e9s \u00e9rdek\u00e9ben. A Deerhunter Approach kab\u00e1tj\u00e1val k\u00e9szen \u00e1ll az akt\u00edv vad\u00e1szatra.<\/p>\n<h2>Term\u00e9kle\u00edr\u00e1s<\/h2>\n<ul>\n<li>M\u00e9retek: 48 - 62<\/li>\n<li>Sz\u00edn: \u00e1lc\u00e1z\u00e1s \/ realtree adapt<\/li>\n<li>K\u00fcls\u0151 anyag: 100 % poli\u00e9szter<\/li>\n<li>Kontrasztanyag: 100 % poli\u00e9szter<\/li>\n<\/ul>\n<h2>Term\u00e9k param\u00e9terek<\/h2>\n<ul>\n<li>K\u00e9toldalas YKK el\u00fcls\u0151 cipz\u00e1r<\/li>\n<li>Egy ferde zseb<\/li>\n<li>Egy cipz\u00e1ras mellzseb<\/li>\n<li>Cipz\u00e1rak a h\u00f3naljban a jobb szell\u0151z\u00e9s \u00e9rdek\u00e9ben<\/li>\n<li>El\u0151re kialak\u00edtott k\u00f6ny\u00f6kr\u00e9sz<\/li>\n<li>\u00c1ll\u00edthat\u00f3 neopr\u00e9n mandzsetta<\/li>\n<li>T\u00e9p\u0151z\u00e1ras r\u00f6gz\u00edt\u00e9s<\/li>\n<li>H\u00faz\u00f3zsin\u00f3r az alj\u00e1n<\/li>\n<li>A sz\u00f6vet v\u00edz\u00e1ll\u00f3 r\u00e9szei<\/li>\n<li>L\u00e9g\u00e1tereszt\u0151 anyag a nagyobb k\u00e9nyelem\u00e9rt<\/li>\n<li>Puha \u00e9s csendes anyag<\/li>\n<\/ul>","protected":false},"excerpt":{"rendered":"<p>A Deerhunter Approach Jacket egy v\u00edz\u00e1ll\u00f3, l\u00e9g\u00e1tereszt\u0151 \u00e9s csendes vad\u00e1szkab\u00e1t akt\u00edv vad\u00e1szoknak, puha pol\u00e1r b\u00e9l\u00e9ssel a k\u00e9nyelmes viselet\u00e9rt. Er\u0151s\u00edtett k\u00f6ny\u00f6kr\u00e9sszel, h\u00f3nalj szell\u0151z\u0151 cipz\u00e1rakkal, k\u00e9tutas YKK cipz\u00e1rral \u00e9s praktikus zsebekkel biztos\u00edtja a funkcion\u00e1lis, megb\u00edzhat\u00f3 haszn\u00e1latot.<\/p>","protected":false},"featured_media":19250,"template":"","meta":{"_gspb_post_css":""},"product_brand":[],"product_cat":[2424],"product_tag":[2389,2322],"class_list":{"0":"post-19220","1":"product","2":"type-product","3":"status-publish","4":"has-post-thumbnail","6":"product_cat-maskovacie-oblecenie","7":"product_tag-approach","8":"product_tag-deerhunter","10":"first","11":"instock","12":"taxable","13":"shipping-taxable","14":"purchasable","15":"product-type-variable","16":"has-default-attributes"},"ct_brands":[],"_links":{"self":[{"href":"https:\/\/zbranebudai.sk\/hu\/wp-json\/wp\/v2\/product\/19220","targetHints":{"allow":["GET"]}}],"collection":[{"href":"https:\/\/zbranebudai.sk\/hu\/wp-json\/wp\/v2\/product"}],"about":[{"href":"https:\/\/zbranebudai.sk\/hu\/wp-json\/wp\/v2\/types\/product"}],"wp:featuredmedia":[{"embeddable":true,"href":"https:\/\/zbranebudai.sk\/hu\/wp-json\/wp\/v2\/media\/19250"}],"wp:attachment":[{"href":"https:\/\/zbranebudai.sk\/hu\/wp-json\/wp\/v2\/media?parent=19220"}],"wp:term":[{"taxonomy":"product_brand","embeddable":true,"href":"https:\/\/zbranebudai.sk\/hu\/wp-json\/wp\/v2\/product_brand?post=19220"},{"taxonomy":"product_cat","embeddable":true,"href":"https:\/\/zbranebudai.sk\/hu\/wp-json\/wp\/v2\/product_cat?post=19220"},{"taxonomy":"product_tag","embeddable":true,"href":"https:\/\/zbranebudai.sk\/hu\/wp-json\/wp\/v2\/product_tag?post=19220"}],"curies":[{"name":"wp","href":"https:\/\/api.w.org\/{rel}","templated":true}]}}