{"id":19036,"date":"2026-01-13T23:42:37","date_gmt":"2026-01-13T21:42:37","guid":{"rendered":"https:\/\/zbranebudai.sk\/?post_type=product&#038;p=19036"},"modified":"2026-01-15T11:30:59","modified_gmt":"2026-01-15T09:30:59","slug":"deerhunter-norden-szigetelt-zold-ferfi-pulcsi","status":"publish","type":"product","link":"https:\/\/zbranebudai.sk\/hu\/product\/deerhunter-norden-insulated-green-pansky-sveter\/","title":{"rendered":"Deerhunter Norden Insulated Green f\u00e9rfi pul\u00f3ver"},"content":{"rendered":"<p><strong>Deerhunter Norden Insulated Green f\u00e9rfi pul\u00f3ver<\/strong>\u00a0puha \u00e9s meleg, ugyanakkor eleg\u00e1ns is. Ez a kab\u00e1t barna, z\u00f6ld \u00e9s piros sz\u00ednben kaphat\u00f3, amelyek biztosan felkeltik a figyelmet. Ez a kab\u00e1t t\u00f6k\u00e9letes ny\u00e1ri est\u00e9kre, miut\u00e1n a nap lemegy, kora \u0151szi napokra vagy fagyos t\u00e9li napokra, amikor egy kis szigetel\u00e9sre van sz\u00fcks\u00e9ge a t\u00e9likab\u00e1tja alatt.<\/p>\n<h2>Term\u00e9kle\u00edr\u00e1s<\/h2>\n<ul>\n<li><strong>M\u00e9retek:<\/strong> S-3XL<\/li>\n<li><strong>Sz\u00edn:<\/strong> 356 - z\u00f6ld meliert<\/li>\n<li><strong>A k\u00fcls\u0151 r\u00e9teg \u00f6sszet\u00e9tele:<\/strong> 88 % poli\u00e9szter \/ 12 % elaszt\u00e1n<\/li>\n<\/ul>\n<h2>Term\u00e9k param\u00e9terek<\/h2>\n<ul>\n<li>Puha \u00e9s meleg anyag<\/li>\n<li>Ide\u00e1lis alapr\u00e9tegk\u00e9nt<\/li>\n<li>Kiv\u00e1l\u00f3 h\u0151szigetel\u00e9s<\/li>\n<\/ul>","protected":false},"excerpt":{"rendered":"<p>A Deerhunter Norden Insulated Green f\u00e9rfi pul\u00f3ver puha, meleg, rugalmas anyagb\u00f3l k\u00e9sz\u00fcl, amely k\u00e9nyelmes viseletet biztos\u00edt h\u0171v\u00f6s ny\u00e1ri est\u00e9khez, kora \u0151szi napokhoz \u00e9s t\u00e9li kab\u00e1t alatti als\u00f3 r\u00e9tegk\u00e9nt. Z\u00f6ld melange sz\u00edne \u00e9s h\u0151szigetel\u0151 kialak\u00edt\u00e1sa praktikus, m\u00e9gis st\u00edlusos megold\u00e1s a r\u00e9teges \u00f6lt\u00f6zk\u00f6d\u00e9shez.<\/p>","protected":false},"featured_media":18730,"template":"","meta":{"_gspb_post_css":""},"product_brand":[],"product_cat":[2329],"product_tag":[2322,2412],"class_list":{"0":"post-19036","1":"product","2":"type-product","3":"status-publish","4":"has-post-thumbnail","6":"product_cat-kabaty-a-svetre","7":"product_tag-deerhunter","8":"product_tag-norden-insulated-green","10":"first","11":"instock","12":"taxable","13":"shipping-taxable","14":"purchasable","15":"product-type-variable","16":"has-default-attributes"},"ct_brands":[],"_links":{"self":[{"href":"https:\/\/zbranebudai.sk\/hu\/wp-json\/wp\/v2\/product\/19036","targetHints":{"allow":["GET"]}}],"collection":[{"href":"https:\/\/zbranebudai.sk\/hu\/wp-json\/wp\/v2\/product"}],"about":[{"href":"https:\/\/zbranebudai.sk\/hu\/wp-json\/wp\/v2\/types\/product"}],"wp:featuredmedia":[{"embeddable":true,"href":"https:\/\/zbranebudai.sk\/hu\/wp-json\/wp\/v2\/media\/18730"}],"wp:attachment":[{"href":"https:\/\/zbranebudai.sk\/hu\/wp-json\/wp\/v2\/media?parent=19036"}],"wp:term":[{"taxonomy":"product_brand","embeddable":true,"href":"https:\/\/zbranebudai.sk\/hu\/wp-json\/wp\/v2\/product_brand?post=19036"},{"taxonomy":"product_cat","embeddable":true,"href":"https:\/\/zbranebudai.sk\/hu\/wp-json\/wp\/v2\/product_cat?post=19036"},{"taxonomy":"product_tag","embeddable":true,"href":"https:\/\/zbranebudai.sk\/hu\/wp-json\/wp\/v2\/product_tag?post=19036"}],"curies":[{"name":"wp","href":"https:\/\/api.w.org\/{rel}","templated":true}]}}