{"id":19035,"date":"2026-01-13T23:42:37","date_gmt":"2026-01-13T21:42:37","guid":{"rendered":"https:\/\/zbranebudai.sk\/?post_type=product&#038;p=19035"},"modified":"2026-01-15T11:30:27","modified_gmt":"2026-01-15T09:30:27","slug":"deerhunter-chasse-olive-night-melange-noi-kabat","status":"publish","type":"product","link":"https:\/\/zbranebudai.sk\/hu\/product\/deerhunter-chasse-olive-night-melange-damska-bunda\/","title":{"rendered":"Deerhunter Chasse - Olive Night Melange n\u0151i kab\u00e1t"},"content":{"rendered":"<p><strong>Deerhunter Chasse - Olive Night Melange n\u0151i kab\u00e1t<\/strong>\u00a0tart\u00f3s, sok zsebbel, \u00faj innov\u00e1ci\u00f3kkal \u00e9s kiv\u00e1l\u00f3 min\u0151s\u00e9ggel rendelkezik. Kifejezetten olyan n\u0151k sz\u00e1m\u00e1ra k\u00e9sz\u00fclt, akiknek sokoldal\u00fa \u00e9s funkcion\u00e1lis kab\u00e1tra van sz\u00fcks\u00e9g\u00fck, de ugyanakkor szeretn\u00e9nek kit\u0171nni. Sok zsebbel, \u00e1ll\u00edthat\u00f3 aljjal, levehet\u0151 kapucnival, el\u0151form\u00e1zott k\u00f6ny\u00f6kl\u0151vel \u00e9s egy\u00e9b, a k\u00e9nyelmet szolg\u00e1l\u00f3 nagyszer\u0171 tulajdons\u00e1gokkal rendelkezik. Ezzel a kab\u00e1ttal soha t\u00f6bb\u00e9 nem fogsz f\u00e1zni. Gyakorlatilag b\u00e1rmilyen id\u0151j\u00e1r\u00e1shoz tervezt\u00e9k. Legyen sz\u00f3 egy egyszer\u0171 erdei s\u00e9t\u00e1r\u00f3l, egy hossz\u00fa vad\u00e1szatr\u00f3l vagy egy csoportos vad\u00e1szatr\u00f3l. A kab\u00e1t mindig a legjobb teljes\u00edtm\u00e9nyt ny\u00fajtja. Ugyanakkor b\u0151s\u00e9ges mozg\u00e1sszabads\u00e1got \u00e9s k\u00e9nyelmet biztos\u00edt. Ezzel a kab\u00e1ttal minden szabadt\u00e9ri \u00e9lm\u00e9ny m\u00e9g egyedibb\u00e9 v\u00e1lik.<\/p>\n<h2>Term\u00e9kle\u00edr\u00e1s<\/h2>\n<ul>\n<li><strong>Sz\u00edn:<\/strong> 365 - Olive Night Melange<\/li>\n<li><strong>M\u00e9retek:<\/strong> 36-46<\/li>\n<li><strong>K\u00fcls\u0151 anyag:<\/strong> 100 % poli\u00e9szter<\/li>\n<li><strong>Kontrasztos sz\u00f6vet<\/strong>: 100 % poli\u00e9szter<\/li>\n<li><strong>B\u00e9l\u00e9s:<\/strong> 100 % poli\u00e9szter<\/li>\n<li><strong>Aj\u00e1nlott mos\u00e1s:<\/strong> ne haszn\u00e1ljon l\u00e1gy\u00edt\u00f3t, bel\u00fclr\u0151l kiford\u00edtva mossa, hasonl\u00f3 sz\u00ednekkel mossa.<\/li>\n<li><strong>Membr\u00e1n:<\/strong> DEER-TEX<\/li>\n<li><strong>V\u00edz\u00e1ll\u00f3s\u00e1g:<\/strong> 100 %<\/li>\n<\/ul>\n<p><strong>DEER-TEX membr\u00e1n<\/strong> - ez egy lamin\u00e1lt k\u00fcls\u0151 anyag, amely minden varr\u00e1sn\u00e1l ragaszt\u00e1ssal van ell\u00e1tva. 100 % v\u00edz\u00e1ll\u00f3. Ez egy rendk\u00edv\u00fcl k\u00f6nny\u0171 membr\u00e1n, amelyet a technikaiasabb Deerhunter term\u00e9kekben, p\u00e9ld\u00e1ul a Chasse term\u00e9kcsal\u00e1dban haszn\u00e1lnak.<\/p>\n<h2>Term\u00e9k param\u00e9terek<\/h2>\n<ul>\n<li>El\u0151re form\u00e1zott k\u00f6ny\u00f6k\u00f6k<\/li>\n<li>Levehet\u0151 kapucni<\/li>\n<li>\u00c1ll\u00edthat\u00f3 als\u00f3 h\u00faz\u00f3zsin\u00f3r<\/li>\n<li>Rugalmass\u00e1g<\/li>\n<li>L\u00e9legz\u0151k\u00e9pess\u00e9g<\/li>\n<li>Sz\u00e9l\u00e1ll\u00f3s\u00e1g<\/li>\n<li>100 % v\u00edz\u00e1ll\u00f3s\u00e1g<\/li>\n<\/ul>","protected":false},"excerpt":{"rendered":"<p>A Deerhunter Chasse Olive Night Melange n\u0151i kab\u00e1t strapab\u00edr\u00f3, 100%-ban v\u00edz\u00e1ll\u00f3, sz\u00e9l\u00e1ll\u00f3 \u00e9s l\u00e9g\u00e1tereszt\u0151 DEER-TEX membr\u00e1nnal ell\u00e1tott, sokzsebes, levehet\u0151 kapucnis, el\u0151re form\u00e1zott k\u00f6ny\u00f6kr\u00e9sszel kialak\u00edtott modell, amely b\u00e1rmilyen id\u0151j\u00e1r\u00e1sban megb\u00edzhat\u00f3 v\u00e9delmet ny\u00fajt. K\u00e9nyelmes szab\u00e1sa, \u00e1ll\u00edthat\u00f3 als\u00f3 h\u00faz\u00f3zsin\u00f3rja \u00e9s rugalmas anyaga maxim\u00e1lis mozg\u00e1sszabads\u00e1got biztos\u00edt erdei s\u00e9t\u00e1hoz, hosszabb vad\u00e1szatokhoz \u00e9s k\u00f6z\u00f6s hajt\u00e1sokhoz.<\/p>","protected":false},"featured_media":18728,"template":"","meta":{"_gspb_post_css":""},"product_brand":[],"product_cat":[2329],"product_tag":[2331,2322],"class_list":{"0":"post-19035","1":"product","2":"type-product","3":"status-publish","4":"has-post-thumbnail","6":"product_cat-kabaty-a-svetre","7":"product_tag-chasse-olive-night-melange","8":"product_tag-deerhunter","10":"first","11":"instock","12":"taxable","13":"shipping-taxable","14":"purchasable","15":"product-type-variable","16":"has-default-attributes"},"ct_brands":[],"_links":{"self":[{"href":"https:\/\/zbranebudai.sk\/hu\/wp-json\/wp\/v2\/product\/19035","targetHints":{"allow":["GET"]}}],"collection":[{"href":"https:\/\/zbranebudai.sk\/hu\/wp-json\/wp\/v2\/product"}],"about":[{"href":"https:\/\/zbranebudai.sk\/hu\/wp-json\/wp\/v2\/types\/product"}],"wp:featuredmedia":[{"embeddable":true,"href":"https:\/\/zbranebudai.sk\/hu\/wp-json\/wp\/v2\/media\/18728"}],"wp:attachment":[{"href":"https:\/\/zbranebudai.sk\/hu\/wp-json\/wp\/v2\/media?parent=19035"}],"wp:term":[{"taxonomy":"product_brand","embeddable":true,"href":"https:\/\/zbranebudai.sk\/hu\/wp-json\/wp\/v2\/product_brand?post=19035"},{"taxonomy":"product_cat","embeddable":true,"href":"https:\/\/zbranebudai.sk\/hu\/wp-json\/wp\/v2\/product_cat?post=19035"},{"taxonomy":"product_tag","embeddable":true,"href":"https:\/\/zbranebudai.sk\/hu\/wp-json\/wp\/v2\/product_tag?post=19035"}],"curies":[{"name":"wp","href":"https:\/\/api.w.org\/{rel}","templated":true}]}}