{"id":19034,"date":"2026-01-13T23:42:37","date_gmt":"2026-01-13T21:42:37","guid":{"rendered":"https:\/\/zbranebudai.sk\/?post_type=product&#038;p=19034"},"modified":"2026-01-15T11:29:51","modified_gmt":"2026-01-15T09:29:51","slug":"deerhunter-chasse-olive-night-melange-ferfi-kabat","status":"publish","type":"product","link":"https:\/\/zbranebudai.sk\/hu\/product\/deerhunter-chasse-olive-night-melange-pansky-kabat\/","title":{"rendered":"Deerhunter Chasse \u2013 Olive Night Melange f\u00e9rfi kab\u00e1t"},"content":{"rendered":"<p><strong>Deerhunter Chasse \u2013 Olive Night Melange f\u00e9rfi kab\u00e1t<\/strong> tart\u00f3s, sok zsebbel, \u00faj innov\u00e1ci\u00f3kkal \u00e9s kiv\u00e1l\u00f3 min\u0151s\u00e9ggel rendelkezik! Kifejezetten olyan vad\u00e1szok sz\u00e1m\u00e1ra k\u00e9sz\u00fclt, akiknek sokoldal\u00fa \u00e9s funkcion\u00e1lis kab\u00e1tra van sz\u00fcks\u00e9g\u00fck. Rengeteg zsebbel, \u00e1ll\u00edthat\u00f3 aljjal, levehet\u0151 kapucnival, el\u0151form\u00e1zott k\u00f6ny\u00f6kkel \u00e9s egy\u00e9b nagyszer\u0171, k\u00e9nyelmet biztos\u00edt\u00f3 tulajdons\u00e1gokkal rendelkezik. Ebben a kab\u00e1tban soha t\u00f6bb\u00e9 nem fogsz megfagyni. Gyakorlatilag b\u00e1rmilyen id\u0151j\u00e1r\u00e1shoz tervezt\u00e9k. Legyen sz\u00f3 ak\u00e1r egy egyszer\u0171 erdei s\u00e9t\u00e1r\u00f3l, egy hossz\u00fa vad\u00e1szatr\u00f3l vagy egy vad\u00e1szkir\u00e1ndul\u00e1sr\u00f3l. A kab\u00e1t mindig a legjobbat fogja ny\u00fajtani. Ezenk\u00edv\u00fcl elegend\u0151 mozg\u00e1sszabads\u00e1got \u00e9s k\u00e9nyelmet biztos\u00edt. Ezzel a kab\u00e1ttal minden szabadt\u00e9ri \u00e9lm\u00e9ny m\u00e9g egyedibb\u00e9 v\u00e1lik.<\/p>\n<h2>Term\u00e9kle\u00edr\u00e1s<\/h2>\n<ul>\n<li>Sz\u00edn: 365 - Olive Night Melange<\/li>\n<li>M\u00e9retek: 48-60<\/li>\n<li>K\u00fcls\u0151 anyag: 100 % poli\u00e9szter<\/li>\n<li>Kontrasztanyag: 100 % poli\u00e9szter<\/li>\n<li>B\u00e9l\u00e9s: 100 % poli\u00e9szter<\/li>\n<li>Aj\u00e1nlott mos\u00e1s: ne haszn\u00e1ljon l\u00e1gy\u00edt\u00f3t, mos\u00e1s ford\u00edtva, mos\u00e1s hasonl\u00f3 sz\u00ednekkel.<\/li>\n<li>Membr\u00e1n: DEER-TEX<\/li>\n<li>V\u00edz\u00e1ll\u00f3s\u00e1g: 100 %<\/li>\n<\/ul>\n<p><strong>DEER-TEX membr\u00e1n<\/strong> - ez egy lamin\u00e1lt k\u00fcls\u0151 anyag, amely minden varr\u00e1sn\u00e1l ragaszt\u00e1ssal van ell\u00e1tva. 100 % v\u00edz\u00e1ll\u00f3. Ez egy rendk\u00edv\u00fcl k\u00f6nny\u0171 membr\u00e1n, amelyet a technikaiasabb Deerhunter term\u00e9kekben, p\u00e9ld\u00e1ul a Chasse term\u00e9kcsal\u00e1dban haszn\u00e1lnak.<\/p>\n<h2>Term\u00e9k param\u00e9terek<\/h2>\n<ul>\n<li>El\u0151re form\u00e1zott k\u00f6ny\u00f6k\u00f6k<\/li>\n<li>Levehet\u0151 kapucni<\/li>\n<li>\u00c1ll\u00edthat\u00f3 als\u00f3 h\u00faz\u00f3zsin\u00f3r<\/li>\n<li>Rugalmass\u00e1g<\/li>\n<li>L\u00e9legz\u0151k\u00e9pess\u00e9g<\/li>\n<li>Sz\u00e9l\u00e1ll\u00f3s\u00e1g<\/li>\n<li>100 % v\u00edz\u00e1ll\u00f3s\u00e1g<\/li>\n<\/ul>","protected":false},"excerpt":{"rendered":"<p>A Deerhunter Chasse Olive Night Melange f\u00e9rfi kab\u00e1t strapab\u00edr\u00f3, 100%-ban v\u00edz\u00e1ll\u00f3, sz\u00e9l\u00e1ll\u00f3 \u00e9s l\u00e9g\u00e1tereszt\u0151 DEER-TEX membr\u00e1nnal ell\u00e1tott modell, amely sokoldal\u00fa haszn\u00e1latra k\u00e9sz\u00fclt eg\u00e9sz szezonban. Levehet\u0151 kapucnija, el\u0151re form\u00e1zott k\u00f6ny\u00f6kei, \u00e1ll\u00edthat\u00f3 als\u00f3 r\u00e9sze \u00e9s t\u00f6bb praktikus zsebe maxim\u00e1lis k\u00e9nyelmet \u00e9s mozg\u00e1sszabads\u00e1got biztos\u00edt vad\u00e1szathoz \u00e9s outdoor tev\u00e9kenys\u00e9gekhez.<\/p>","protected":false},"featured_media":18726,"template":"","meta":{"_gspb_post_css":""},"product_brand":[],"product_cat":[2329],"product_tag":[2331,2322],"class_list":{"0":"post-19034","1":"product","2":"type-product","3":"status-publish","4":"has-post-thumbnail","6":"product_cat-kabaty-a-svetre","7":"product_tag-chasse-olive-night-melange","8":"product_tag-deerhunter","10":"first","11":"instock","12":"taxable","13":"shipping-taxable","14":"purchasable","15":"product-type-variable","16":"has-default-attributes"},"ct_brands":[],"_links":{"self":[{"href":"https:\/\/zbranebudai.sk\/hu\/wp-json\/wp\/v2\/product\/19034","targetHints":{"allow":["GET"]}}],"collection":[{"href":"https:\/\/zbranebudai.sk\/hu\/wp-json\/wp\/v2\/product"}],"about":[{"href":"https:\/\/zbranebudai.sk\/hu\/wp-json\/wp\/v2\/types\/product"}],"wp:featuredmedia":[{"embeddable":true,"href":"https:\/\/zbranebudai.sk\/hu\/wp-json\/wp\/v2\/media\/18726"}],"wp:attachment":[{"href":"https:\/\/zbranebudai.sk\/hu\/wp-json\/wp\/v2\/media?parent=19034"}],"wp:term":[{"taxonomy":"product_brand","embeddable":true,"href":"https:\/\/zbranebudai.sk\/hu\/wp-json\/wp\/v2\/product_brand?post=19034"},{"taxonomy":"product_cat","embeddable":true,"href":"https:\/\/zbranebudai.sk\/hu\/wp-json\/wp\/v2\/product_cat?post=19034"},{"taxonomy":"product_tag","embeddable":true,"href":"https:\/\/zbranebudai.sk\/hu\/wp-json\/wp\/v2\/product_tag?post=19034"}],"curies":[{"name":"wp","href":"https:\/\/api.w.org\/{rel}","templated":true}]}}