{"id":19033,"date":"2026-01-13T23:42:37","date_gmt":"2026-01-13T21:42:37","guid":{"rendered":"https:\/\/zbranebudai.sk\/?post_type=product&#038;p=19033"},"modified":"2026-01-15T11:29:06","modified_gmt":"2026-01-15T09:29:06","slug":"deerhunter-caroline-belelt-noi-meleg-kabat","status":"publish","type":"product","link":"https:\/\/zbranebudai.sk\/hu\/product\/deerhunter-caroline-padded-damska-tepla-bunda\/","title":{"rendered":"Deerhunter Caroline Padded n\u0151i meleg kab\u00e1t"},"content":{"rendered":"<p><strong>Deerhunter Caroline Padded n\u0151i meleg kab\u00e1t<\/strong>\u00a0eg\u00e9sz \u00e9vben viselhet\u0151, de k\u00fcl\u00f6n\u00f6sen alkalmas az \u0151szi vad\u00e1szathoz. Ez a Deerhunter dzseki eg\u00e9sz \u0151sszel elegend\u0151 meleget garant\u00e1l. Az egyedi csendes anyagnak \u00e9s a kontrasztos sz\u00edneknek k\u00f6sz\u00f6nhet\u0151en t\u00f6k\u00e9letesen beleolvad a term\u00e9szetbe. A Deerhunter vad\u00e1szkab\u00e1t fantasztikus vad\u00e1sz\u00e9lm\u00e9nyt garant\u00e1l. A Caroline kab\u00e1t Deer Tex membr\u00e1nnal t\u00f6k\u00e9letes st\u00edlusos kab\u00e1t. A k\u00f6nny\u0171 kab\u00e1t a h\u00f3nalj alatt puha k\u00f6t\u00f6tt anyaggal rendelkezik, ami k\u00e9nyelmes viseletet \u00e9s l\u00e9g\u00e1tereszt\u0151 k\u00e9pess\u00e9get biztos\u00edt.<\/p>\n<h2>Term\u00e9kle\u00edr\u00e1s<\/h2>\n<ul>\n<li><strong>M\u00e9retek:<\/strong> 36-48<\/li>\n<li><strong>Sz\u00edn:<\/strong> 393 - Faanyag<\/li>\n<li><strong>A k\u00fcls\u0151 r\u00e9teg \u00f6sszet\u00e9tele:<\/strong> 100 % poli\u00e9szter<\/li>\n<li><strong>Elszigetelts\u00e9g:<\/strong> Szarvas Tex<\/li>\n<\/ul>\n<h2>Term\u00e9k param\u00e9terek<\/h2>\n<ul>\n<li>Kontrasztos sz\u00edn\u0171 r\u00e9szletek az ujjakon \u00e9s az oldalakon<\/li>\n<li>F\u00fcgg\u0151leges cipz\u00e1ras zsebek<\/li>\n<li>Egy cipz\u00e1ras zseb el\u00f6l<\/li>\n<\/ul>","protected":false},"excerpt":{"rendered":"<p>A Deerhunter Caroline Padded n\u0151i kab\u00e1t k\u00f6nny\u0171, meleg \u00e9s csendes anyag\u00fa modell, amely Deer Tex szigetel\u00e9s\u00e9nek \u00e9s puha, k\u00f6t\u00f6tt oldals\u00f3 bet\u00e9teinek k\u00f6sz\u00f6nhet\u0151en k\u00e9nyelmes, j\u00f3l szell\u0151z\u0151 viseletet biztos\u00edt f\u0151k\u00e9nt \u0151szi vad\u00e1szathoz \u00e9s szabadid\u0151h\u00f6z. Kontrasztos sz\u00ednr\u00e9szletei \u00e9s praktikus, cipz\u00e1ras zsebei st\u00edlusos \u00e9s funkcion\u00e1lis v\u00e1laszt\u00e1ss\u00e1 teszik a term\u00e9szetben.<\/p>","protected":false},"featured_media":18724,"template":"","meta":{"_gspb_post_css":""},"product_brand":[],"product_cat":[2329],"product_tag":[2330,2322],"class_list":{"0":"post-19033","1":"product","2":"type-product","3":"status-publish","4":"has-post-thumbnail","6":"product_cat-kabaty-a-svetre","7":"product_tag-caroline-padded","8":"product_tag-deerhunter","10":"first","11":"instock","12":"taxable","13":"shipping-taxable","14":"purchasable","15":"product-type-variable","16":"has-default-attributes"},"ct_brands":[],"_links":{"self":[{"href":"https:\/\/zbranebudai.sk\/hu\/wp-json\/wp\/v2\/product\/19033","targetHints":{"allow":["GET"]}}],"collection":[{"href":"https:\/\/zbranebudai.sk\/hu\/wp-json\/wp\/v2\/product"}],"about":[{"href":"https:\/\/zbranebudai.sk\/hu\/wp-json\/wp\/v2\/types\/product"}],"wp:featuredmedia":[{"embeddable":true,"href":"https:\/\/zbranebudai.sk\/hu\/wp-json\/wp\/v2\/media\/18724"}],"wp:attachment":[{"href":"https:\/\/zbranebudai.sk\/hu\/wp-json\/wp\/v2\/media?parent=19033"}],"wp:term":[{"taxonomy":"product_brand","embeddable":true,"href":"https:\/\/zbranebudai.sk\/hu\/wp-json\/wp\/v2\/product_brand?post=19033"},{"taxonomy":"product_cat","embeddable":true,"href":"https:\/\/zbranebudai.sk\/hu\/wp-json\/wp\/v2\/product_cat?post=19033"},{"taxonomy":"product_tag","embeddable":true,"href":"https:\/\/zbranebudai.sk\/hu\/wp-json\/wp\/v2\/product_tag?post=19033"}],"curies":[{"name":"wp","href":"https:\/\/api.w.org\/{rel}","templated":true}]}}