{"id":19016,"date":"2026-01-13T23:42:12","date_gmt":"2026-01-13T21:42:12","guid":{"rendered":"https:\/\/zbranebudai.sk\/?post_type=product&#038;p=19016"},"modified":"2026-01-15T11:35:50","modified_gmt":"2026-01-15T09:35:50","slug":"deerhunter-rogaland-rogaland-fiber-pile-zold-ferfi-fleece-kabat","status":"publish","type":"product","link":"https:\/\/zbranebudai.sk\/hu\/product\/deerhunter-rogaland-fiber-pile-zelena-panska-fleecova-bunda\/","title":{"rendered":"Deerhunter Rogaland Fiber Pile z\u00f6ld f\u00e9rfi pol\u00e1rdzseki"},"content":{"rendered":"<p><strong>Deerhunter Rogaland Fiber Pile z\u00f6ld f\u00e9rfi pol\u00e1rdzseki<\/strong> z\u00f6ld sz\u00ednben nem fog csal\u00f3d\u00e1st okozni meleg \u00e9s k\u00e9nyelmes kialak\u00edt\u00e1s\u00e1nak k\u00f6sz\u00f6nhet\u0151en. Nagy mozg\u00e1sszabads\u00e1got garant\u00e1l. K\u00e9t cipz\u00e1ras el\u00fcls\u0151 zseb \u00e9s egy mellzseb gondoskodik az eleg\u00e1ns kialak\u00edt\u00e1sr\u00f3l \u00e9s a modernit\u00e1sr\u00f3l. A Rogaland Fiber Pile Jacket kab\u00e1ttal k\u00e9nyelmesen \u00e9lvezheti a vad\u00e1szatot vagy a s\u00e9t\u00e1t. A visel\u00e9ssel val\u00f3 el\u00e9gedetts\u00e9g garant\u00e1lt.<\/p>\n<h2>Term\u00e9kle\u00edr\u00e1s<\/h2>\n<ul>\n<li>M\u00e9retek: S - 4XL<\/li>\n<li>Sz\u00edn: z\u00f6ld<\/li>\n<li>K\u00fcls\u0151 anyag: 100 % poli\u00e9szter<\/li>\n<li>Kontrasztanyag: 7 % elaszt\u00e1n \/ 69 % poli\u00e9szter \/ 24 % viszk\u00f3z<\/li>\n<li>B\u00e9l\u00e9s: 96 % poli\u00e9szter \/ 4 % elaszt\u00e1n<\/li>\n<\/ul>\n<p><strong>Viszk\u00f3z<\/strong> cellul\u00f3zsz\u00e1lakb\u00f3l k\u00e9sz\u00fclt term\u00e9szetes anyag. Kellemes tapint\u00e1s\u00fa, \u00e9s nem kell b\u00e9lelni. Ez ny\u00e1ron k\u00fcl\u00f6n\u00f6sen k\u00e9nyelmes.<\/p>\n<h2>Term\u00e9k param\u00e9terek<\/h2>\n<ul>\n<li>El\u00f6l cipz\u00e1ras z\u00e1r\u00f3d\u00e1s<\/li>\n<li>Mellzseb cipz\u00e1rral<\/li>\n<li>K\u00e9t cipz\u00e1ras el\u00fcls\u0151 zseb<\/li>\n<li>Elasztikus gall\u00e9r<\/li>\n<li>Mandzsett\u00e1k el\u00f6l, k\u00f6z\u00e9pen \u00e9s alul<\/li>\n<li>Kab\u00e1tanyag \u00e9s rugalmas anyag kombin\u00e1ci\u00f3ja<\/li>\n<li>Bels\u0151 elasztikus b\u00e9l\u00e9s k\u00e9t nagy zsebbel<\/li>\n<\/ul>","protected":false},"excerpt":{"rendered":"<p>A Deerhunter Rogaland Fiber Pile z\u00f6ld f\u00e9rfi pol\u00e1rdzseki meleg, k\u00e9nyelmes \u00e9s rugalmas kialak\u00edt\u00e1s\u00fa, \u00edgy kiv\u00e1l\u00f3 mozg\u00e1sszabads\u00e1got biztos\u00edt vad\u00e1szathoz \u00e9s szabadid\u0151s tev\u00e9kenys\u00e9gekhez. Cipz\u00e1ras mellzsebe, k\u00e9t els\u0151 zsebe \u00e9s rugalmas gall\u00e9rja, mandzsett\u00e1i praktikuss\u00e1 \u00e9s modern megjelen\u00e9s\u0171v\u00e9 teszik.<\/p>","protected":false},"featured_media":18811,"template":"","meta":{"_gspb_post_css":""},"product_brand":[],"product_cat":[2329],"product_tag":[2322,2404],"class_list":{"0":"post-19016","1":"product","2":"type-product","3":"status-publish","4":"has-post-thumbnail","6":"product_cat-kabaty-a-svetre","7":"product_tag-deerhunter","8":"product_tag-rogaland-fiber-pile","10":"first","11":"instock","12":"taxable","13":"shipping-taxable","14":"purchasable","15":"product-type-variable","16":"has-default-attributes"},"ct_brands":[],"_links":{"self":[{"href":"https:\/\/zbranebudai.sk\/hu\/wp-json\/wp\/v2\/product\/19016","targetHints":{"allow":["GET"]}}],"collection":[{"href":"https:\/\/zbranebudai.sk\/hu\/wp-json\/wp\/v2\/product"}],"about":[{"href":"https:\/\/zbranebudai.sk\/hu\/wp-json\/wp\/v2\/types\/product"}],"wp:featuredmedia":[{"embeddable":true,"href":"https:\/\/zbranebudai.sk\/hu\/wp-json\/wp\/v2\/media\/18811"}],"wp:attachment":[{"href":"https:\/\/zbranebudai.sk\/hu\/wp-json\/wp\/v2\/media?parent=19016"}],"wp:term":[{"taxonomy":"product_brand","embeddable":true,"href":"https:\/\/zbranebudai.sk\/hu\/wp-json\/wp\/v2\/product_brand?post=19016"},{"taxonomy":"product_cat","embeddable":true,"href":"https:\/\/zbranebudai.sk\/hu\/wp-json\/wp\/v2\/product_cat?post=19016"},{"taxonomy":"product_tag","embeddable":true,"href":"https:\/\/zbranebudai.sk\/hu\/wp-json\/wp\/v2\/product_tag?post=19016"}],"curies":[{"name":"wp","href":"https:\/\/api.w.org\/{rel}","templated":true}]}}