{"id":19015,"date":"2026-01-13T23:42:12","date_gmt":"2026-01-13T21:42:12","guid":{"rendered":"https:\/\/zbranebudai.sk\/?post_type=product&#038;p=19015"},"modified":"2026-01-15T11:34:08","modified_gmt":"2026-01-15T09:34:08","slug":"deerhunter-heat-ferfi-futott-kabat-powerbankkal","status":"publish","type":"product","link":"https:\/\/zbranebudai.sk\/hu\/product\/deerhunter-heat-panska-vyhrievana-bunda-s-powerbankou\/","title":{"rendered":"Deerhunter Heat f\u00e9rfi f\u0171thet\u0151 kab\u00e1t powerbankal"},"content":{"rendered":"<p><strong>Deerhunter Heat f\u00e9rfi f\u0171thet\u0151 kab\u00e1t powerbankal<\/strong> hideg id\u0151ben is melegen tart. \u00daj high-tech kab\u00e1t termo funkci\u00f3val \u00e9s v\u00edzleperget\u0151 kezel\u00e9ssel. Egyetlen kattint\u00e1ssal gyorsan \u00e9rezni fogod, ahogy a melegs\u00e9g sz\u00e9t\u00e1rad. A kab\u00e1t DuPont p\u00e1rn\u00e1z\u00e1ssal \u00e9s mandzsett\u00e1kkal rendelkezik, hogy megv\u00e9djen a sz\u00e9lt\u0151l. A Deerhunter f\u0171thet\u0151 kab\u00e1t h\u00e1rom el\u00fcls\u0151 zsebbel rendelkezik, \u00e9s sokoldal\u00fa s\u00f6t\u00e9tz\u00f6ld sz\u00ednben kaphat\u00f3. A f\u0171thet\u0151 kab\u00e1t mos\u00f3g\u00e9pben moshat\u00f3. A kab\u00e1t alapr\u00e9tegk\u00e9nt is viselhet\u0151 egy m\u00e1sik t\u00e9li kab\u00e1t alatt. A kab\u00e1t 3 f\u0171t\u00e9si szinttel rendelkezik: alacsony\/k\u00f6zepes\/magas. Term\u00e9szetesen ez a kab\u00e1t is rendelkezik der\u00e9kra h\u00fazhat\u00f3 zsin\u00f3rral a m\u00e9g jobb h\u0151tart\u00e1s \u00e9rdek\u00e9ben.<\/p>\n<h2>Term\u00e9kle\u00edr\u00e1s<\/h2>\n<ul>\n<li>M\u00e9retek: S-3XL<\/li>\n<li>K\u00fcls\u0151 anyag: 100 % poliamid Ripstop<\/li>\n<li>Sz\u00edn: 388 - s\u00f6t\u00e9tz\u00f6ld<\/li>\n<li>Fel\u00fcletkezel\u00e9s: v\u00edztasz\u00edt\u00f3<\/li>\n<li>Szigetel\u00e9s: Dupont Sorona Sustans 100 g\/m2<\/li>\n<\/ul>\n<h2>Term\u00e9k param\u00e9terek<\/h2>\n<ul>\n<li>Csak egy kattint\u00e1s, \u00e9s n\u00e9h\u00e1ny m\u00e1sodperc m\u00falva \u00e9rezni fogja a h\u0151t.<\/li>\n<li>G\u00e9pben moshat\u00f3<\/li>\n<li>Powerbank - 5000 mAh \/ 3,7 V<\/li>\n<li>Akkumul\u00e1tor \u00e9lettartama ak\u00e1r 6 \u00f3ra<\/li>\n<li>H\u00e1rom el\u00fcls\u0151 zseb<\/li>\n<li>K\u00e9t bels\u0151 zseb<\/li>\n<\/ul>","protected":false},"excerpt":{"rendered":"<p>A Deerhunter Heat f\u0171thet\u0151 f\u00e9rfi kab\u00e1t Deep Green sz\u00ednben h\u00e1rom fokozatban \u00e1ll\u00edthat\u00f3 f\u0171t\u00e9si rendszerrel \u00e9s mell\u00e9kelt 5000 mAh-s powerbankkal gondoskodik a melegen tart\u00e1sr\u00f3l, ak\u00e1r 6 \u00f3r\u00e1n kereszt\u00fcl. K\u00f6nny\u0171, v\u00edztasz\u00edt\u00f3, DuPont Sorona Sustans szigetel\u00e9ssel k\u00e9sz\u00fclt, \u00f6n\u00e1ll\u00f3an \u00e9s t\u00e9li kab\u00e1t alatti als\u00f3 r\u00e9tegk\u00e9nt is viselhet\u0151, r\u00e1ad\u00e1sul mos\u00f3g\u00e9pben moshat\u00f3.<\/p>","protected":false},"featured_media":18809,"template":"","meta":{"_gspb_post_css":""},"product_brand":[],"product_cat":[2329],"product_tag":[2322,2350],"class_list":{"0":"post-19015","1":"product","2":"type-product","3":"status-publish","4":"has-post-thumbnail","6":"product_cat-kabaty-a-svetre","7":"product_tag-deerhunter","8":"product_tag-heat","10":"first","11":"instock","12":"taxable","13":"shipping-taxable","14":"purchasable","15":"product-type-variable","16":"has-default-attributes"},"ct_brands":[],"_links":{"self":[{"href":"https:\/\/zbranebudai.sk\/hu\/wp-json\/wp\/v2\/product\/19015","targetHints":{"allow":["GET"]}}],"collection":[{"href":"https:\/\/zbranebudai.sk\/hu\/wp-json\/wp\/v2\/product"}],"about":[{"href":"https:\/\/zbranebudai.sk\/hu\/wp-json\/wp\/v2\/types\/product"}],"wp:featuredmedia":[{"embeddable":true,"href":"https:\/\/zbranebudai.sk\/hu\/wp-json\/wp\/v2\/media\/18809"}],"wp:attachment":[{"href":"https:\/\/zbranebudai.sk\/hu\/wp-json\/wp\/v2\/media?parent=19015"}],"wp:term":[{"taxonomy":"product_brand","embeddable":true,"href":"https:\/\/zbranebudai.sk\/hu\/wp-json\/wp\/v2\/product_brand?post=19015"},{"taxonomy":"product_cat","embeddable":true,"href":"https:\/\/zbranebudai.sk\/hu\/wp-json\/wp\/v2\/product_cat?post=19015"},{"taxonomy":"product_tag","embeddable":true,"href":"https:\/\/zbranebudai.sk\/hu\/wp-json\/wp\/v2\/product_tag?post=19015"}],"curies":[{"name":"wp","href":"https:\/\/api.w.org\/{rel}","templated":true}]}}