{"id":19014,"date":"2026-01-13T23:42:12","date_gmt":"2026-01-13T21:42:12","guid":{"rendered":"https:\/\/zbranebudai.sk\/?post_type=product&#038;p=19014"},"modified":"2026-01-15T11:33:52","modified_gmt":"2026-01-15T09:33:52","slug":"deerhunter-lady-raven-arctic-arctic-realtree-edge-narancssarga-noi-kabat","status":"publish","type":"product","link":"https:\/\/zbranebudai.sk\/hu\/product\/deerhunter-lady-raven-arctic-realtree-edge-orange-damska-bunda\/","title":{"rendered":"Deerhunter Lady Raven Arctic Realtree Edge Orange n\u0151i kab\u00e1t"},"content":{"rendered":"<p><strong>Deerhunter Lady Raven Arctic Realtree Edge Orange n\u0151i kab\u00e1t<\/strong> egyedi diz\u00e1jnnal, Realtree Edge Red \u00e1lc\u00e1z\u00e1ssal. Csoportos vad\u00e1szatok sor\u00e1n minden id\u0151j\u00e1r\u00e1si k\u00f6r\u00fclm\u00e9nyek k\u00f6z\u00f6tt biztos\u00edtj\u00e1k a l\u00e1that\u00f3s\u00e1got. Rendk\u00edv\u00fcl tart\u00f3s, v\u00edzleperget\u0151, l\u00e9g\u00e1tereszt\u0151 \u00e9s v\u00edz\u00e1ll\u00f3 kab\u00e1t. Kiv\u00e1l\u00f3 min\u0151s\u00e9g\u0171 100% poli\u00e9szterb\u0151l k\u00e9sz\u00fclt, \u00edgy garant\u00e1lja a k\u00e9nyelmet, a praktikumot \u00e9s a meleget. A kab\u00e1t kiv\u00e1l\u00f3 min\u0151s\u00e9g\u0171 YKK cipz\u00e1rakkal van ell\u00e1tva, amelyeket k\u00fcl\u00f6n\u00f6sen az er\u0151ss\u00e9g \u00e9s a v\u00edz\u00e1ll\u00f3s\u00e1g jellemez. A kab\u00e1t tov\u00e1bbi jellemz\u0151i k\u00f6z\u00e9 tartozik az el\u0151form\u00e1zott k\u00f6ny\u00f6kr\u00e9sz a nagyobb k\u00e9nyelem \u00e9s a mozg\u00e1sszabads\u00e1g \u00e9rdek\u00e9ben. Levehet\u0151 kapucni, \u00e1ll\u00edthat\u00f3 szeg\u00e9ly, t\u00f6bb bels\u0151 zseb \u00e9s extra p\u00e1rn\u00e1z\u00e1s a gerinc ter\u00fclet\u00e9n a jobb szigetel\u00e9s \u00e9rdek\u00e9ben. A kab\u00e1t f\u0151 cipz\u00e1rja lehet\u0151v\u00e9 teszi a n\u0151k sz\u00e1m\u00e1ra, hogy k\u00f6nnyebben hozz\u00e1f\u00e9rjenek az als\u00f3nem\u0171h\u00f6z.<\/p>\n<h2>Term\u00e9kle\u00edr\u00e1s<\/h2>\n<ul>\n<li>Sz\u00edn: 73 - Realtree Edge Orange<\/li>\n<li>100 % poli\u00e9szter, 180 g\/m\u00b2<\/li>\n<li>Kontrasztanyag: 100 % poli\u00e9szter, 225 g\/m\u00b2.<\/li>\n<li>Cipz\u00e1r: YKK<\/li>\n<li>Aj\u00e1nlott mos\u00e1s: ne haszn\u00e1ljon l\u00e1gy\u00edt\u00f3t, m\u00e1s sz\u00ednekkel egy\u00fctt moshat\u00f3.<\/li>\n<li>Zsebek sz\u00e1ma: 4 zseb \u00e9s egy bels\u0151 zseb<\/li>\n<li>El\u0151re megform\u00e1zott alkatr\u00e9szek: k\u00f6ny\u00f6kr\u00e9sz<\/li>\n<\/ul>\n<p><strong>DEER-TEX\u00ae Performance Shell<\/strong> - ez egy lamin\u00e1lt k\u00fcls\u0151 anyag, amely minden varr\u00e1son megtal\u00e1lhat\u00f3, ami azt jelenti, hogy 100 % v\u00edz\u00e1ll\u00f3. Nagyon k\u00f6nny\u0171, \u00e9s a Deerhunter minden technikai jelleg\u0171 term\u00e9k\u00e9n\u00e9l haszn\u00e1lj\u00e1k.<\/p>\n<h2>Term\u00e9k param\u00e9terek<\/h2>\n<ul>\n<li>Kiv\u00e1l\u00f3 min\u0151s\u00e9g\u0171 YKK cipz\u00e1r<\/li>\n<li>El\u0151re form\u00e1zott k\u00f6ny\u00f6k\u00f6k<\/li>\n<li>Sok t\u00e1gas zseb<\/li>\n<li>Extra meger\u0151s\u00edt\u00e9s a gerinc ter\u00fclet\u00e9n<\/li>\n<li>Kiv\u00e1l\u00f3 min\u0151s\u00e9g\u0171 anyagok<\/li>\n<li>Levehet\u0151 kapucni<\/li>\n<\/ul>","protected":false},"excerpt":{"rendered":"<p>A Deerhunter Lady Raven Arctic Realtree Edge Orange n\u0151i kab\u00e1t strapab\u00edr\u00f3, v\u00edz\u00e1ll\u00f3, v\u00edzleperget\u0151 \u00e9s l\u00e9g\u00e1tereszt\u0151 vad\u00e1szkab\u00e1t, amely \u00e9l\u00e9nk \u00e1lc\u00e1zott sz\u00edn\u00e9vel biztos\u00edtja a j\u00f3 l\u00e1that\u00f3s\u00e1got k\u00f6z\u00f6s vad\u00e1szatokon. El\u0151re form\u00e1zott k\u00f6ny\u00f6kr\u00e9sszel, levehet\u0151 kapucnival, extra gerincer\u0151s\u00edt\u00e9ssel, min\u0151s\u00e9gi YKK cipz\u00e1rakkal \u00e9s t\u00f6bb t\u00e1gas zsebbel k\u00e9nyelmes, meleg \u00e9s funkcion\u00e1lis viselet hideg id\u0151ben.<\/p>","protected":false},"featured_media":18808,"template":"","meta":{"_gspb_post_css":""},"product_brand":[],"product_cat":[2329],"product_tag":[2322,2349],"class_list":{"0":"post-19014","1":"product","2":"type-product","3":"status-publish","4":"has-post-thumbnail","6":"product_cat-kabaty-a-svetre","7":"product_tag-deerhunter","8":"product_tag-lady-raven-arctic-realtree-edge-orange","10":"first","11":"instock","12":"taxable","13":"shipping-taxable","14":"purchasable","15":"product-type-variable","16":"has-default-attributes"},"ct_brands":[],"_links":{"self":[{"href":"https:\/\/zbranebudai.sk\/hu\/wp-json\/wp\/v2\/product\/19014","targetHints":{"allow":["GET"]}}],"collection":[{"href":"https:\/\/zbranebudai.sk\/hu\/wp-json\/wp\/v2\/product"}],"about":[{"href":"https:\/\/zbranebudai.sk\/hu\/wp-json\/wp\/v2\/types\/product"}],"wp:featuredmedia":[{"embeddable":true,"href":"https:\/\/zbranebudai.sk\/hu\/wp-json\/wp\/v2\/media\/18808"}],"wp:attachment":[{"href":"https:\/\/zbranebudai.sk\/hu\/wp-json\/wp\/v2\/media?parent=19014"}],"wp:term":[{"taxonomy":"product_brand","embeddable":true,"href":"https:\/\/zbranebudai.sk\/hu\/wp-json\/wp\/v2\/product_brand?post=19014"},{"taxonomy":"product_cat","embeddable":true,"href":"https:\/\/zbranebudai.sk\/hu\/wp-json\/wp\/v2\/product_cat?post=19014"},{"taxonomy":"product_tag","embeddable":true,"href":"https:\/\/zbranebudai.sk\/hu\/wp-json\/wp\/v2\/product_tag?post=19014"}],"curies":[{"name":"wp","href":"https:\/\/api.w.org\/{rel}","templated":true}]}}