{"id":19013,"date":"2026-01-13T23:42:12","date_gmt":"2026-01-13T21:42:12","guid":{"rendered":"https:\/\/zbranebudai.sk\/?post_type=product&#038;p=19013"},"modified":"2026-01-15T11:33:20","modified_gmt":"2026-01-15T09:33:20","slug":"deerhunter-moor-belelt-ferfi-kabat","status":"publish","type":"product","link":"https:\/\/zbranebudai.sk\/hu\/product\/deerhunter-moor-padded-pansky-kabat\/","title":{"rendered":"Deerhunter Moor Padded f\u00e9rfi kab\u00e1t"},"content":{"rendered":"<p><strong>Deerhunter Moor Padded f\u00e9rfi kab\u00e1t<\/strong> eg\u00e9sz \u00e9vben viselhet\u0151, de k\u00fcl\u00f6n\u00f6sen alkalmas az \u0151szi vad\u00e1szathoz. Ez a Deerhunter dzseki eg\u00e9sz \u0151sszel elegend\u0151 meleget garant\u00e1l. Az egyedi csendes anyagnak \u00e9s a kontrasztos sz\u00edneknek k\u00f6sz\u00f6nhet\u0151en t\u00f6k\u00e9letesen beleolvad a term\u00e9szetbe. A Deerhunter vad\u00e1szkab\u00e1t fantasztikus vad\u00e1sz\u00e9lm\u00e9nyt garant\u00e1l. A Deer Tex membr\u00e1nnal ell\u00e1tott Moor kab\u00e1t t\u00f6k\u00e9letes st\u00edlusos kab\u00e1t. A k\u00f6nny\u0171 dzseki a h\u00f3nalj alatt puha k\u00f6t\u00f6tt anyaggal rendelkezik, \u00edgy k\u00e9nyelmes viselet \u00e9s l\u00e9g\u00e1tereszt\u0151.<\/p>\n<h2>Term\u00e9kle\u00edr\u00e1s<\/h2>\n<ul>\n<li>M\u00e9retek: S-5XL<\/li>\n<li>Sz\u00edn: 393 - Fa<\/li>\n<li>K\u00fcls\u0151 r\u00e9teg \u00f6sszet\u00e9tele: 100 % poli\u00e9szter<\/li>\n<li>Membr\u00e1n: Deer Tex<\/li>\n<\/ul>\n<h2>Term\u00e9k param\u00e9terek<\/h2>\n<ul>\n<li>Kontrasztos sz\u00edn\u0171 r\u00e9szletek az ujjakon \u00e9s az oldalakon<\/li>\n<li>F\u00fcgg\u0151leges cipz\u00e1ras zsebek<\/li>\n<li>Egy cipz\u00e1ras zseb el\u00f6l<\/li>\n<\/ul>","protected":false},"excerpt":{"rendered":"<p>A Deerhunter Moor Padded f\u00e9rfi kab\u00e1t k\u00f6nny\u0171, m\u00e9gis meleg, eg\u00e9sz \u00e9vben viselhet\u0151 fels\u0151r\u00e9teg, amely k\u00fcl\u00f6n\u00f6sen \u0151szi vad\u00e1szathoz ide\u00e1lis. Csendes k\u00fcls\u0151 sz\u00f6vete, Deer-Tex membr\u00e1nja, valamint a puha, k\u00f6t\u00f6tt oldals\u00f3 \u00e9s ujj alatti bet\u00e9tek k\u00e9nyelmes, j\u00f3l szell\u0151z\u0151 viseletet biztos\u00edtanak, praktikus cipz\u00e1ras zsebekkel kieg\u00e9sz\u00edtve.<\/p>","protected":false},"featured_media":18806,"template":"","meta":{"_gspb_post_css":""},"product_brand":[],"product_cat":[2329],"product_tag":[2322,2403],"class_list":{"0":"post-19013","1":"product","2":"type-product","3":"status-publish","4":"has-post-thumbnail","6":"product_cat-kabaty-a-svetre","7":"product_tag-deerhunter","8":"product_tag-moor-padded","10":"first","11":"instock","12":"taxable","13":"shipping-taxable","14":"purchasable","15":"product-type-variable","16":"has-default-attributes"},"ct_brands":[],"_links":{"self":[{"href":"https:\/\/zbranebudai.sk\/hu\/wp-json\/wp\/v2\/product\/19013","targetHints":{"allow":["GET"]}}],"collection":[{"href":"https:\/\/zbranebudai.sk\/hu\/wp-json\/wp\/v2\/product"}],"about":[{"href":"https:\/\/zbranebudai.sk\/hu\/wp-json\/wp\/v2\/types\/product"}],"wp:featuredmedia":[{"embeddable":true,"href":"https:\/\/zbranebudai.sk\/hu\/wp-json\/wp\/v2\/media\/18806"}],"wp:attachment":[{"href":"https:\/\/zbranebudai.sk\/hu\/wp-json\/wp\/v2\/media?parent=19013"}],"wp:term":[{"taxonomy":"product_brand","embeddable":true,"href":"https:\/\/zbranebudai.sk\/hu\/wp-json\/wp\/v2\/product_brand?post=19013"},{"taxonomy":"product_cat","embeddable":true,"href":"https:\/\/zbranebudai.sk\/hu\/wp-json\/wp\/v2\/product_cat?post=19013"},{"taxonomy":"product_tag","embeddable":true,"href":"https:\/\/zbranebudai.sk\/hu\/wp-json\/wp\/v2\/product_tag?post=19013"}],"curies":[{"name":"wp","href":"https:\/\/api.w.org\/{rel}","templated":true}]}}