{"id":19011,"date":"2026-01-13T23:42:12","date_gmt":"2026-01-13T21:42:12","guid":{"rendered":"https:\/\/zbranebudai.sk\/?post_type=product&#038;p=19011"},"modified":"2026-01-15T11:31:53","modified_gmt":"2026-01-15T09:31:53","slug":"deerhunter-escape-light-realtree-escape-ferfi-dzseki","status":"publish","type":"product","link":"https:\/\/zbranebudai.sk\/hu\/product\/deerhunter-escape-light-realtree-escape-panska-bunda\/","title":{"rendered":"Deerhunter Escape Light - Realtree Escape f\u00e9rfi kab\u00e1t"},"content":{"rendered":"<p><strong>Deerhunter Escape Light - Realtree Escape f\u00e9rfi kab\u00e1t<\/strong> egy nagyszer\u0171 ruhadarab a hideg h\u00f3napokban, amely maxim\u00e1lis k\u00e9nyelmet biztos\u00edt minden vad\u00e1sz sz\u00e1m\u00e1ra a vad\u00e1szat sor\u00e1n. Kiv\u00e1l\u00f3 min\u0151s\u00e9g\u0171 anyagokb\u00f3l k\u00e9sz\u00fclt, amelyet a tart\u00f3s Deer-X-Dura meger\u0151s\u00edt\u00e9s eg\u00e9sz\u00edt ki. Hat\u00e9konyan er\u0151s\u00edti a v\u00e1ll- \u00e9s k\u00f6ny\u00f6kr\u00e9szt, mivel a kab\u00e1tnak ezek a r\u00e9szei vannak a legink\u00e1bb kit\u00e9ve a kop\u00e1snak. 4 ir\u00e1nyban sztreccselt anyaga biztos\u00edtja a k\u00e9nyelmet. A be\u00e9p\u00edtett zsebek k\u00f6nny\u0171 \u00e9s gyors hozz\u00e1f\u00e9r\u00e9st biztos\u00edtanak minden tartoz\u00e9khoz. A kiv\u00e1l\u00f3 min\u0151s\u00e9g\u0171 YKK cipz\u00e1r \u00e9s az \u00e1ll\u00edthat\u00f3 als\u00f3 h\u00faz\u00f3zsin\u00f3r biztos\u00edtja, hogy a kab\u00e1t minden vad\u00e1sznak t\u00f6k\u00e9letesen illeszkedjen.<\/p>\n<h2>Term\u00e9kle\u00edr\u00e1s<\/h2>\n<ul>\n<li>Sz\u00edn: 93 - Realtree Excape<\/li>\n<li>M\u00e9ret: S-3XL<\/li>\n<li>Anyag: 89 % poliamid, 11 % elaszt\u00e1n<\/li>\n<li>Meger\u0151s\u00edt\u00e9s: 7 % poliuret\u00e1n, 67 % poliamid, 26 % poli\u00e9szter.<\/li>\n<li>B\u00e9l\u00e9s: 100 % poli\u00e9szter<\/li>\n<li>Aj\u00e1nlott mos\u00e1s: ne haszn\u00e1ljon l\u00e1gy\u00edt\u00f3t, hasonl\u00f3 sz\u00ednekkel mossa.<\/li>\n<li>Tan\u00fas\u00edt\u00e1s: OEKOTEX<\/li>\n<li>Cipz\u00e1r: YKK<\/li>\n<li>K\u00f6ny\u00f6kr\u00e9sz: el\u0151form\u00e1zott<\/li>\n<\/ul>\n<p>Az OEKOTEX egy olyan term\u00e9ktan\u00fas\u00edtv\u00e1ny, amely garant\u00e1lja a k\u00e1ros anyagok hi\u00e1ny\u00e1t. Ez a vil\u00e1g vezet\u0151 eg\u00e9szs\u00e9g\u00fcgyi tan\u00fas\u00edt\u00e1sa minden textilterm\u00e9kre.<\/p>\n<p>Deer-X-Dura meger\u0151s\u00edt\u00e9s - ez egy speci\u00e1lisan tervezett Deerhunter meger\u0151s\u00edt\u00e9s, amely stretch anyagot tartalmaz. Nagyon rugalmas \u00e9s nagyfok\u00fa v\u00e9delmet ny\u00fajt a legink\u00e1bb ig\u00e9nybevett ter\u00fcleteken - t\u00e9rd \u00e9s k\u00f6ny\u00f6k. A hangs\u00faly a maxim\u00e1lis mozg\u00e1sszabads\u00e1gon van.<\/p>\n<h2>Term\u00e9k param\u00e9terek<\/h2>\n<ul>\n<li>El\u0151re form\u00e1zott k\u00f6ny\u00f6k\u00f6k<\/li>\n<li>L\u00e9legz\u0151 h\u00e1l\u00f3s b\u00e9l\u00e9s<\/li>\n<li>2-ir\u00e1ny\u00fa YKK cipz\u00e1r<\/li>\n<li>Szell\u0151z\u0151 cipz\u00e1rak a h\u00f3nalj alatt<\/li>\n<li>Kiv\u00e1l\u00f3 min\u0151s\u00e9g\u0171 Deer-X-Dura v\u00e1ll- \u00e9s k\u00f6ny\u00f6ker\u0151s\u00edt\u00e9sek<\/li>\n<li>OEKOTEX tan\u00fas\u00edt\u00e1s<\/li>\n<li>\u00c1ll\u00edthat\u00f3 kab\u00e1t alja<\/li>\n<\/ul>","protected":false},"excerpt":{"rendered":"<p>A Deerhunter Escape Light Realtree Excape f\u00e9rfi kab\u00e1t k\u00f6nny\u0171, m\u00e9gis strapab\u00edr\u00f3 fels\u0151 r\u00e9teg a hidegebb id\u0151re, rugalmas, n\u00e9gyir\u00e1ny\u00fa stretch anyaggal \u00e9s l\u00e9g\u00e1tereszt\u0151 h\u00e1l\u00f3s b\u00e9l\u00e9ssel a k\u00e9nyelmes mozg\u00e1s\u00e9rt. Deer-X-Dura meger\u0151s\u00edt\u00e9sei a v\u00e1llon \u00e9s k\u00f6ny\u00f6k\u00f6n, az YKK k\u00e9tir\u00e1ny\u00fa cipz\u00e1r, a h\u00f3naljszell\u0151z\u0151k \u00e9s az \u00e1ll\u00edthat\u00f3 als\u00f3 r\u00e9sz funkcion\u00e1lis, tart\u00f3s vad\u00e1szkab\u00e1tt\u00e1 teszik, OEKOTEX tan\u00fas\u00edtv\u00e1nnyal.<\/p>","protected":false},"featured_media":18802,"template":"","meta":{"_gspb_post_css":""},"product_brand":[],"product_cat":[2329],"product_tag":[2322,2364],"class_list":{"0":"post-19011","1":"product","2":"type-product","3":"status-publish","4":"has-post-thumbnail","6":"product_cat-kabaty-a-svetre","7":"product_tag-deerhunter","8":"product_tag-escape-light-realtree-escape-2","10":"first","11":"instock","12":"taxable","13":"shipping-taxable","14":"purchasable","15":"product-type-variable","16":"has-default-attributes"},"ct_brands":[],"_links":{"self":[{"href":"https:\/\/zbranebudai.sk\/hu\/wp-json\/wp\/v2\/product\/19011","targetHints":{"allow":["GET"]}}],"collection":[{"href":"https:\/\/zbranebudai.sk\/hu\/wp-json\/wp\/v2\/product"}],"about":[{"href":"https:\/\/zbranebudai.sk\/hu\/wp-json\/wp\/v2\/types\/product"}],"wp:featuredmedia":[{"embeddable":true,"href":"https:\/\/zbranebudai.sk\/hu\/wp-json\/wp\/v2\/media\/18802"}],"wp:attachment":[{"href":"https:\/\/zbranebudai.sk\/hu\/wp-json\/wp\/v2\/media?parent=19011"}],"wp:term":[{"taxonomy":"product_brand","embeddable":true,"href":"https:\/\/zbranebudai.sk\/hu\/wp-json\/wp\/v2\/product_brand?post=19011"},{"taxonomy":"product_cat","embeddable":true,"href":"https:\/\/zbranebudai.sk\/hu\/wp-json\/wp\/v2\/product_cat?post=19011"},{"taxonomy":"product_tag","embeddable":true,"href":"https:\/\/zbranebudai.sk\/hu\/wp-json\/wp\/v2\/product_tag?post=19011"}],"curies":[{"name":"wp","href":"https:\/\/api.w.org\/{rel}","templated":true}]}}