{"id":19010,"date":"2026-01-13T23:42:12","date_gmt":"2026-01-13T21:42:12","guid":{"rendered":"https:\/\/zbranebudai.sk\/?post_type=product&#038;p=19010"},"modified":"2026-01-14T14:52:39","modified_gmt":"2026-01-14T12:52:39","slug":"deerhunter-liam-okkersarga-barna-ferfi-fel-dzseki","status":"publish","type":"product","link":"https:\/\/zbranebudai.sk\/hu\/product\/deerhunter-liam-ocher-brown-panska-polovnicka-bunda\/","title":{"rendered":"Deerhunter Liam Ocher Brown f\u00e9rfi vad\u00e1szing"},"content":{"rendered":"<p><strong>Deerhunter Liam Ocher Brown f\u00e9rfi vad\u00e1szing<\/strong> egy eleg\u00e1ns \u00e9s funkcion\u00e1lis darab, amely a hagyom\u00e1nyos st\u00edlust a modern k\u00e9nyelemmel \u00f6tv\u00f6zi. Kellemes tapint\u00e1s\u00e1val \u00e9s term\u00e9szetes f\u00f6ldsz\u00ednekkel t\u00f6k\u00e9letes v\u00e1laszt\u00e1s nemcsak vad\u00e1szathoz, hanem szabadid\u0151s tev\u00e9kenys\u00e9gekhez vagy t\u00e1rsas\u00e1gi vad\u00e1szati esem\u00e9nyekhez is. Az ing puha, l\u00e9g\u00e1tereszt\u0151 pamutsz\u00f6vetb\u0151l k\u00e9sz\u00fclt, amely eg\u00e9sz napos viselet eset\u00e9n is k\u00e9nyelmet biztos\u00edt. Az okkers\u00e1rga barna \u00e1rnyalat id\u0151tlen, st\u00edlusos megjelen\u00e9st k\u00f6lcs\u00f6n\u00f6z neki, mik\u00f6zben t\u00f6k\u00e9letesen kieg\u00e9sz\u00edti a vad\u00e1sz- \u00e9s szabadt\u00e9ri ruh\u00e1zatot. A klasszikus gall\u00e9r, a hossz\u00fa ujjak \u00e9s a gombos mellzseb m\u00e9g praktikusabb\u00e1 teszi a kab\u00e1tot. Melegebb id\u0151ben \u00f6nmag\u00e1ban, hidegebb napokon mell\u00e9ny vagy kab\u00e1t alatt is viselhet\u0151.<\/p>\n<h2>Term\u00e9kle\u00edr\u00e1s<\/h2>\n<ul>\n<li>Sz\u00edn: okkers\u00e1rga barna<\/li>\n<li>100 % pamut<\/li>\n<li>Aj\u00e1nlott mos\u00e1s: 40 \u00b0C, kiford\u00edtva mosni, ne haszn\u00e1ljon l\u00e1gy\u00edt\u00f3t, ne feh\u00e9r\u00edtse, ne sz\u00e1r\u00edtsa sz\u00e1r\u00edt\u00f3g\u00e9pben, legfeljebb 150 \u00b0C-on vasalja.<\/li>\n<li>\u00c1pol\u00e1s: mos\u00e1s hasonl\u00f3 sz\u00ednekkel, l\u00f3g\u00f3sz\u00e1r\u00edt\u00e1s, ne tiszt\u00edtsuk sz\u00e1razon.<\/li>\n<\/ul>\n<h2>Term\u00e9k param\u00e9terek<\/h2>\n<ul>\n<li>K\u00e9nyelmes pamut anyag<\/li>\n<li>Sokoldal\u00fa haszn\u00e1lat<\/li>\n<li>Mellzseb<\/li>\n<li>K\u00e9nyelmes illeszked\u00e9s<\/li>\n<\/ul>","protected":false},"excerpt":{"rendered":"<p>A Deerhunter Liam Ocher Brown f\u00e9rfi vad\u00e1szing finom, l\u00e9g\u00e1tereszt\u0151, 100% pamut anyagb\u00f3l k\u00e9sz\u00fcl, k\u00e9nyelmes szab\u00e1ssal \u00e9s id\u0151t\u00e1ll\u00f3 f\u00f6ldsz\u00edn\u0171 megjelen\u00e9ssel. Klasszikus gall\u00e9rja \u00e9s gombos mellzsebe miatt vad\u00e1szathoz, szabadid\u0151s tev\u00e9kenys\u00e9gekhez \u00e9s t\u00e1rsas\u00e1gi vad\u00e1szesem\u00e9nyekhez is megfelel\u0151 v\u00e1laszt\u00e1s.<\/p>","protected":false},"featured_media":18800,"template":"","meta":{"_gspb_post_css":""},"product_brand":[],"product_cat":[2323],"product_tag":[2322,2345],"class_list":{"0":"post-19010","1":"product","2":"type-product","3":"status-publish","4":"has-post-thumbnail","6":"product_cat-kosele-a-tricka","7":"product_tag-deerhunter","8":"product_tag-liam-ocher-brown","10":"first","11":"instock","12":"taxable","13":"shipping-taxable","14":"purchasable","15":"product-type-variable","16":"has-default-attributes"},"ct_brands":[],"_links":{"self":[{"href":"https:\/\/zbranebudai.sk\/hu\/wp-json\/wp\/v2\/product\/19010","targetHints":{"allow":["GET"]}}],"collection":[{"href":"https:\/\/zbranebudai.sk\/hu\/wp-json\/wp\/v2\/product"}],"about":[{"href":"https:\/\/zbranebudai.sk\/hu\/wp-json\/wp\/v2\/types\/product"}],"wp:featuredmedia":[{"embeddable":true,"href":"https:\/\/zbranebudai.sk\/hu\/wp-json\/wp\/v2\/media\/18800"}],"wp:attachment":[{"href":"https:\/\/zbranebudai.sk\/hu\/wp-json\/wp\/v2\/media?parent=19010"}],"wp:term":[{"taxonomy":"product_brand","embeddable":true,"href":"https:\/\/zbranebudai.sk\/hu\/wp-json\/wp\/v2\/product_brand?post=19010"},{"taxonomy":"product_cat","embeddable":true,"href":"https:\/\/zbranebudai.sk\/hu\/wp-json\/wp\/v2\/product_cat?post=19010"},{"taxonomy":"product_tag","embeddable":true,"href":"https:\/\/zbranebudai.sk\/hu\/wp-json\/wp\/v2\/product_tag?post=19010"}],"curies":[{"name":"wp","href":"https:\/\/api.w.org\/{rel}","templated":true}]}}