{"id":19009,"date":"2026-01-13T23:42:12","date_gmt":"2026-01-13T21:42:12","guid":{"rendered":"https:\/\/zbranebudai.sk\/?post_type=product&#038;p=19009"},"modified":"2026-01-14T14:51:17","modified_gmt":"2026-01-14T12:51:17","slug":"deerhunter-atlas-timber-ferfi-fel-dzseki","status":"publish","type":"product","link":"https:\/\/zbranebudai.sk\/hu\/product\/deerhunter-atlas-timber-panska-polovnicka-bunda\/","title":{"rendered":"Deerhunter Atlas Timber f\u00e9rfi vad\u00e1szing"},"content":{"rendered":"<p><strong>Deerhunter Atlas Timber f\u00e9rfi vad\u00e1szing<\/strong> egy st\u00edlusos \u00e9s funkcion\u00e1lis ruhadarab, amely ide\u00e1lis vad\u00e1szathoz, t\u00far\u00e1z\u00e1shoz vagy ak\u00e1r mindennapi viselethez. A kiv\u00e1l\u00f3 min\u0151s\u00e9g\u0171 kivitelez\u00e9s, a k\u00e9nyelmes illeszked\u00e9s \u00e9s a term\u00e9szetes megjelen\u00e9s t\u00f6k\u00e9letes kieg\u00e9sz\u00edt\u0151je b\u00e1rmely k\u00fclt\u00e9ri ruhat\u00e1rnak. A k\u00f6nny\u0171 \u00e9s l\u00e9g\u00e1tereszt\u0151 anyagnak k\u00f6sz\u00f6nhet\u0151en az ing eg\u00e9sz nap k\u00e9nyelmes viselet - ak\u00e1r vad\u00e1szik, ak\u00e1r az erd\u0151ben s\u00e9t\u00e1l, ak\u00e1r egy vad\u00e1szrendezv\u00e9nyen vesz r\u00e9szt. A klasszikus gall\u00e9r, a hossz\u00fa ujjak \u00e9s a rejtett cipz\u00e1rral ell\u00e1tott, gombos mellzsebek praktikus \u00e9s st\u00edlusos darabb\u00e1 teszik ezt az inget. \u00d6n\u00e1ll\u00f3an vagy h\u0171v\u00f6sebb napokon p\u00f3l\u00f3 f\u00f6l\u00f6tt is viselheti.<\/p>\n<h2>Term\u00e9kle\u00edr\u00e1s<\/h2>\n<ul>\n<li>Sz\u00edn: F\u0171r\u00e9sz\u00e1ru<\/li>\n<li>100 % pamut<\/li>\n<li>Aj\u00e1nlott mos\u00e1s: 40 \u00b0C, kiford\u00edtva mosni, ne haszn\u00e1ljon l\u00e1gy\u00edt\u00f3t, ne feh\u00e9r\u00edtse, ne sz\u00e1r\u00edtsa sz\u00e1r\u00edt\u00f3g\u00e9pben, legfeljebb 150 \u00b0C-on vasalja.<\/li>\n<li>\u00c1pol\u00e1s: mos\u00e1s hasonl\u00f3 sz\u00ednekkel, l\u00f3g\u00f3sz\u00e1r\u00edt\u00e1s, ne tiszt\u00edtsuk sz\u00e1razon.<\/li>\n<\/ul>\n<h2>Term\u00e9k param\u00e9terek<\/h2>\n<ul>\n<li>L\u00e9g\u00e1tereszt\u0151 \u00e9s k\u00f6nny\u0171 anyag<\/li>\n<li>K\u00e9nyelmes illeszked\u00e9s<\/li>\n<li>Sokoldal\u00fa haszn\u00e1lat<\/li>\n<li>Praktikus mellzsebek<\/li>\n<li>OEKO-TEX\u00ae tan\u00fas\u00edtv\u00e1ny<\/li>\n<\/ul>","protected":false},"excerpt":{"rendered":"<p>A Deerhunter Atlas Timber f\u00e9rfi vad\u00e1szing k\u00f6nny\u0171, l\u00e9g\u00e1tereszt\u0151, 100% pamut anyagb\u00f3l k\u00e9sz\u00fcl, k\u00e9nyelmes szab\u00e1ssal \u00e9s term\u00e9szetes megjelen\u00e9ssel, \u00edgy ide\u00e1lis vad\u00e1szathoz, term\u00e9szetj\u00e1r\u00e1shoz \u00e9s mindennapi viseletre is. Praktikus, gombos \u00e9s rejtett cipz\u00e1ras mellzsebei, valamint OEKO-TEX\u00ae tan\u00fas\u00edtv\u00e1nya tov\u00e1bb n\u00f6velik a funkcionalit\u00e1s\u00e1t \u00e9s a megb\u00edzhat\u00f3s\u00e1g\u00e1t.<\/p>","protected":false},"featured_media":18798,"template":"","meta":{"_gspb_post_css":""},"product_brand":[],"product_cat":[2323],"product_tag":[2343,2322],"class_list":{"0":"post-19009","1":"product","2":"type-product","3":"status-publish","4":"has-post-thumbnail","6":"product_cat-kosele-a-tricka","7":"product_tag-atlas-timber","8":"product_tag-deerhunter","10":"first","11":"instock","12":"taxable","13":"shipping-taxable","14":"purchasable","15":"product-type-variable","16":"has-default-attributes"},"ct_brands":[],"_links":{"self":[{"href":"https:\/\/zbranebudai.sk\/hu\/wp-json\/wp\/v2\/product\/19009","targetHints":{"allow":["GET"]}}],"collection":[{"href":"https:\/\/zbranebudai.sk\/hu\/wp-json\/wp\/v2\/product"}],"about":[{"href":"https:\/\/zbranebudai.sk\/hu\/wp-json\/wp\/v2\/types\/product"}],"wp:featuredmedia":[{"embeddable":true,"href":"https:\/\/zbranebudai.sk\/hu\/wp-json\/wp\/v2\/media\/18798"}],"wp:attachment":[{"href":"https:\/\/zbranebudai.sk\/hu\/wp-json\/wp\/v2\/media?parent=19009"}],"wp:term":[{"taxonomy":"product_brand","embeddable":true,"href":"https:\/\/zbranebudai.sk\/hu\/wp-json\/wp\/v2\/product_brand?post=19009"},{"taxonomy":"product_cat","embeddable":true,"href":"https:\/\/zbranebudai.sk\/hu\/wp-json\/wp\/v2\/product_cat?post=19009"},{"taxonomy":"product_tag","embeddable":true,"href":"https:\/\/zbranebudai.sk\/hu\/wp-json\/wp\/v2\/product_tag?post=19009"}],"curies":[{"name":"wp","href":"https:\/\/api.w.org\/{rel}","templated":true}]}}