{"id":19008,"date":"2026-01-13T23:42:12","date_gmt":"2026-01-13T21:42:12","guid":{"rendered":"https:\/\/zbranebudai.sk\/?post_type=product&#038;p=19008"},"modified":"2026-01-14T14:49:50","modified_gmt":"2026-01-14T12:49:50","slug":"deerhunter-chamois-erdozold-ferfi-hosszu-ujju-polo-polo","status":"publish","type":"product","link":"https:\/\/zbranebudai.sk\/hu\/product\/deerhunter-chamois-forest-green-panske-polo-tricko-s-dlhymi-rukavmi\/","title":{"rendered":"Deerhunter Chamois, Forest Green hossz\u00fa ujj\u00fa f\u00e9rfi p\u00f3lo"},"content":{"rendered":"<p><strong>Deerhunter Chamois, Forest Green hossz\u00fa ujj\u00fa f\u00e9rfi p\u00f3lo<\/strong> ide\u00e1lis v\u00e1laszt\u00e1s mindazok sz\u00e1m\u00e1ra, akik k\u00e9nyelmes, meleg \u00e9s praktikus ruh\u00e1zatot keresnek az \u00e1tmeneti vagy hidegebb napokra. Klasszikus szab\u00e1sa \u00e9s k\u00e9nyelmes anyaga garant\u00e1lja az eg\u00e9sz napos k\u00e9nyelmet, ak\u00e1r vad\u00e1szik, ak\u00e1r t\u00far\u00e1zik, ak\u00e1r a term\u00e9szetet fedezi fel, vagy csak alkalmi viseletk\u00e9nt viseli. Ennek a p\u00f3l\u00f3ingnek a legnagyobb el\u0151nye a n\u00e9gyir\u00e1ny\u00fa sztreccs, amely korl\u00e1toz\u00e1sok n\u00e9lk\u00fcli szabad mozg\u00e1st tesz lehet\u0151v\u00e9. A SILVADUR\u2122 szagtalan\u00edt\u00f3 technol\u00f3gia egy intelligens antimikrobi\u00e1lis megold\u00e1s, amely megakad\u00e1lyozza a szagok kialakul\u00e1s\u00e1t, \u00e9s mos\u00e1s ut\u00e1n is hosszabb ideig frissen \u00e9s illatosan tartja az anyagot. A magas gall\u00e9r r\u00f6vid cipz\u00e1rral seg\u00edt szab\u00e1lyozni a testh\u0151m\u00e9rs\u00e9kletet, mik\u00f6zben v\u00e9di a nyakat a hidegt\u0151l. Letisztult, de funkcion\u00e1lis kialak\u00edt\u00e1s\u00e1nak k\u00f6sz\u00f6nhet\u0151en hidegebb id\u0151ben kiv\u00e1l\u00f3 alapr\u00e9tegk\u00e9nt haszn\u00e1lhat\u00f3 kab\u00e1t vagy mell\u00e9ny alatt.<\/p>\n<h2>Term\u00e9kle\u00edr\u00e1s<\/h2>\n<ul>\n<li>Sz\u00edn: Erdei z\u00f6ld<\/li>\n<li>100 % poli\u00e9szter<\/li>\n<li>Aj\u00e1nlott mos\u00e1s: 40 \u00b0C, kiford\u00edtva mosni, ne haszn\u00e1ljon l\u00e1gy\u00edt\u00f3t, ne feh\u00e9r\u00edtse, ne sz\u00e1r\u00edtsa sz\u00e1r\u00edt\u00f3g\u00e9pben, legfeljebb 110 \u00b0C-on vasalja.<\/li>\n<li>\u00c1pol\u00e1s: mos\u00e1s hasonl\u00f3 sz\u00ednekkel, l\u00f3g\u00f3sz\u00e1r\u00edt\u00e1s, ne tiszt\u00edtsuk sz\u00e1razon.<\/li>\n<\/ul>\n<h2>Term\u00e9k param\u00e9terek<\/h2>\n<ul>\n<li>Alkalmazkod\u00f3 \u00e9s k\u00e9nyelmes illeszked\u00e9s<\/li>\n<li>L\u00e9g\u00e1tereszt\u0151 sz\u00f6vet<\/li>\n<li>SILVADUR\u2122 technol\u00f3gia<\/li>\n<li>OEKO-TEX\u00ae tan\u00fas\u00edtv\u00e1ny<\/li>\n<\/ul>","protected":false},"excerpt":{"rendered":"<p>A Deerhunter Chamois hossz\u00fa ujj\u00fa f\u00e9rfi p\u00f3l\u00f3 Forest Green sz\u00ednben l\u00e9legz\u0151, n\u00e9gyir\u00e1ny\u00fa stretch anyagb\u00f3l k\u00e9sz\u00fcl, amely szabad mozg\u00e1st \u00e9s k\u00e9nyelmes, meleg viseletet biztos\u00edt h\u0171v\u00f6sebb napokon is. SILVADUR\u2122 szagellenes technol\u00f3gi\u00e1ja \u00e9s OEKO-TEX\u00ae tan\u00fas\u00edtv\u00e1nya miatt ide\u00e1lis als\u00f3 r\u00e9teg vad\u00e1szathoz, t\u00far\u00e1z\u00e1shoz \u00e9s mindennapi haszn\u00e1latra.<\/p>","protected":false},"featured_media":18796,"template":"","meta":{"_gspb_post_css":""},"product_brand":[],"product_cat":[2323],"product_tag":[2344,2322],"class_list":{"0":"post-19008","1":"product","2":"type-product","3":"status-publish","4":"has-post-thumbnail","6":"product_cat-kosele-a-tricka","7":"product_tag-chamois-forest-green","8":"product_tag-deerhunter","10":"first","11":"instock","12":"taxable","13":"shipping-taxable","14":"purchasable","15":"product-type-variable","16":"has-default-attributes"},"ct_brands":[],"_links":{"self":[{"href":"https:\/\/zbranebudai.sk\/hu\/wp-json\/wp\/v2\/product\/19008","targetHints":{"allow":["GET"]}}],"collection":[{"href":"https:\/\/zbranebudai.sk\/hu\/wp-json\/wp\/v2\/product"}],"about":[{"href":"https:\/\/zbranebudai.sk\/hu\/wp-json\/wp\/v2\/types\/product"}],"wp:featuredmedia":[{"embeddable":true,"href":"https:\/\/zbranebudai.sk\/hu\/wp-json\/wp\/v2\/media\/18796"}],"wp:attachment":[{"href":"https:\/\/zbranebudai.sk\/hu\/wp-json\/wp\/v2\/media?parent=19008"}],"wp:term":[{"taxonomy":"product_brand","embeddable":true,"href":"https:\/\/zbranebudai.sk\/hu\/wp-json\/wp\/v2\/product_brand?post=19008"},{"taxonomy":"product_cat","embeddable":true,"href":"https:\/\/zbranebudai.sk\/hu\/wp-json\/wp\/v2\/product_cat?post=19008"},{"taxonomy":"product_tag","embeddable":true,"href":"https:\/\/zbranebudai.sk\/hu\/wp-json\/wp\/v2\/product_tag?post=19008"}],"curies":[{"name":"wp","href":"https:\/\/api.w.org\/{rel}","templated":true}]}}